{"id":925,"date":"2019-04-26T18:16:58","date_gmt":"2019-04-26T18:16:58","guid":{"rendered":"https:\/\/jb-electronics.al\/?post_type=product&#038;p=925"},"modified":"2022-08-12T09:58:43","modified_gmt":"2022-08-12T09:58:43","slug":"pjanure-inkaso-whirlpool-akt-8601-ix","status":"publish","type":"product","link":"https:\/\/jb-electronics.al\/index.php\/product\/pjanure-inkaso-whirlpool-akt-8601-ix\/","title":{"rendered":"Pjanur\u00eb WHIRLPOOL AKT8601IX"},"content":{"rendered":"","protected":false},"excerpt":{"rendered":"<p><strong>Specifika teknike<\/strong><\/p>\n<table>\n<tbody>\n<tr>\n<td width=\"225\">Lloji:<\/td>\n<td width=\"413\">Elektrike-radiating<\/td>\n<\/tr>\n<tr>\n<td width=\"225\">Kategoria e nxeht\u00ebsis\u00eb:<\/td>\n<td width=\"413\">E\u00a0 ve\u00e7ant\u00eb<\/td>\n<\/tr>\n<tr>\n<td width=\"225\">Gjer\u00ebsia e pllak\u00ebs<\/td>\n<td width=\"413\">Deri n\u00eb 60 cm<\/td>\n<\/tr>\n<tr>\n<td width=\"225\">Sip\u00ebrfaqja:<\/td>\n<td width=\"413\">Qelqi qeramike<\/td>\n<\/tr>\n<tr>\n<td width=\"225\">Ngjyra:<\/td>\n<td width=\"413\">E zez\u00eb<\/td>\n<\/tr>\n<tr>\n<td width=\"225\">Veprimi:<\/td>\n<td width=\"413\">Ekzekuti \u00e7eliku inox n\u00eb t\u00eb gjitha an\u00ebt<\/td>\n<\/tr>\n<tr>\n<td width=\"225\">Kontroll:<\/td>\n<td width=\"413\">Prekje<\/td>\n<\/tr>\n<tr>\n<td width=\"225\">Numri i zonave t\u00eb gatimit<\/td>\n<td width=\"413\">4<\/td>\n<\/tr>\n<tr>\n<td width=\"225\">Vendndodhja e panelit t\u00eb kontrollit:<\/td>\n<td width=\"413\">P\u00ebrpara<\/td>\n<\/tr>\n<tr>\n<td width=\"225\">Zona e dyfisht\u00eb:<\/td>\n<td width=\"413\">Po \/ rrethore<\/td>\n<\/tr>\n<tr>\n<td width=\"225\">Numri i niveleve t\u00eb fuqis\u00eb<\/td>\n<td width=\"413\">9<\/td>\n<\/tr>\n<tr>\n<td width=\"225\">Funksioni:<\/td>\n<td width=\"413\">Hob<\/td>\n<\/tr>\n<tr>\n<td width=\"225\">Temperatura e ul\u00ebt:<\/td>\n<td width=\"413\">Po<\/td>\n<\/tr>\n<tr>\n<td width=\"225\">Koh\u00ebmat\u00ebs:<\/td>\n<td width=\"413\">Po<\/td>\n<\/tr>\n<tr>\n<td width=\"225\">Treguesi i nxeht\u00ebsis\u00eb s\u00eb mbetur<\/td>\n<td width=\"413\">Po<\/td>\n<\/tr>\n<tr>\n<td width=\"225\">Bllokim per femijet:<\/td>\n<td width=\"413\">Po<\/td>\n<\/tr>\n<tr>\n<td width=\"225\">Shfaqja e pllak\u00ebs s\u00eb majt\u00eb p\u00ebrpara :<\/td>\n<td width=\"413\">1200 \/ &#8211; W<\/td>\n<\/tr>\n<tr>\n<td width=\"225\">Performanca e majt\u00eb e majt\u00eb e pasme:<\/td>\n<td width=\"413\">750\/2100 \/ &#8211; W<\/td>\n<\/tr>\n<tr>\n<td width=\"225\">Performanca e prapme e pjat\u00ebs s\u00eb pasme:<\/td>\n<td width=\"413\">\u00a0\u00a0\u00a0\u00a0\u00a0\u00a0 1200 \/ &#8211; W<\/td>\n<\/tr>\n<tr>\n<td width=\"225\">Performanca e Frontit t\u00eb Djatht\u00eb:<\/td>\n<td width=\"413\">1700 \/ &#8211; W<\/td>\n<\/tr>\n<tr>\n<td width=\"225\">Hyrja maksimale e energjis\u00eb el. Hobs:<\/td>\n<td width=\"413\">6200 W<\/td>\n<\/tr>\n<tr>\n<td width=\"225\">Tension:<\/td>\n<td width=\"413\">230 V<\/td>\n<\/tr>\n<tr>\n<td width=\"225\">Frekuenc\u00eb:<\/td>\n<td width=\"413\">50 Hz<\/td>\n<\/tr>\n<tr>\n<td width=\"225\">Dimensionet (HxWxD):<\/td>\n<td width=\"413\">46x590x510 mm<\/td>\n<\/tr>\n<\/tbody>\n<\/table>\n<p>&nbsp;<\/p>\n","protected":false},"featured_media":3076,"template":"","meta":[],"product_brand":[],"product_cat":[176,180,69,38,40],"product_tag":[],"class_list":{"0":"post-925","1":"product","2":"type-product","3":"status-publish","4":"has-post-thumbnail","6":"product_cat-elektrike-3","7":"product_cat-elektrike-4","8":"product_cat-gatim","9":"product_cat-inkaso","10":"product_cat-pjanure","11":"description-off","13":"first","14":"instock","15":"shipping-taxable","16":"product-type-simple"},"_links":{"self":[{"href":"https:\/\/jb-electronics.al\/index.php\/wp-json\/wp\/v2\/product\/925","targetHints":{"allow":["GET"]}}],"collection":[{"href":"https:\/\/jb-electronics.al\/index.php\/wp-json\/wp\/v2\/product"}],"about":[{"href":"https:\/\/jb-electronics.al\/index.php\/wp-json\/wp\/v2\/types\/product"}],"wp:featuredmedia":[{"embeddable":true,"href":"https:\/\/jb-electronics.al\/index.php\/wp-json\/wp\/v2\/media\/3076"}],"wp:attachment":[{"href":"https:\/\/jb-electronics.al\/index.php\/wp-json\/wp\/v2\/media?parent=925"}],"wp:term":[{"taxonomy":"product_brand","embeddable":true,"href":"https:\/\/jb-electronics.al\/index.php\/wp-json\/wp\/v2\/product_brand?post=925"},{"taxonomy":"product_cat","embeddable":true,"href":"https:\/\/jb-electronics.al\/index.php\/wp-json\/wp\/v2\/product_cat?post=925"},{"taxonomy":"product_tag","embeddable":true,"href":"https:\/\/jb-electronics.al\/index.php\/wp-json\/wp\/v2\/product_tag?post=925"}],"curies":[{"name":"wp","href":"https:\/\/api.w.org\/{rel}","templated":true}]}}