{"id":636,"date":"2019-02-26T21:34:36","date_gmt":"2019-02-26T21:34:36","guid":{"rendered":"https:\/\/jb-electronics.al\/?post_type=product&#038;p=636"},"modified":"2022-09-02T07:56:27","modified_gmt":"2022-09-02T07:56:27","slug":"frigorifer-lebherrcbnpgb4855-jo-inkaso","status":"publish","type":"product","link":"https:\/\/jb-electronics.al\/index.php\/product\/frigorifer-lebherrcbnpgb4855-jo-inkaso\/","title":{"rendered":"Frigorifer LEBHER CBNPGB4855"},"content":{"rendered":"","protected":false},"excerpt":{"rendered":"<p><strong>\u00a0 \u00a0 \u00a0 \u00a0 \u00a0 \u00a0 \u00a0 \u00a0 \u00a0Specifika teknike<\/strong><\/p>\n<table>\n<tbody>\n<tr>\n<td width=\"249\"><strong>Klasa e efikasitetit t\u00eb energjis\u00eb<\/strong><\/td>\n<td width=\"230\">A +++<\/td>\n<\/tr>\n<tr>\n<td width=\"249\"><strong>Ngjyra<\/strong><\/td>\n<td width=\"230\">Xham i zi me luster<\/td>\n<\/tr>\n<tr>\n<td width=\"249\"><strong>Konsumi i energjis\u00eb 24 or\u00eb<\/strong><\/td>\n<td width=\"230\">0.408 kWh \/ 24 h<\/td>\n<\/tr>\n<tr>\n<td width=\"249\"><strong>Konsumi i energjis\u00eb n\u00eb vit<\/strong><\/td>\n<td width=\"230\">149 kWh \/ vit<\/td>\n<\/tr>\n<tr>\n<td width=\"249\"><strong>Lloji I motorrit<\/strong><\/td>\n<td width=\"230\">Inverter<\/td>\n<\/tr>\n<tr>\n<td width=\"249\"><strong>Niveli i zhurm\u00ebs<\/strong><\/td>\n<td width=\"230\">37 dB<\/td>\n<\/tr>\n<tr>\n<td width=\"249\"><strong>Kapaciteti total<\/strong><\/td>\n<td width=\"230\">344 l<\/td>\n<\/tr>\n<tr>\n<td width=\"249\"><strong>Kapaciteti ne pjesen freskuese<\/strong><\/td>\n<td width=\"230\">243 l<\/td>\n<\/tr>\n<tr>\n<td width=\"249\"><strong>Kapacitet ne pjesen ngrirese<\/strong><\/td>\n<td width=\"230\">101 l<\/td>\n<\/tr>\n<tr>\n<td width=\"249\"><strong>Madh\u00ebsit\u00eb e jashtme (V \/ Sh \/ G)<\/strong><\/td>\n<td width=\"230\">201 \/ 60.0 \/ 68.5 cm<\/td>\n<\/tr>\n<tr>\n<td width=\"249\"><strong>Funksionet komanduese<\/strong><\/td>\n<td width=\"230\">2.4 in\u00e7 me prekje TFT, te brendshem<\/td>\n<\/tr>\n<tr>\n<td width=\"249\"><strong>Alarm per error<\/strong><\/td>\n<td width=\"230\">Optike dhe akustike<\/td>\n<\/tr>\n<tr>\n<td width=\"249\"><strong>FrostControl<\/strong><\/td>\n<td width=\"230\">PO<\/td>\n<\/tr>\n<tr>\n<td width=\"249\"><strong>Mbrojtja e F\u00ebmij\u00ebve<\/strong><\/td>\n<td width=\"230\">PO<\/td>\n<\/tr>\n<tr>\n<td width=\"249\"><strong>Funksioni Automatik SuperSool<\/strong><\/td>\n<td width=\"230\">PO<\/td>\n<\/tr>\n<tr>\n<td width=\"249\"><strong>Funksioni Automatik i SuperFrost<\/strong><\/td>\n<td width=\"230\">shky\u00e7ja automatike pas 65 or\u00ebsh<\/td>\n<\/tr>\n<tr>\n<td width=\"249\"><strong>HolidayMode<\/strong><\/td>\n<td width=\"230\">PO<\/td>\n<\/tr>\n<tr>\n<td width=\"249\"><strong>Mbyllja e deres<\/strong><\/td>\n<td width=\"230\">SoftSystem doreze me thtihje<\/td>\n<\/tr>\n<tr>\n<td width=\"249\"><strong>SmartDevice<\/strong><\/td>\n<td width=\"230\">PO<\/td>\n<\/tr>\n<tr>\n<td width=\"249\"><strong>SmartDeviceBox<\/strong><\/td>\n<td width=\"230\">Mund\u00ebsia e instalimit shtes\u00eb<\/td>\n<\/tr>\n<tr>\n<td width=\"249\"><strong>Metoda e shkrirjes<\/strong><\/td>\n<td width=\"230\">Automatik<\/td>\n<\/tr>\n<tr>\n<td width=\"249\"><strong>Ftohja e qarkullimit<\/strong><\/td>\n<td width=\"230\">PO<\/td>\n<\/tr>\n<tr>\n<td width=\"249\"><strong>Ndri\u00e7im<\/strong><\/td>\n<td width=\"230\">LED<\/td>\n<\/tr>\n<tr>\n<td width=\"249\"><strong>Numri i rafteve n\u00eb frigorifer<\/strong><\/td>\n<td width=\"230\">4<\/td>\n<\/tr>\n<tr>\n<td width=\"249\"><strong>prej t\u00eb cilave melart\u00ebsi t\u00eb rregullueshme<\/strong><\/td>\n<td width=\"230\">3<\/td>\n<\/tr>\n<tr>\n<td width=\"249\"><strong>prej tyre t\u00eb palosshme<\/strong><\/td>\n<td width=\"230\">1<\/td>\n<\/tr>\n<tr>\n<td width=\"249\"><strong>Materiali i rafteve n\u00eb dhom\u00ebn frigoriferike<\/strong><\/td>\n<td width=\"230\">Xhami e temperuar\u00a0\u00a0\u00a0\u00a0\u00a0\u00a0\u00a0\u00a0\u00a0\u00a0\u00a0 &#8211;<\/td>\n<\/tr>\n<tr>\n<td width=\"249\"><strong>Kontenier\u00eb VarioBox<\/strong><\/td>\n<td width=\"230\">2<\/td>\n<\/tr>\n<tr>\n<td width=\"249\"><strong>Tabaka vez\u00eb<\/strong><\/td>\n<td width=\"230\">PO<\/td>\n<\/tr>\n<tr>\n<td width=\"249\"><strong>Numri i kontenier\u00ebve t\u00eb seksionit BioFresh<\/strong><\/td>\n<td width=\"230\">2<\/td>\n<\/tr>\n<tr>\n<td width=\"249\"><strong>NoFrost<\/strong><\/td>\n<td width=\"230\">PO<\/td>\n<\/tr>\n<tr>\n<td width=\"249\"><strong>Simboli i ngrir\u00ebsit (numri i yjeve)<\/strong><\/td>\n<td width=\"230\">4<\/td>\n<\/tr>\n<tr>\n<td width=\"249\"><strong>Kosha e t\u00ebrheqshem n\u00eb ngrirje<\/strong><\/td>\n<td width=\"230\">3<\/td>\n<\/tr>\n<tr>\n<td width=\"249\"><strong>Sistemi VarioSpace<\/strong><\/td>\n<td width=\"230\">PO<\/td>\n<\/tr>\n<tr>\n<td width=\"249\"><strong>Sistemi FrostSafe<\/strong><\/td>\n<td width=\"230\">Me front transparent<\/td>\n<\/tr>\n<tr>\n<td width=\"249\"><strong>Dizajn i dyerve<\/strong><\/td>\n<td width=\"230\">GlassEdition<\/td>\n<\/tr>\n<\/tbody>\n<\/table>\n<p>&nbsp;<\/p>\n","protected":false},"featured_media":2485,"template":"","meta":[],"product_brand":[],"product_cat":[60,61],"product_tag":[],"class_list":{"0":"post-636","1":"product","2":"type-product","3":"status-publish","4":"has-post-thumbnail","6":"product_cat-frigorifere","7":"product_cat-qendrim-i-lire","8":"description-off","10":"first","11":"instock","12":"shipping-taxable","13":"product-type-simple"},"_links":{"self":[{"href":"https:\/\/jb-electronics.al\/index.php\/wp-json\/wp\/v2\/product\/636","targetHints":{"allow":["GET"]}}],"collection":[{"href":"https:\/\/jb-electronics.al\/index.php\/wp-json\/wp\/v2\/product"}],"about":[{"href":"https:\/\/jb-electronics.al\/index.php\/wp-json\/wp\/v2\/types\/product"}],"wp:featuredmedia":[{"embeddable":true,"href":"https:\/\/jb-electronics.al\/index.php\/wp-json\/wp\/v2\/media\/2485"}],"wp:attachment":[{"href":"https:\/\/jb-electronics.al\/index.php\/wp-json\/wp\/v2\/media?parent=636"}],"wp:term":[{"taxonomy":"product_brand","embeddable":true,"href":"https:\/\/jb-electronics.al\/index.php\/wp-json\/wp\/v2\/product_brand?post=636"},{"taxonomy":"product_cat","embeddable":true,"href":"https:\/\/jb-electronics.al\/index.php\/wp-json\/wp\/v2\/product_cat?post=636"},{"taxonomy":"product_tag","embeddable":true,"href":"https:\/\/jb-electronics.al\/index.php\/wp-json\/wp\/v2\/product_tag?post=636"}],"curies":[{"name":"wp","href":"https:\/\/api.w.org\/{rel}","templated":true}]}}