{"id":440,"date":"2019-02-18T20:10:20","date_gmt":"2019-02-18T20:10:20","guid":{"rendered":"https:\/\/jb-electronics.al\/?post_type=product&#038;p=440"},"modified":"2022-10-04T10:41:04","modified_gmt":"2022-10-04T10:41:04","slug":"lavatrice-lg-fh6g1bch2n","status":"publish","type":"product","link":"https:\/\/jb-electronics.al\/index.php\/product\/lavatrice-lg-fh6g1bch2n\/","title":{"rendered":"Lar\u00ebse &#038; Thar\u00ebse LG FH6G1BCH2N"},"content":{"rendered":"","protected":false},"excerpt":{"rendered":"<p><strong>Specifika teknike<\/strong><\/p>\n<p>Marka: LG<\/p>\n<table>\n<tbody>\n<tr>\n<td width=\"267\">Ngjyra :<\/td>\n<td width=\"176\">Bardh\u00eb<\/td>\n<\/tr>\n<tr>\n<td width=\"267\">Ngjyra e deres:<\/p>\n<p>&nbsp;<\/td>\n<td width=\"176\">Metalike + qelqi me<\/p>\n<p>ngjyr\u00eb t\u00eb zez\u00eb<\/td>\n<\/tr>\n<tr>\n<td width=\"267\">Ngjyra e sfondit<\/td>\n<td width=\"176\">2Tone Black<\/td>\n<\/tr>\n<tr>\n<td width=\"267\">Kapaciteti maksimal i larjes (kg):<\/td>\n<td width=\"176\">12<\/td>\n<\/tr>\n<tr>\n<td width=\"267\">Kapaciteti maksimal i tharjes (kg):<\/td>\n<td width=\"176\">8<\/td>\n<\/tr>\n<tr>\n<td width=\"267\">Sasia e drumit (litra):<\/td>\n<td width=\"176\">77<\/td>\n<\/tr>\n<tr>\n<td width=\"267\">Sistem inteligjent larjesh:<\/td>\n<td width=\"176\">Po<\/td>\n<\/tr>\n<tr>\n<td width=\"267\">Auto Balance:<\/td>\n<td width=\"176\">Po<\/td>\n<\/tr>\n<tr>\n<td width=\"267\">Ndjesi dhe heqje e shkumes:<\/td>\n<td width=\"176\">Po<\/td>\n<\/tr>\n<tr>\n<td width=\"267\">Ushqimi i ujit (Hot \/ Cold):<\/td>\n<td width=\"176\">Alternativ\u00eb<\/td>\n<\/tr>\n<tr>\n<td width=\"267\">Restart automatik:<\/td>\n<td width=\"176\">Po<\/td>\n<\/tr>\n<tr>\n<td width=\"267\">Standby Power Zero:<\/td>\n<td width=\"176\">Po<\/td>\n<\/tr>\n<tr>\n<td width=\"267\">Spray Sistem i shp\u00eblarjes:<\/td>\n<td width=\"176\">Po<\/td>\n<\/tr>\n<tr>\n<td width=\"267\">Sistemi i atomizimit:<\/td>\n<td width=\"176\">Po<\/td>\n<\/tr>\n<tr>\n<td width=\"267\">Lloji i motorrit:<\/p>\n<p>&nbsp;<\/td>\n<td width=\"176\">Inverter Direct<\/p>\n<p>Drive<\/td>\n<\/tr>\n<tr>\n<td width=\"267\">Sistem diagnotizimi smart:<\/td>\n<td width=\"176\">Po<\/td>\n<\/tr>\n<tr>\n<td width=\"267\">Permasat:<\/td>\n<td width=\"176\">60 standarte<\/td>\n<\/tr>\n<tr>\n<td width=\"267\">Aqua-Lock:<\/td>\n<td width=\"176\">Po<\/td>\n<\/tr>\n<\/tbody>\n<\/table>\n<table>\n<tbody>\n<tr>\n<td width=\"285\">Sensor vibrimi:<\/td>\n<td width=\"158\">Po<\/td>\n<\/tr>\n<tr>\n<td width=\"285\">Wi-Fi:<\/td>\n<td width=\"158\">Po<\/td>\n<\/tr>\n<tr>\n<td width=\"285\">Performance Konsumi i ujit (lit\u00ebr):<\/p>\n<p>&nbsp;<\/td>\n<td width=\"158\">Larje: 69 lt,<\/p>\n<p>Tharje: 61 lt<\/td>\n<\/tr>\n<tr>\n<td width=\"285\">Konsumi i Energjis\u00eb (kWh):<\/p>\n<p>&nbsp;<\/td>\n<td width=\"158\">0.663 kWh \/ kg<\/p>\n<p>(e ftoht\u00eb)<\/td>\n<\/tr>\n<tr>\n<td width=\"285\">Klasa e Energjis\u00eb (shkall\u00eb A +++ n\u00eb D):<\/td>\n<td width=\"158\">A<\/td>\n<\/tr>\n<tr>\n<td width=\"285\">Performanca e larjes A:<\/td>\n<td width=\"158\">Spin Drying Class A<\/td>\n<\/tr>\n<tr>\n<td width=\"285\">Performanca e tharjes s\u00eb spin\u00ebs (RMC):<\/td>\n<td width=\"158\">44%<\/td>\n<\/tr>\n<tr>\n<td width=\"285\">Shpejt\u00ebsia maksimale e centrifugimit (RPM):<\/td>\n<td width=\"158\">&nbsp;<\/p>\n<p>1400<\/td>\n<\/tr>\n<\/tbody>\n<\/table>\n","protected":false},"featured_media":2889,"template":"","meta":[],"product_brand":[],"product_cat":[76,77,130],"product_tag":[],"class_list":{"0":"post-440","1":"product","2":"type-product","3":"status-publish","4":"has-post-thumbnail","6":"product_cat-larja","7":"product_cat-larje-tharje","8":"product_cat-lavatrice-2","9":"description-off","11":"first","12":"instock","13":"shipping-taxable","14":"product-type-simple"},"_links":{"self":[{"href":"https:\/\/jb-electronics.al\/index.php\/wp-json\/wp\/v2\/product\/440","targetHints":{"allow":["GET"]}}],"collection":[{"href":"https:\/\/jb-electronics.al\/index.php\/wp-json\/wp\/v2\/product"}],"about":[{"href":"https:\/\/jb-electronics.al\/index.php\/wp-json\/wp\/v2\/types\/product"}],"wp:featuredmedia":[{"embeddable":true,"href":"https:\/\/jb-electronics.al\/index.php\/wp-json\/wp\/v2\/media\/2889"}],"wp:attachment":[{"href":"https:\/\/jb-electronics.al\/index.php\/wp-json\/wp\/v2\/media?parent=440"}],"wp:term":[{"taxonomy":"product_brand","embeddable":true,"href":"https:\/\/jb-electronics.al\/index.php\/wp-json\/wp\/v2\/product_brand?post=440"},{"taxonomy":"product_cat","embeddable":true,"href":"https:\/\/jb-electronics.al\/index.php\/wp-json\/wp\/v2\/product_cat?post=440"},{"taxonomy":"product_tag","embeddable":true,"href":"https:\/\/jb-electronics.al\/index.php\/wp-json\/wp\/v2\/product_tag?post=440"}],"curies":[{"name":"wp","href":"https:\/\/api.w.org\/{rel}","templated":true}]}}