{"id":4175,"date":"2022-10-04T11:01:43","date_gmt":"2022-10-04T11:01:43","guid":{"rendered":"https:\/\/jb-electronics.al\/?post_type=product&#038;p=4175"},"modified":"2022-10-04T11:01:45","modified_gmt":"2022-10-04T11:01:45","slug":"kondicioner-arielli-arsin-18r32","status":"publish","type":"product","link":"https:\/\/jb-electronics.al\/index.php\/product\/kondicioner-arielli-arsin-18r32\/","title":{"rendered":"Kondicioner Arielli ARSIN-18R32"},"content":{"rendered":"","protected":false},"excerpt":{"rendered":"<p><strong>Specifika teknike<\/strong><\/p>\n<p>Marka: Arielli<\/p>\n<p>Modeli: ARSIN-18R32<\/p>\n<p>Fuqia: 12000 BTU<\/p>\n<p id=\"tw-target-text\" class=\"tw-data-text tw-text-large tw-ta\" dir=\"ltr\" data-placeholder=\"Translation\"><span class=\"Y2IQFc\" lang=\"sq\">Pesha e nj\u00ebsis\u00eb s\u00eb brendshme: 10 kg <\/span><\/p>\n<p class=\"tw-data-text tw-text-large tw-ta\" dir=\"ltr\" data-placeholder=\"Translation\"><span class=\"Y2IQFc\" lang=\"sq\">Pesha e nj\u00ebsis\u00eb s\u00eb jashtme: 34 kg <\/span><\/p>\n<p class=\"tw-data-text tw-text-large tw-ta\" dir=\"ltr\" data-placeholder=\"Translation\"><span class=\"Y2IQFc\" lang=\"sq\">Temperatura e lejuar e jashtme (ngrohje) -15 +32 \u00b0C <\/span><\/p>\n<p class=\"tw-data-text tw-text-large tw-ta\" dir=\"ltr\" data-placeholder=\"Translation\"><span class=\"Y2IQFc\" lang=\"sq\">Temperatura e lejuar e jashtme (ftohje) -15 &#8211; +50 \u00b0\u0421 <\/span><\/p>\n<p class=\"tw-data-text tw-text-large tw-ta\" dir=\"ltr\" data-placeholder=\"Translation\"><span class=\"Y2IQFc\" lang=\"sq\">Niveli i zhurm\u00ebs brenda blloku: 44 dB <\/span><\/p>\n<p class=\"tw-data-text tw-text-large tw-ta\" dir=\"ltr\" data-placeholder=\"Translation\"><span class=\"Y2IQFc\" lang=\"sq\">Sip\u00ebrfaqja maksimale e sh\u00ebrbimit 40 m\u00b2 Min. <\/span><\/p>\n<p class=\"tw-data-text tw-text-large tw-ta\" dir=\"ltr\" data-placeholder=\"Translation\"><span class=\"Y2IQFc\" lang=\"sq\">Niveli i zhurm\u00ebs brenda blloku: 25 dB <\/span><\/p>\n<p class=\"tw-data-text tw-text-large tw-ta\" dir=\"ltr\" data-placeholder=\"Translation\"><span class=\"Y2IQFc\" lang=\"sq\">Fuqia e ngrohjes 6740 W F<\/span><\/p>\n<p class=\"tw-data-text tw-text-large tw-ta\" dir=\"ltr\" data-placeholder=\"Translation\"><span class=\"Y2IQFc\" lang=\"sq\">uqia ftoh\u00ebse 6130 W <\/span><\/p>\n<p class=\"tw-data-text tw-text-large tw-ta\" dir=\"ltr\" data-placeholder=\"Translation\"><span class=\"Y2IQFc\" lang=\"sq\">Kapaciteti ftoh\u00ebs 12000 BTU <\/span><\/p>\n<p class=\"tw-data-text tw-text-large tw-ta\" dir=\"ltr\" data-placeholder=\"Translation\"><span class=\"Y2IQFc\" lang=\"sq\">Konsumi i energjis\u00eb, ngrohje 2410 W <\/span><\/p>\n<p class=\"tw-data-text tw-text-large tw-ta\" dir=\"ltr\" data-placeholder=\"Translation\"><span class=\"Y2IQFc\" lang=\"sq\">Konsumi i energjis\u00eb, ftohja 2360 W <\/span><\/p>\n<p class=\"tw-data-text tw-text-large tw-ta\" dir=\"ltr\" data-placeholder=\"Translation\"><span class=\"Y2IQFc\" lang=\"sq\">M\u00ebnyrat e funksionimit ftohje\/ngrohje <\/span><\/p>\n<p class=\"tw-data-text tw-text-large tw-ta\" dir=\"ltr\" data-placeholder=\"Translation\"><span class=\"Y2IQFc\" lang=\"sq\">Lloji i sistemit t\u00eb ndar\u00eb <\/span><\/p>\n<p class=\"tw-data-text tw-text-large tw-ta\" dir=\"ltr\" data-placeholder=\"Translation\"><span class=\"Y2IQFc\" lang=\"sq\">Niveli i zhurm\u00ebs ext. blloku: 55 dB <\/span><\/p>\n<p class=\"tw-data-text tw-text-large tw-ta\" dir=\"ltr\" data-placeholder=\"Translation\"><span class=\"Y2IQFc\" lang=\"sq\">Ftoh\u00ebs R32<\/span><\/p>\n<p>Motorri: Inverter<\/p>\n<p>P\u00ebrmasat Nj\u00ebsia e brendshme: <span class=\"Y2IQFc\" lang=\"sq\"> 302x213x957 mm<\/span><\/p>\n<p>P\u00ebrmasat Nj\u00ebsia e jashtme: <span class=\"Y2IQFc\" lang=\"sq\">554x80x333 mm<\/span><\/p>\n<p>&nbsp;<\/p>\n","protected":false},"featured_media":4176,"template":"","meta":[],"product_brand":[],"product_cat":[196,192,139,29,80,143],"product_tag":[],"class_list":{"0":"post-4175","1":"product","2":"type-product","3":"status-publish","4":"has-post-thumbnail","6":"product_cat-12-2","7":"product_cat-192","8":"product_cat-kondicioner","9":"product_cat-kondicionere-murale","10":"product_cat-kondicioner-mural","11":"product_cat-mural","12":"description-off","14":"first","15":"instock","16":"shipping-taxable","17":"product-type-simple"},"_links":{"self":[{"href":"https:\/\/jb-electronics.al\/index.php\/wp-json\/wp\/v2\/product\/4175","targetHints":{"allow":["GET"]}}],"collection":[{"href":"https:\/\/jb-electronics.al\/index.php\/wp-json\/wp\/v2\/product"}],"about":[{"href":"https:\/\/jb-electronics.al\/index.php\/wp-json\/wp\/v2\/types\/product"}],"wp:featuredmedia":[{"embeddable":true,"href":"https:\/\/jb-electronics.al\/index.php\/wp-json\/wp\/v2\/media\/4176"}],"wp:attachment":[{"href":"https:\/\/jb-electronics.al\/index.php\/wp-json\/wp\/v2\/media?parent=4175"}],"wp:term":[{"taxonomy":"product_brand","embeddable":true,"href":"https:\/\/jb-electronics.al\/index.php\/wp-json\/wp\/v2\/product_brand?post=4175"},{"taxonomy":"product_cat","embeddable":true,"href":"https:\/\/jb-electronics.al\/index.php\/wp-json\/wp\/v2\/product_cat?post=4175"},{"taxonomy":"product_tag","embeddable":true,"href":"https:\/\/jb-electronics.al\/index.php\/wp-json\/wp\/v2\/product_tag?post=4175"}],"curies":[{"name":"wp","href":"https:\/\/api.w.org\/{rel}","templated":true}]}}