{"id":4153,"date":"2022-10-03T07:27:19","date_gmt":"2022-10-03T07:27:19","guid":{"rendered":"https:\/\/jb-electronics.al\/?post_type=product&#038;p=4153"},"modified":"2022-10-03T07:27:21","modified_gmt":"2022-10-03T07:27:21","slug":"mbajtese-tv-acme-mtsf11-17-43","status":"publish","type":"product","link":"https:\/\/jb-electronics.al\/index.php\/product\/mbajtese-tv-acme-mtsf11-17-43\/","title":{"rendered":"Mbajt\u00ebse TV Acme MTSF11 17-43&#8243;"},"content":{"rendered":"","protected":false},"excerpt":{"rendered":"<p><strong>Specifika teknike<\/strong><\/p>\n<ul>\n<li>Acme MTSF11 mundeson pozicionimin e TV tuaj n\u00eb m\u00ebnyr\u00eb t\u00eb sigurt. Ky montim \u00ebsht\u00eb i p\u00ebrshtatsh\u00ebm p\u00ebr TV me madh\u00ebsin\u00eb e ekranit q\u00eb varion nga 17 &#8220;deri n\u00eb 42&#8221;, pesha maksimale deri n\u00eb 20 kg. P\u00ebr m\u00eb tep\u00ebr, \u00ebsht\u00eb i siguruar ngusht\u00eb n\u00eb mur &#8211; distanca vet\u00ebm 25 mm nga muri.<\/li>\n<li>Niveluesi i p\u00ebrfshir\u00eb n\u00eb \u00e7ant\u00ebn e montimit, si dhe t\u00eb gjitha vida t\u00eb nevojshme sigurojn\u00eb instalim t\u00eb shpejt\u00eb, t\u00eb leht\u00eb dhe t\u00eb barabart\u00eb.<\/li>\n<li>Dimensionet e produktit:\u00a0272 x 221 x 25 mm<\/li>\n<\/ul>\n","protected":false},"featured_media":4154,"template":"","meta":[],"product_brand":[],"product_cat":[95,21],"product_tag":[],"class_list":{"0":"post-4153","1":"product","2":"type-product","3":"status-publish","4":"has-post-thumbnail","6":"product_cat-mbajtese-televizori","7":"product_cat-televizor","8":"description-off","10":"first","11":"instock","12":"shipping-taxable","13":"product-type-simple"},"_links":{"self":[{"href":"https:\/\/jb-electronics.al\/index.php\/wp-json\/wp\/v2\/product\/4153","targetHints":{"allow":["GET"]}}],"collection":[{"href":"https:\/\/jb-electronics.al\/index.php\/wp-json\/wp\/v2\/product"}],"about":[{"href":"https:\/\/jb-electronics.al\/index.php\/wp-json\/wp\/v2\/types\/product"}],"wp:featuredmedia":[{"embeddable":true,"href":"https:\/\/jb-electronics.al\/index.php\/wp-json\/wp\/v2\/media\/4154"}],"wp:attachment":[{"href":"https:\/\/jb-electronics.al\/index.php\/wp-json\/wp\/v2\/media?parent=4153"}],"wp:term":[{"taxonomy":"product_brand","embeddable":true,"href":"https:\/\/jb-electronics.al\/index.php\/wp-json\/wp\/v2\/product_brand?post=4153"},{"taxonomy":"product_cat","embeddable":true,"href":"https:\/\/jb-electronics.al\/index.php\/wp-json\/wp\/v2\/product_cat?post=4153"},{"taxonomy":"product_tag","embeddable":true,"href":"https:\/\/jb-electronics.al\/index.php\/wp-json\/wp\/v2\/product_tag?post=4153"}],"curies":[{"name":"wp","href":"https:\/\/api.w.org\/{rel}","templated":true}]}}