{"id":4136,"date":"2022-10-03T06:55:08","date_gmt":"2022-10-03T06:55:08","guid":{"rendered":"https:\/\/jb-electronics.al\/?post_type=product&#038;p=4136"},"modified":"2022-10-03T06:58:56","modified_gmt":"2022-10-03T06:58:56","slug":"mbajtese-tv-sbox-lcd-223","status":"publish","type":"product","link":"https:\/\/jb-electronics.al\/index.php\/product\/mbajtese-tv-sbox-lcd-223\/","title":{"rendered":"Mbajt\u00ebse TV SBOX LCD-223"},"content":{"rendered":"","protected":false},"excerpt":{"rendered":"<p><strong>Specifika teknike<\/strong><\/p>\n<table class=\"full-specifications\">\n<tbody>\n<tr>\n<td class=\"fw6 fs16 py-3 pr-3\">Barkodi<\/td>\n<td class=\"fw4 fs16 py-3 px-5\">616320532833<\/td>\n<\/tr>\n<tr>\n<td class=\"fw6 fs16 py-3 pr-3\">Modeli i Produktit<\/td>\n<td class=\"fw4 fs16 py-3 px-5\">MBAJTESE TV SBOX LCD-223 | LEVIZESE 13&#8243;-42&#8243; 20KG<\/td>\n<\/tr>\n<tr>\n<td class=\"fw6 fs16 py-3 pr-3\">P\u00ebr madh\u00ebsi t\u00eb ekranit<\/td>\n<td class=\"fw4 fs16 py-3 px-5\">13&#8243; deri 42&#8243;<\/td>\n<\/tr>\n<tr>\n<td class=\"fw6 fs16 py-3 pr-3\">Pesha<\/td>\n<td class=\"fw4 fs16 py-3 px-5\">Deri 20 KG<\/td>\n<\/tr>\n<tr>\n<td class=\"fw6 fs16 py-3 pr-3\">Materiali<\/td>\n<td class=\"fw4 fs16 py-3 px-5\">Metal<\/td>\n<\/tr>\n<tr>\n<td class=\"fw6 fs16 py-3 pr-3\">Per ekran te lakuar<\/td>\n<td class=\"fw4 fs16 py-3 px-5\">No<\/td>\n<\/tr>\n<tr>\n<td class=\"fw6 fs16 py-3 pr-3\">Formati<\/td>\n<td class=\"fw4 fs16 py-3 px-5\">L\u00ebviz\u00ebse<\/td>\n<\/tr>\n<tr>\n<td class=\"fw6 fs16 py-3 pr-3\">Gjer\u00ebsia<\/td>\n<td class=\"fw4 fs16 py-3 px-5\">364<\/td>\n<\/tr>\n<tr>\n<td class=\"fw6 fs16 py-3 pr-3\">Lart\u00ebsia<\/td>\n<td class=\"fw4 fs16 py-3 px-5\">220<\/td>\n<\/tr>\n<tr>\n<td class=\"fw6 fs16 py-3 pr-3\">Thell\u00ebsia<\/td>\n<td class=\"fw4 fs16 py-3 px-5\">220<\/td>\n<\/tr>\n<\/tbody>\n<\/table>\n","protected":false},"featured_media":4137,"template":"","meta":[],"product_brand":[],"product_cat":[95,21],"product_tag":[],"class_list":{"0":"post-4136","1":"product","2":"type-product","3":"status-publish","4":"has-post-thumbnail","6":"product_cat-mbajtese-televizori","7":"product_cat-televizor","8":"description-off","10":"first","11":"instock","12":"shipping-taxable","13":"product-type-simple"},"_links":{"self":[{"href":"https:\/\/jb-electronics.al\/index.php\/wp-json\/wp\/v2\/product\/4136","targetHints":{"allow":["GET"]}}],"collection":[{"href":"https:\/\/jb-electronics.al\/index.php\/wp-json\/wp\/v2\/product"}],"about":[{"href":"https:\/\/jb-electronics.al\/index.php\/wp-json\/wp\/v2\/types\/product"}],"wp:featuredmedia":[{"embeddable":true,"href":"https:\/\/jb-electronics.al\/index.php\/wp-json\/wp\/v2\/media\/4137"}],"wp:attachment":[{"href":"https:\/\/jb-electronics.al\/index.php\/wp-json\/wp\/v2\/media?parent=4136"}],"wp:term":[{"taxonomy":"product_brand","embeddable":true,"href":"https:\/\/jb-electronics.al\/index.php\/wp-json\/wp\/v2\/product_brand?post=4136"},{"taxonomy":"product_cat","embeddable":true,"href":"https:\/\/jb-electronics.al\/index.php\/wp-json\/wp\/v2\/product_cat?post=4136"},{"taxonomy":"product_tag","embeddable":true,"href":"https:\/\/jb-electronics.al\/index.php\/wp-json\/wp\/v2\/product_tag?post=4136"}],"curies":[{"name":"wp","href":"https:\/\/api.w.org\/{rel}","templated":true}]}}