{"id":4120,"date":"2022-10-01T08:45:58","date_gmt":"2022-10-01T08:45:58","guid":{"rendered":"https:\/\/jb-electronics.al\/?post_type=product&#038;p=4120"},"modified":"2022-10-01T08:45:59","modified_gmt":"2022-10-01T08:45:59","slug":"televizor-samsung-ue75au7172uxxh","status":"publish","type":"product","link":"https:\/\/jb-electronics.al\/index.php\/product\/televizor-samsung-ue75au7172uxxh\/","title":{"rendered":"Televizor SAMSUNG UE75AU7172UXXH"},"content":{"rendered":"","protected":false},"excerpt":{"rendered":"<p><strong>Specifika teknike<\/strong><\/p>\n<table class=\"full-specifications\">\n<tbody>\n<tr>\n<td class=\"fw6 fs16 py-3 pr-3\">Marka<\/td>\n<td class=\"fw4 fs16 py-3 px-5\">Samsung<\/td>\n<\/tr>\n<tr>\n<td class=\"fw6 fs16 py-3 pr-3\">Modeli i Produktit<\/td>\n<td class=\"fw4 fs16 py-3 px-5\">TELEVIZOR SAMSUNG UE75AU7172UXXH | 75&#8243; LED UHD 4K SMART TV TIZEN<\/td>\n<\/tr>\n<tr>\n<td class=\"fw6 fs16 py-3 pr-3\">Madh\u00ebsia e ekranit<\/td>\n<td class=\"fw4 fs16 py-3 px-5\">75&#8243; &#8211; 191 cm<\/td>\n<\/tr>\n<tr>\n<td class=\"fw6 fs16 py-3 pr-3\">Tipi i panelit<\/td>\n<td class=\"fw4 fs16 py-3 px-5\">LED<\/td>\n<\/tr>\n<tr>\n<td class=\"fw6 fs16 py-3 pr-3\">Tiparet e fotografis\u00eb<\/td>\n<td class=\"fw4 fs16 py-3 px-5\">Crystal Processor 4K, HDR, HDR10+ Support, HLG (Hybrid Log Gamma), Mega Contrast, Pur Color, UHD Dimming, Contrast Enhancer, Film Mode, Natural Mode Support<\/td>\n<\/tr>\n<tr>\n<td class=\"fw6 fs16 py-3 pr-3\">Rezolucioni<\/td>\n<td class=\"fw4 fs16 py-3 px-5\">Ultra HD 4K &#8211; 3840 x 2160p<\/td>\n<\/tr>\n<tr>\n<td class=\"fw6 fs16 py-3 pr-3\">Indeksi i p\u00ebrformanc\u00ebs s\u00eb fotografis\u00eb<\/td>\n<td class=\"fw4 fs16 py-3 px-5\">2000 PQI<\/td>\n<\/tr>\n<tr>\n<td class=\"fw6 fs16 py-3 pr-3\">Ambilight<\/td>\n<td class=\"fw4 fs16 py-3 px-5\">&#8211;<\/td>\n<\/tr>\n<tr>\n<td class=\"fw6 fs16 py-3 pr-3\">Smart TV<\/td>\n<td class=\"fw4 fs16 py-3 px-5\">Yes<\/td>\n<\/tr>\n<tr>\n<td class=\"fw6 fs16 py-3 pr-3\">Sistemi Operativ<\/td>\n<td class=\"fw4 fs16 py-3 px-5\">Tizen<\/td>\n<\/tr>\n<tr>\n<td class=\"fw6 fs16 py-3 pr-3\">Tiparet e smart TVs<\/td>\n<td class=\"fw4 fs16 py-3 px-5\">Bixby, Alexa built-in, Works With Google Assistant, Works With Alexa, TV Plus, Web Browser, SmartThings App Support, Samsung Health, Universal Guide, Gallery<\/td>\n<\/tr>\n<tr>\n<td class=\"fw6 fs16 py-3 pr-3\">Wifi<\/td>\n<td class=\"fw4 fs16 py-3 px-5\">Yes<\/td>\n<\/tr>\n<tr>\n<td class=\"fw6 fs16 py-3 pr-3\">Bluetooth<\/td>\n<td class=\"fw4 fs16 py-3 px-5\">Yes<\/td>\n<\/tr>\n<tr>\n<td class=\"fw6 fs16 py-3 pr-3\">Tiparet e z\u00ebrimit<\/td>\n<td class=\"fw4 fs16 py-3 px-5\">Sound Output (RMS) 20W, Dolby Digital Plus, Q-Symphony, Audio Pre-selection Descriptor, 2CH, Multiroom Link, Bluetooth Audio<\/td>\n<\/tr>\n<tr>\n<td class=\"fw6 fs16 py-3 pr-3\">Tipare tjera<\/td>\n<td class=\"fw4 fs16 py-3 px-5\">Auto Game Mode (ALLM), HGiG, Adaptive Sound, Ambient Mode, Brightness Detection, Instant On, Digital Clean View, Auto Channel Search, Auto Power Off, Caption (Subtitle), ConnectShare\u2122 (HDD), ConnectShare\u2122 (USB 2.0), Embeded POP, EPG, Filmmaker Mode, BT HID Support, USB HID Support, Teletext (TTX), MBR Support, IPv6 Support<\/td>\n<\/tr>\n<tr>\n<td class=\"fw6 fs16 py-3 pr-3\">Portet<\/td>\n<td class=\"fw4 fs16 py-3 px-5\">HDMI, USB, LAN, Optical, RF In, CI Slot<\/td>\n<\/tr>\n<\/tbody>\n<\/table>\n","protected":false},"featured_media":4121,"template":"","meta":[],"product_brand":[],"product_cat":[91,21],"product_tag":[],"class_list":{"0":"post-4120","1":"product","2":"type-product","3":"status-publish","4":"has-post-thumbnail","6":"product_cat-led","7":"product_cat-televizor","8":"description-off","10":"first","11":"instock","12":"shipping-taxable","13":"product-type-simple"},"_links":{"self":[{"href":"https:\/\/jb-electronics.al\/index.php\/wp-json\/wp\/v2\/product\/4120","targetHints":{"allow":["GET"]}}],"collection":[{"href":"https:\/\/jb-electronics.al\/index.php\/wp-json\/wp\/v2\/product"}],"about":[{"href":"https:\/\/jb-electronics.al\/index.php\/wp-json\/wp\/v2\/types\/product"}],"wp:featuredmedia":[{"embeddable":true,"href":"https:\/\/jb-electronics.al\/index.php\/wp-json\/wp\/v2\/media\/4121"}],"wp:attachment":[{"href":"https:\/\/jb-electronics.al\/index.php\/wp-json\/wp\/v2\/media?parent=4120"}],"wp:term":[{"taxonomy":"product_brand","embeddable":true,"href":"https:\/\/jb-electronics.al\/index.php\/wp-json\/wp\/v2\/product_brand?post=4120"},{"taxonomy":"product_cat","embeddable":true,"href":"https:\/\/jb-electronics.al\/index.php\/wp-json\/wp\/v2\/product_cat?post=4120"},{"taxonomy":"product_tag","embeddable":true,"href":"https:\/\/jb-electronics.al\/index.php\/wp-json\/wp\/v2\/product_tag?post=4120"}],"curies":[{"name":"wp","href":"https:\/\/api.w.org\/{rel}","templated":true}]}}