{"id":4042,"date":"2022-09-28T14:00:24","date_gmt":"2022-09-28T14:00:24","guid":{"rendered":"https:\/\/jb-electronics.al\/?post_type=product&#038;p=4042"},"modified":"2022-09-28T14:00:25","modified_gmt":"2022-09-28T14:00:25","slug":"pjanure-aeg-ike96654fb","status":"publish","type":"product","link":"https:\/\/jb-electronics.al\/index.php\/product\/pjanure-aeg-ike96654fb\/","title":{"rendered":"Pjanur\u00eb AEG IKE96654FB"},"content":{"rendered":"","protected":false},"excerpt":{"rendered":"<p><strong>Specifika teknike<\/strong><\/p>\n<p>Marka: AEG<\/p>\n<p>Materiali Qeramike<\/p>\n<p>Tregues i nxehtesise se mbetur<\/p>\n<p>Sigures\u00eb p\u00ebr f\u00ebmij\u00ebt\/bllokim paneli<\/p>\n<p>Stop &amp; Go<\/p>\n<p>Nxehje automatike \/fikje automatike Hob\u00b2Hood- lidhja midis pjanures dhe aspiratorit.<\/p>\n","protected":false},"featured_media":4043,"template":"","meta":[],"product_brand":[],"product_cat":[69,177,181,38,40],"product_tag":[],"class_list":{"0":"post-4042","1":"product","2":"type-product","3":"status-publish","4":"has-post-thumbnail","6":"product_cat-gatim","7":"product_cat-induksion","8":"product_cat-induksion-2","9":"product_cat-inkaso","10":"product_cat-pjanure","11":"description-off","13":"first","14":"instock","15":"shipping-taxable","16":"product-type-simple"},"_links":{"self":[{"href":"https:\/\/jb-electronics.al\/index.php\/wp-json\/wp\/v2\/product\/4042","targetHints":{"allow":["GET"]}}],"collection":[{"href":"https:\/\/jb-electronics.al\/index.php\/wp-json\/wp\/v2\/product"}],"about":[{"href":"https:\/\/jb-electronics.al\/index.php\/wp-json\/wp\/v2\/types\/product"}],"wp:featuredmedia":[{"embeddable":true,"href":"https:\/\/jb-electronics.al\/index.php\/wp-json\/wp\/v2\/media\/4043"}],"wp:attachment":[{"href":"https:\/\/jb-electronics.al\/index.php\/wp-json\/wp\/v2\/media?parent=4042"}],"wp:term":[{"taxonomy":"product_brand","embeddable":true,"href":"https:\/\/jb-electronics.al\/index.php\/wp-json\/wp\/v2\/product_brand?post=4042"},{"taxonomy":"product_cat","embeddable":true,"href":"https:\/\/jb-electronics.al\/index.php\/wp-json\/wp\/v2\/product_cat?post=4042"},{"taxonomy":"product_tag","embeddable":true,"href":"https:\/\/jb-electronics.al\/index.php\/wp-json\/wp\/v2\/product_tag?post=4042"}],"curies":[{"name":"wp","href":"https:\/\/api.w.org\/{rel}","templated":true}]}}