{"id":4040,"date":"2022-09-28T13:51:51","date_gmt":"2022-09-28T13:51:51","guid":{"rendered":"https:\/\/jb-electronics.al\/?post_type=product&#038;p=4040"},"modified":"2022-09-28T13:51:54","modified_gmt":"2022-09-28T13:51:54","slug":"pjanure-whirlpool-wl-s3777","status":"publish","type":"product","link":"https:\/\/jb-electronics.al\/index.php\/product\/pjanure-whirlpool-wl-s3777\/","title":{"rendered":"Pjanur\u00eb Whirlpool WL S3777"},"content":{"rendered":"","protected":false},"excerpt":{"rendered":"<p><strong>Specifika teknike<\/strong><\/p>\n<p>Marka: Whirlpool<\/p>\n<p>Kontrolli: Elektronik me prekje<\/p>\n<p>Materiali: Qeramike<\/p>\n<p>Nr.i zonave: 4<\/p>\n<p>Koh\u00ebmat\u00ebs: Po<\/p>\n<p>Bllokim p\u00ebr f\u00ebmij\u00ebt: Po<\/p>\n<p>Valvul sigurie p\u00ebr gazin: Jo<\/p>\n<p>Fikje automatike: Po<\/p>\n<p>Stop &amp; Go: Po<\/p>\n<p>Tregues i nxeht\u00ebsis\u00eb s\u00eb mbetur: Po<\/p>\n<p>Ngarkesa totale elektrike: 7.2 kw<\/p>\n<p>P\u00ebrmasat: 77 cm<\/p>\n","protected":false},"featured_media":4041,"template":"","meta":[],"product_brand":[],"product_cat":[69,177,181,38,40],"product_tag":[],"class_list":{"0":"post-4040","1":"product","2":"type-product","3":"status-publish","4":"has-post-thumbnail","6":"product_cat-gatim","7":"product_cat-induksion","8":"product_cat-induksion-2","9":"product_cat-inkaso","10":"product_cat-pjanure","11":"description-off","13":"first","14":"instock","15":"shipping-taxable","16":"product-type-simple"},"_links":{"self":[{"href":"https:\/\/jb-electronics.al\/index.php\/wp-json\/wp\/v2\/product\/4040","targetHints":{"allow":["GET"]}}],"collection":[{"href":"https:\/\/jb-electronics.al\/index.php\/wp-json\/wp\/v2\/product"}],"about":[{"href":"https:\/\/jb-electronics.al\/index.php\/wp-json\/wp\/v2\/types\/product"}],"wp:featuredmedia":[{"embeddable":true,"href":"https:\/\/jb-electronics.al\/index.php\/wp-json\/wp\/v2\/media\/4041"}],"wp:attachment":[{"href":"https:\/\/jb-electronics.al\/index.php\/wp-json\/wp\/v2\/media?parent=4040"}],"wp:term":[{"taxonomy":"product_brand","embeddable":true,"href":"https:\/\/jb-electronics.al\/index.php\/wp-json\/wp\/v2\/product_brand?post=4040"},{"taxonomy":"product_cat","embeddable":true,"href":"https:\/\/jb-electronics.al\/index.php\/wp-json\/wp\/v2\/product_cat?post=4040"},{"taxonomy":"product_tag","embeddable":true,"href":"https:\/\/jb-electronics.al\/index.php\/wp-json\/wp\/v2\/product_tag?post=4040"}],"curies":[{"name":"wp","href":"https:\/\/api.w.org\/{rel}","templated":true}]}}