{"id":4018,"date":"2022-09-27T08:14:39","date_gmt":"2022-09-27T08:14:39","guid":{"rendered":"https:\/\/jb-electronics.al\/?post_type=product&#038;p=4018"},"modified":"2022-09-27T08:14:40","modified_gmt":"2022-09-27T08:14:40","slug":"lavatrice-aeg-l7fnc48s","status":"publish","type":"product","link":"https:\/\/jb-electronics.al\/index.php\/product\/lavatrice-aeg-l7fnc48s\/","title":{"rendered":"Lavatrice AEG L7FNC48S"},"content":{"rendered":"","protected":false},"excerpt":{"rendered":"<p><strong>Specifika teknike<\/strong><\/p>\n<p>Marka: AEG<\/p>\n<div class=\"ty-product-feature\"><span class=\"ty-product-feature__label\">Modeli:<\/span> L7FNC48S<\/div>\n<div class=\"ty-product-feature\"><span class=\"ty-product-feature__label\">Kapaciteti i larjes:<\/span> 8 kg<\/div>\n<div class=\"ty-product-feature\"><span class=\"ty-product-feature__label\">Shpejt\u00ebsia maksimale e centrifug\u00ebs:<\/span> 1400 rpm<\/div>\n<div class=\"ty-product-feature\"><span class=\"ty-product-feature__label\">Klasa e energjis\u00eb:<\/span> A+++(-20%)<\/div>\n<div class=\"ty-product-feature\"><span class=\"ty-product-feature__label\">Klasa e performanc\u00ebs s\u00eb larjes:<\/span> A<\/div>\n<div class=\"ty-product-feature\"><span class=\"ty-product-feature__label\">Teknologjia e motorrit:<\/span> Inverter<\/div>\n<div class=\"ty-product-feature\"><span class=\"ty-product-feature__label\">M\u00ebnyra e kontrollit:<\/span> Elektro-Mekanike<\/div>\n<div class=\"ty-product-feature\"><span class=\"ty-product-feature__label\">Instalimi:<\/span> Me q\u00ebndrim t\u00eb lir\u00eb<\/div>\n<div class=\"ty-product-feature\"><span class=\"ty-product-feature__label\">Display:<\/span> Po<\/div>\n<div class=\"ty-product-feature\"><span class=\"ty-product-feature__label\">Sensor peshe:<\/span> Po<\/div>\n<div class=\"ty-product-feature\"><span class=\"ty-product-feature__label\">Paralarje:<\/span> Po<\/div>\n<div class=\"ty-product-feature\"><span class=\"ty-product-feature__label\">Nisje e vonuar:<\/span> Po<\/div>\n<div class=\"ty-product-feature\"><span class=\"ty-product-feature__label\">Bllokim paneli:<\/span> Po<\/div>\n<div class=\"ty-product-feature\"><span class=\"ty-product-feature__label\">Programim i koh\u00ebs:<\/span> Po<\/div>\n<div class=\"ty-product-feature\"><span class=\"ty-product-feature__label\">Hapja e der\u00ebs:<\/span> Normale<\/div>\n<div class=\"ty-product-feature\"><span class=\"ty-product-feature__label\">Numri i programeve:<\/span> 10 programe<\/div>\n<div class=\"ty-product-feature\"><span class=\"ty-product-feature__label\">Program me avull:<\/span> Jo<\/div>\n<div class=\"ty-product-feature\"><span class=\"ty-product-feature__label\">Programe speciale:<\/span> Antialergjik, Outdoor, Sportive etj<\/div>\n<div class=\"ty-product-feature\"><span class=\"ty-product-feature__label\">Materiali i kazanit:<\/span> Carboran<\/div>\n<div class=\"ty-product-feature\"><span class=\"ty-product-feature__label\">Niveli i zhurm\u00ebs:<\/span> 75 dB<\/div>\n<div class=\"ty-product-feature\"><span class=\"ty-product-feature__label\">P\u00ebrmasat:<\/span> 85 x 60 x 60 cm<\/div>\n","protected":false},"featured_media":4019,"template":"","meta":[],"product_brand":[],"product_cat":[76,23],"product_tag":[],"class_list":{"0":"post-4018","1":"product","2":"type-product","3":"status-publish","4":"has-post-thumbnail","6":"product_cat-larja","7":"product_cat-lavatrice","8":"description-off","10":"first","11":"instock","12":"shipping-taxable","13":"product-type-simple"},"_links":{"self":[{"href":"https:\/\/jb-electronics.al\/index.php\/wp-json\/wp\/v2\/product\/4018","targetHints":{"allow":["GET"]}}],"collection":[{"href":"https:\/\/jb-electronics.al\/index.php\/wp-json\/wp\/v2\/product"}],"about":[{"href":"https:\/\/jb-electronics.al\/index.php\/wp-json\/wp\/v2\/types\/product"}],"wp:featuredmedia":[{"embeddable":true,"href":"https:\/\/jb-electronics.al\/index.php\/wp-json\/wp\/v2\/media\/4019"}],"wp:attachment":[{"href":"https:\/\/jb-electronics.al\/index.php\/wp-json\/wp\/v2\/media?parent=4018"}],"wp:term":[{"taxonomy":"product_brand","embeddable":true,"href":"https:\/\/jb-electronics.al\/index.php\/wp-json\/wp\/v2\/product_brand?post=4018"},{"taxonomy":"product_cat","embeddable":true,"href":"https:\/\/jb-electronics.al\/index.php\/wp-json\/wp\/v2\/product_cat?post=4018"},{"taxonomy":"product_tag","embeddable":true,"href":"https:\/\/jb-electronics.al\/index.php\/wp-json\/wp\/v2\/product_tag?post=4018"}],"curies":[{"name":"wp","href":"https:\/\/api.w.org\/{rel}","templated":true}]}}