{"id":3939,"date":"2022-09-23T10:32:45","date_gmt":"2022-09-23T10:32:45","guid":{"rendered":"https:\/\/jb-electronics.al\/?post_type=product&#038;p=3939"},"modified":"2022-09-23T10:32:47","modified_gmt":"2022-09-23T10:32:47","slug":"grille-electrolux-e9hl33","status":"publish","type":"product","link":"https:\/\/jb-electronics.al\/index.php\/product\/grille-electrolux-e9hl33\/","title":{"rendered":"Grill\u00eb ELECTROLUX E9HL33"},"content":{"rendered":"","protected":false},"excerpt":{"rendered":"<p><strong>Specifika Teknike<\/strong><\/p>\n<p>Marka: Electrolux<\/p>\n<p>E p\u00ebrshtatshme p\u00ebr pjanura Induksion,Elektrike<br \/>\nSiperfaqe q\u00eb ngrohet nj\u00ebtrajt\u00ebsisht<br \/>\nLahet n\u00eb lavastovilje<br \/>\nGjer\u00ebsia : 238 mm<\/p>\n","protected":false},"featured_media":3940,"template":"","meta":[],"product_brand":[],"product_cat":[31,205],"product_tag":[],"class_list":{"0":"post-3939","1":"product","2":"type-product","3":"status-publish","4":"has-post-thumbnail","6":"product_cat-elektroshtepiake-te-vogla","7":"product_cat-grille","8":"description-off","10":"first","11":"instock","12":"shipping-taxable","13":"product-type-simple"},"_links":{"self":[{"href":"https:\/\/jb-electronics.al\/index.php\/wp-json\/wp\/v2\/product\/3939","targetHints":{"allow":["GET"]}}],"collection":[{"href":"https:\/\/jb-electronics.al\/index.php\/wp-json\/wp\/v2\/product"}],"about":[{"href":"https:\/\/jb-electronics.al\/index.php\/wp-json\/wp\/v2\/types\/product"}],"wp:featuredmedia":[{"embeddable":true,"href":"https:\/\/jb-electronics.al\/index.php\/wp-json\/wp\/v2\/media\/3940"}],"wp:attachment":[{"href":"https:\/\/jb-electronics.al\/index.php\/wp-json\/wp\/v2\/media?parent=3939"}],"wp:term":[{"taxonomy":"product_brand","embeddable":true,"href":"https:\/\/jb-electronics.al\/index.php\/wp-json\/wp\/v2\/product_brand?post=3939"},{"taxonomy":"product_cat","embeddable":true,"href":"https:\/\/jb-electronics.al\/index.php\/wp-json\/wp\/v2\/product_cat?post=3939"},{"taxonomy":"product_tag","embeddable":true,"href":"https:\/\/jb-electronics.al\/index.php\/wp-json\/wp\/v2\/product_tag?post=3939"}],"curies":[{"name":"wp","href":"https:\/\/api.w.org\/{rel}","templated":true}]}}