{"id":3887,"date":"2022-09-23T08:17:20","date_gmt":"2022-09-23T08:17:20","guid":{"rendered":"https:\/\/jb-electronics.al\/?post_type=product&#038;p=3887"},"modified":"2022-09-30T10:25:37","modified_gmt":"2022-09-30T10:25:37","slug":"tharese-flokesh-imetec-11312","status":"publish","type":"product","link":"https:\/\/jb-electronics.al\/index.php\/product\/tharese-flokesh-imetec-11312\/","title":{"rendered":"Thar\u00ebse flokesh IMETEC 11312"},"content":{"rendered":"","protected":false},"excerpt":{"rendered":"<p><strong>Specifika teknike<\/strong><\/p>\n<p>Marka: Imetec<\/p>\n<p>Nj\u00eb thar\u00ebse flok\u00ebsh afatgjat\u00eb dhe motor AC, i than\u00eb flok\u00ebt tuaj shum\u00eb m\u00eb shpejt nga t\u00eb gjitha thar\u00ebset tjera.<\/p>\n<p>Ionizuesi mbron flok\u00ebt nga elektrizimi dhe i jep nj\u00eb shk\u00eblqim, me nj\u00eb diffuser q\u00eb ju jep v\u00ebllim flok\u00ebve.<\/p>\n<p>Filt\u00ebr i larguesh\u00ebm p\u00ebr pastrim t\u00eb leht\u00eb<\/p>\n","protected":false},"featured_media":3888,"template":"","meta":[],"product_brand":[],"product_cat":[31,108,109],"product_tag":[],"class_list":{"0":"post-3887","1":"product","2":"type-product","3":"status-publish","4":"has-post-thumbnail","6":"product_cat-elektroshtepiake-te-vogla","7":"product_cat-kujdesi-personal","8":"product_cat-tharese-flokesh","9":"description-off","11":"first","12":"instock","13":"shipping-taxable","14":"product-type-simple"},"_links":{"self":[{"href":"https:\/\/jb-electronics.al\/index.php\/wp-json\/wp\/v2\/product\/3887","targetHints":{"allow":["GET"]}}],"collection":[{"href":"https:\/\/jb-electronics.al\/index.php\/wp-json\/wp\/v2\/product"}],"about":[{"href":"https:\/\/jb-electronics.al\/index.php\/wp-json\/wp\/v2\/types\/product"}],"wp:featuredmedia":[{"embeddable":true,"href":"https:\/\/jb-electronics.al\/index.php\/wp-json\/wp\/v2\/media\/3888"}],"wp:attachment":[{"href":"https:\/\/jb-electronics.al\/index.php\/wp-json\/wp\/v2\/media?parent=3887"}],"wp:term":[{"taxonomy":"product_brand","embeddable":true,"href":"https:\/\/jb-electronics.al\/index.php\/wp-json\/wp\/v2\/product_brand?post=3887"},{"taxonomy":"product_cat","embeddable":true,"href":"https:\/\/jb-electronics.al\/index.php\/wp-json\/wp\/v2\/product_cat?post=3887"},{"taxonomy":"product_tag","embeddable":true,"href":"https:\/\/jb-electronics.al\/index.php\/wp-json\/wp\/v2\/product_tag?post=3887"}],"curies":[{"name":"wp","href":"https:\/\/api.w.org\/{rel}","templated":true}]}}