{"id":3885,"date":"2022-09-23T08:14:34","date_gmt":"2022-09-23T08:14:34","guid":{"rendered":"https:\/\/jb-electronics.al\/?post_type=product&#038;p=3885"},"modified":"2022-09-30T10:25:43","modified_gmt":"2022-09-30T10:25:43","slug":"tharese-flokesh-imetec-11523","status":"publish","type":"product","link":"https:\/\/jb-electronics.al\/index.php\/product\/tharese-flokesh-imetec-11523\/","title":{"rendered":"Thar\u00ebse flokesh IMETEC 11523"},"content":{"rendered":"","protected":false},"excerpt":{"rendered":"<p><strong>Specifika teknike<\/strong><\/p>\n<p>Marka: Imetec<\/p>\n<p>Fuqia: 2300W.<\/p>\n<p>Ngjyra\u00a0 e zez\u00eb.<\/p>\n<p>Numri i shpejt\u00ebsive: 2.<\/p>\n<p>Tensioni: 220V MPN: 11523.<\/p>\n<p>Numri i cil\u00ebsimeve t\u00eb temperatur\u00ebs: 3.<\/p>\n<p>Madh\u00ebsia: 29 x 24.5 x 11 cm.<\/p>\n<p>8 kombinime t\u00eb fluksit t\u00eb ajrit dhe temperatur\u00ebs.<\/p>\n<p>Filt\u00ebr i l\u00ebvizsh\u00ebm.<\/p>\n<p>1.8 m gjat\u00ebsi kabllo.<\/p>\n","protected":false},"featured_media":3886,"template":"","meta":[],"product_brand":[],"product_cat":[31,108,109],"product_tag":[],"class_list":{"0":"post-3885","1":"product","2":"type-product","3":"status-publish","4":"has-post-thumbnail","6":"product_cat-elektroshtepiake-te-vogla","7":"product_cat-kujdesi-personal","8":"product_cat-tharese-flokesh","9":"description-off","11":"first","12":"instock","13":"shipping-taxable","14":"product-type-simple"},"_links":{"self":[{"href":"https:\/\/jb-electronics.al\/index.php\/wp-json\/wp\/v2\/product\/3885","targetHints":{"allow":["GET"]}}],"collection":[{"href":"https:\/\/jb-electronics.al\/index.php\/wp-json\/wp\/v2\/product"}],"about":[{"href":"https:\/\/jb-electronics.al\/index.php\/wp-json\/wp\/v2\/types\/product"}],"wp:featuredmedia":[{"embeddable":true,"href":"https:\/\/jb-electronics.al\/index.php\/wp-json\/wp\/v2\/media\/3886"}],"wp:attachment":[{"href":"https:\/\/jb-electronics.al\/index.php\/wp-json\/wp\/v2\/media?parent=3885"}],"wp:term":[{"taxonomy":"product_brand","embeddable":true,"href":"https:\/\/jb-electronics.al\/index.php\/wp-json\/wp\/v2\/product_brand?post=3885"},{"taxonomy":"product_cat","embeddable":true,"href":"https:\/\/jb-electronics.al\/index.php\/wp-json\/wp\/v2\/product_cat?post=3885"},{"taxonomy":"product_tag","embeddable":true,"href":"https:\/\/jb-electronics.al\/index.php\/wp-json\/wp\/v2\/product_tag?post=3885"}],"curies":[{"name":"wp","href":"https:\/\/api.w.org\/{rel}","templated":true}]}}