{"id":3879,"date":"2022-09-22T11:07:46","date_gmt":"2022-09-22T11:07:46","guid":{"rendered":"https:\/\/jb-electronics.al\/?post_type=product&#038;p=3879"},"modified":"2022-09-30T10:30:13","modified_gmt":"2022-09-30T10:30:13","slug":"pjaster-arzum-ar1080","status":"publish","type":"product","link":"https:\/\/jb-electronics.al\/index.php\/product\/pjaster-arzum-ar1080\/","title":{"rendered":"Pjast\u00ebr ARZUM AR1080"},"content":{"rendered":"","protected":false},"excerpt":{"rendered":"<p><strong>Specifika teknike<\/strong><\/p>\n<p>Marka: Arzum<\/p>\n<p><strong>Specifika teknike<\/strong><\/p>\n<p>Marka: Arzum<\/p>\n<p>Temperatura e nxeht\u00ebsis\u00eb: 150-230 grad\u00eb<\/p>\n","protected":false},"featured_media":3880,"template":"","meta":[],"product_brand":[],"product_cat":[31,108,110],"product_tag":[],"class_list":{"0":"post-3879","1":"product","2":"type-product","3":"status-publish","4":"has-post-thumbnail","6":"product_cat-elektroshtepiake-te-vogla","7":"product_cat-kujdesi-personal","8":"product_cat-pjaster","9":"description-off","11":"first","12":"instock","13":"shipping-taxable","14":"product-type-simple"},"_links":{"self":[{"href":"https:\/\/jb-electronics.al\/index.php\/wp-json\/wp\/v2\/product\/3879","targetHints":{"allow":["GET"]}}],"collection":[{"href":"https:\/\/jb-electronics.al\/index.php\/wp-json\/wp\/v2\/product"}],"about":[{"href":"https:\/\/jb-electronics.al\/index.php\/wp-json\/wp\/v2\/types\/product"}],"wp:featuredmedia":[{"embeddable":true,"href":"https:\/\/jb-electronics.al\/index.php\/wp-json\/wp\/v2\/media\/3880"}],"wp:attachment":[{"href":"https:\/\/jb-electronics.al\/index.php\/wp-json\/wp\/v2\/media?parent=3879"}],"wp:term":[{"taxonomy":"product_brand","embeddable":true,"href":"https:\/\/jb-electronics.al\/index.php\/wp-json\/wp\/v2\/product_brand?post=3879"},{"taxonomy":"product_cat","embeddable":true,"href":"https:\/\/jb-electronics.al\/index.php\/wp-json\/wp\/v2\/product_cat?post=3879"},{"taxonomy":"product_tag","embeddable":true,"href":"https:\/\/jb-electronics.al\/index.php\/wp-json\/wp\/v2\/product_tag?post=3879"}],"curies":[{"name":"wp","href":"https:\/\/api.w.org\/{rel}","templated":true}]}}