{"id":3871,"date":"2022-09-22T10:38:51","date_gmt":"2022-09-22T10:38:51","guid":{"rendered":"https:\/\/jb-electronics.al\/?post_type=product&#038;p=3871"},"modified":"2022-09-30T09:45:00","modified_gmt":"2022-09-30T09:45:00","slug":"shtrydhese-frutash-hurom-h100sbea01","status":"publish","type":"product","link":"https:\/\/jb-electronics.al\/index.php\/product\/shtrydhese-frutash-hurom-h100sbea01\/","title":{"rendered":"Shtrydh\u00ebse frutash HUROM H100SBEA01"},"content":{"rendered":"","protected":false},"excerpt":{"rendered":"<p><strong>Specifika teknike<\/strong><\/p>\n<p>Marka: Hurom<\/p>\n<p>Fuqia:150W<\/p>\n<p>Kapaciteti: 0.35 L<\/p>\n<p>Rrotullime p\u00ebr minut 34(rpm)<\/p>\n<p>Ruan vitaminat, enzimat, fibrat<\/p>\n<p>Nuk shkakton oksidim<\/p>\n<p>Silencioze<\/p>\n<p>Got\u00eb p\u00ebr l\u00ebngun<\/p>\n<p>Leht\u00ebsisht e pastrueshme<\/p>\n","protected":false},"featured_media":3872,"template":"","meta":[],"product_brand":[],"product_cat":[31,104],"product_tag":[],"class_list":{"0":"post-3871","1":"product","2":"type-product","3":"status-publish","4":"has-post-thumbnail","6":"product_cat-elektroshtepiake-te-vogla","7":"product_cat-shtrydhese","8":"description-off","10":"first","11":"instock","12":"shipping-taxable","13":"product-type-simple"},"_links":{"self":[{"href":"https:\/\/jb-electronics.al\/index.php\/wp-json\/wp\/v2\/product\/3871","targetHints":{"allow":["GET"]}}],"collection":[{"href":"https:\/\/jb-electronics.al\/index.php\/wp-json\/wp\/v2\/product"}],"about":[{"href":"https:\/\/jb-electronics.al\/index.php\/wp-json\/wp\/v2\/types\/product"}],"wp:featuredmedia":[{"embeddable":true,"href":"https:\/\/jb-electronics.al\/index.php\/wp-json\/wp\/v2\/media\/3872"}],"wp:attachment":[{"href":"https:\/\/jb-electronics.al\/index.php\/wp-json\/wp\/v2\/media?parent=3871"}],"wp:term":[{"taxonomy":"product_brand","embeddable":true,"href":"https:\/\/jb-electronics.al\/index.php\/wp-json\/wp\/v2\/product_brand?post=3871"},{"taxonomy":"product_cat","embeddable":true,"href":"https:\/\/jb-electronics.al\/index.php\/wp-json\/wp\/v2\/product_cat?post=3871"},{"taxonomy":"product_tag","embeddable":true,"href":"https:\/\/jb-electronics.al\/index.php\/wp-json\/wp\/v2\/product_tag?post=3871"}],"curies":[{"name":"wp","href":"https:\/\/api.w.org\/{rel}","templated":true}]}}