{"id":3867,"date":"2022-09-22T10:29:07","date_gmt":"2022-09-22T10:29:07","guid":{"rendered":"https:\/\/jb-electronics.al\/?post_type=product&#038;p=3867"},"modified":"2022-09-30T09:44:51","modified_gmt":"2022-09-30T09:44:51","slug":"shtrydhese-frutash-philips-hr2744-40","status":"publish","type":"product","link":"https:\/\/jb-electronics.al\/index.php\/product\/shtrydhese-frutash-philips-hr2744-40\/","title":{"rendered":"Shtrydh\u00ebse frutash PHILIPS HR2744\/40"},"content":{"rendered":"","protected":false},"excerpt":{"rendered":"<p><strong>Specifika teknike<\/strong><\/p>\n<p>Marka: Philips<\/p>\n<p>Fuqia: 25W<\/p>\n<p>Got\u00eb shtes\u00eb p\u00ebr l\u00ebngun: Jo<\/p>\n<p>Kapaciteti i got\u00ebs s\u00eb l\u00ebngut: 600 ml<\/p>\n<p>Nivelet e fuqis\u00eb: 1<\/p>\n<p>Ngjyra: E Bardh\u00eb\/Portokalli<\/p>\n","protected":false},"featured_media":3868,"template":"","meta":[],"product_brand":[],"product_cat":[31,104],"product_tag":[],"class_list":{"0":"post-3867","1":"product","2":"type-product","3":"status-publish","4":"has-post-thumbnail","6":"product_cat-elektroshtepiake-te-vogla","7":"product_cat-shtrydhese","8":"description-off","10":"first","11":"instock","12":"shipping-taxable","13":"product-type-simple"},"_links":{"self":[{"href":"https:\/\/jb-electronics.al\/index.php\/wp-json\/wp\/v2\/product\/3867","targetHints":{"allow":["GET"]}}],"collection":[{"href":"https:\/\/jb-electronics.al\/index.php\/wp-json\/wp\/v2\/product"}],"about":[{"href":"https:\/\/jb-electronics.al\/index.php\/wp-json\/wp\/v2\/types\/product"}],"wp:featuredmedia":[{"embeddable":true,"href":"https:\/\/jb-electronics.al\/index.php\/wp-json\/wp\/v2\/media\/3868"}],"wp:attachment":[{"href":"https:\/\/jb-electronics.al\/index.php\/wp-json\/wp\/v2\/media?parent=3867"}],"wp:term":[{"taxonomy":"product_brand","embeddable":true,"href":"https:\/\/jb-electronics.al\/index.php\/wp-json\/wp\/v2\/product_brand?post=3867"},{"taxonomy":"product_cat","embeddable":true,"href":"https:\/\/jb-electronics.al\/index.php\/wp-json\/wp\/v2\/product_cat?post=3867"},{"taxonomy":"product_tag","embeddable":true,"href":"https:\/\/jb-electronics.al\/index.php\/wp-json\/wp\/v2\/product_tag?post=3867"}],"curies":[{"name":"wp","href":"https:\/\/api.w.org\/{rel}","templated":true}]}}