{"id":3862,"date":"2022-09-22T10:16:22","date_gmt":"2022-09-22T10:16:22","guid":{"rendered":"https:\/\/jb-electronics.al\/?post_type=product&#038;p=3862"},"modified":"2022-09-30T10:35:07","modified_gmt":"2022-09-30T10:35:07","slug":"makine-rroje-philips-5130","status":"publish","type":"product","link":"https:\/\/jb-electronics.al\/index.php\/product\/makine-rroje-philips-5130\/","title":{"rendered":"Makin\u00eb rroje PHILIPS 5130"},"content":{"rendered":"","protected":false},"excerpt":{"rendered":"<p><strong>Specifika teknike<\/strong><\/p>\n<p>Marka: Philips<\/p>\n<div class=\"ty-product-feature\"><span class=\"ty-product-feature__label\">Funksioni:<\/span> Rroje, Shkurtimi<\/div>\n<div class=\"ty-product-feature\"><span class=\"ty-product-feature__label\">Fuqia:<\/span> 5.4 W<\/div>\n<div class=\"ty-product-feature\"><span class=\"ty-product-feature__label\">P\u00ebrdorimi:<\/span> N\u00eb t\u00eb that\u00eb<\/div>\n","protected":false},"featured_media":3863,"template":"","meta":[],"product_brand":[],"product_cat":[31,108,113],"product_tag":[],"class_list":{"0":"post-3862","1":"product","2":"type-product","3":"status-publish","4":"has-post-thumbnail","6":"product_cat-elektroshtepiake-te-vogla","7":"product_cat-kujdesi-personal","8":"product_cat-makine-rroje","9":"description-off","11":"first","12":"instock","13":"shipping-taxable","14":"product-type-simple"},"_links":{"self":[{"href":"https:\/\/jb-electronics.al\/index.php\/wp-json\/wp\/v2\/product\/3862","targetHints":{"allow":["GET"]}}],"collection":[{"href":"https:\/\/jb-electronics.al\/index.php\/wp-json\/wp\/v2\/product"}],"about":[{"href":"https:\/\/jb-electronics.al\/index.php\/wp-json\/wp\/v2\/types\/product"}],"wp:featuredmedia":[{"embeddable":true,"href":"https:\/\/jb-electronics.al\/index.php\/wp-json\/wp\/v2\/media\/3863"}],"wp:attachment":[{"href":"https:\/\/jb-electronics.al\/index.php\/wp-json\/wp\/v2\/media?parent=3862"}],"wp:term":[{"taxonomy":"product_brand","embeddable":true,"href":"https:\/\/jb-electronics.al\/index.php\/wp-json\/wp\/v2\/product_brand?post=3862"},{"taxonomy":"product_cat","embeddable":true,"href":"https:\/\/jb-electronics.al\/index.php\/wp-json\/wp\/v2\/product_cat?post=3862"},{"taxonomy":"product_tag","embeddable":true,"href":"https:\/\/jb-electronics.al\/index.php\/wp-json\/wp\/v2\/product_tag?post=3862"}],"curies":[{"name":"wp","href":"https:\/\/api.w.org\/{rel}","templated":true}]}}