{"id":3854,"date":"2022-09-22T09:58:51","date_gmt":"2022-09-22T09:58:51","guid":{"rendered":"https:\/\/jb-electronics.al\/?post_type=product&#038;p=3854"},"modified":"2022-09-22T09:58:54","modified_gmt":"2022-09-22T09:58:54","slug":"friteze-arzum-ar247","status":"publish","type":"product","link":"https:\/\/jb-electronics.al\/index.php\/product\/friteze-arzum-ar247\/","title":{"rendered":"Fritez\u00eb ARZUM AR247"},"content":{"rendered":"","protected":false},"excerpt":{"rendered":"<p><strong>Specifika teknike<\/strong><\/p>\n<p>Marka: Arzum<\/p>\n<p>Fuqia: <span class=\"Y2IQFc\" lang=\"sq\">1100 W <\/span><\/p>\n<p><span class=\"Y2IQFc\" lang=\"sq\">Kapaciteti i vajit 0.8 lt <\/span><\/p>\n<p><span class=\"Y2IQFc\" lang=\"sq\">Rezervuari i vajit i l\u00ebvizsh\u00ebm<\/span><\/p>\n<p><span class=\"Y2IQFc\" lang=\"sq\">Thyerje e leht\u00eb e vajit dhe pastrim i leht\u00eb i dhom\u00ebs <\/span><\/p>\n<p><span class=\"Y2IQFc\" lang=\"sq\">Filtri i er\u00ebs dhe vajit <\/span><\/p>\n<p><span class=\"Y2IQFc\" lang=\"sq\">Shporta dhe doreza e skuqjes <\/span><\/p>\n<p><span class=\"Y2IQFc\" lang=\"sq\">Butoni i rregullimit t\u00eb termostatit dhe drita paralajm\u00ebruese <\/span><\/p>\n<p><span class=\"Y2IQFc\" lang=\"sq\">Butoni i l\u00ebshimit automatik t\u00eb kapakut <\/span><\/p>\n<p><span class=\"Y2IQFc\" lang=\"sq\">Ngjyra: E bardh\u00eb<\/span><\/p>\n","protected":false},"featured_media":3855,"template":"","meta":[],"product_brand":[],"product_cat":[31,201],"product_tag":[],"class_list":{"0":"post-3854","1":"product","2":"type-product","3":"status-publish","4":"has-post-thumbnail","6":"product_cat-elektroshtepiake-te-vogla","7":"product_cat-friteze","8":"description-off","10":"first","11":"instock","12":"shipping-taxable","13":"product-type-simple"},"_links":{"self":[{"href":"https:\/\/jb-electronics.al\/index.php\/wp-json\/wp\/v2\/product\/3854","targetHints":{"allow":["GET"]}}],"collection":[{"href":"https:\/\/jb-electronics.al\/index.php\/wp-json\/wp\/v2\/product"}],"about":[{"href":"https:\/\/jb-electronics.al\/index.php\/wp-json\/wp\/v2\/types\/product"}],"wp:featuredmedia":[{"embeddable":true,"href":"https:\/\/jb-electronics.al\/index.php\/wp-json\/wp\/v2\/media\/3855"}],"wp:attachment":[{"href":"https:\/\/jb-electronics.al\/index.php\/wp-json\/wp\/v2\/media?parent=3854"}],"wp:term":[{"taxonomy":"product_brand","embeddable":true,"href":"https:\/\/jb-electronics.al\/index.php\/wp-json\/wp\/v2\/product_brand?post=3854"},{"taxonomy":"product_cat","embeddable":true,"href":"https:\/\/jb-electronics.al\/index.php\/wp-json\/wp\/v2\/product_cat?post=3854"},{"taxonomy":"product_tag","embeddable":true,"href":"https:\/\/jb-electronics.al\/index.php\/wp-json\/wp\/v2\/product_tag?post=3854"}],"curies":[{"name":"wp","href":"https:\/\/api.w.org\/{rel}","templated":true}]}}