{"id":3840,"date":"2022-09-22T09:03:37","date_gmt":"2022-09-22T09:03:37","guid":{"rendered":"https:\/\/jb-electronics.al\/?post_type=product&#038;p=3840"},"modified":"2022-09-30T11:01:42","modified_gmt":"2022-09-30T11:01:42","slug":"aspirator-electrolux-lfp536x","status":"publish","type":"product","link":"https:\/\/jb-electronics.al\/index.php\/product\/aspirator-electrolux-lfp536x\/","title":{"rendered":"Aspirator ELECTROLUX LFP536X"},"content":{"rendered":"","protected":false},"excerpt":{"rendered":"<p><strong>Specifikime teknike<\/strong><\/p>\n<p>Marka: Electrolux<\/p>\n<p>Lloji i instalimit: I l\u00ebvizsh\u00ebm, gj\u00ebr\u00ebsia 60 cm<\/p>\n<p>Numri i shpejt\u00ebsive: 3<\/p>\n<p>Kapaciteti i thithjes s\u00eb ajrit (i lart\u00eb\/i ul\u00ebt): \/ m\u00b3\/h<\/p>\n<p>Niveli maksimal i zhurm\u00ebs (i lart\u00eb\/i ul\u00ebt): \/ dB(A)<\/p>\n<p>Butona kontrolli me shtypje 3 me shpejt\u00ebsi<\/p>\n<p>Thithje e ajrit ose riqarkullim i mundsh\u00ebm, n\u00ebse \u00ebsht\u00eb instaluar filtri prej qymyrdruri (aksesor i mundsh\u00ebm).<\/p>\n<p>Lloji dhe numri i llampave t\u00eb aspiratorit:LED spotlight, 2<\/p>\n<p>Lloji dhe numri i filtrit lubrifikues: Rrjet\u00eb alumini, 2<\/p>\n<p>Ngjyra:\u00a0Inoks<\/p>\n<p>Dalja e ajrit:\u00a0150<\/p>\n<p>Pesha neto e pastruesit dhe aksesor\u00ebt pa paketime :\u00a09.95<\/p>\n<p>P\u00ebrmasat LxGjxTh n\u00eb mm:\u00a0339x560x298<\/p>\n<p>Lart\u00ebsia maksimale e jashtme:\u00a0339<\/p>\n<p>&nbsp;<\/p>\n","protected":false},"featured_media":3841,"template":"","meta":[],"product_brand":[],"product_cat":[42,69,58],"product_tag":[],"class_list":{"0":"post-3840","1":"product","2":"type-product","3":"status-publish","4":"has-post-thumbnail","6":"product_cat-aspirator-2","7":"product_cat-gatim","8":"product_cat-total-inkaso","9":"description-off","11":"first","12":"instock","13":"shipping-taxable","14":"product-type-simple"},"_links":{"self":[{"href":"https:\/\/jb-electronics.al\/index.php\/wp-json\/wp\/v2\/product\/3840","targetHints":{"allow":["GET"]}}],"collection":[{"href":"https:\/\/jb-electronics.al\/index.php\/wp-json\/wp\/v2\/product"}],"about":[{"href":"https:\/\/jb-electronics.al\/index.php\/wp-json\/wp\/v2\/types\/product"}],"wp:featuredmedia":[{"embeddable":true,"href":"https:\/\/jb-electronics.al\/index.php\/wp-json\/wp\/v2\/media\/3841"}],"wp:attachment":[{"href":"https:\/\/jb-electronics.al\/index.php\/wp-json\/wp\/v2\/media?parent=3840"}],"wp:term":[{"taxonomy":"product_brand","embeddable":true,"href":"https:\/\/jb-electronics.al\/index.php\/wp-json\/wp\/v2\/product_brand?post=3840"},{"taxonomy":"product_cat","embeddable":true,"href":"https:\/\/jb-electronics.al\/index.php\/wp-json\/wp\/v2\/product_cat?post=3840"},{"taxonomy":"product_tag","embeddable":true,"href":"https:\/\/jb-electronics.al\/index.php\/wp-json\/wp\/v2\/product_tag?post=3840"}],"curies":[{"name":"wp","href":"https:\/\/api.w.org\/{rel}","templated":true}]}}