{"id":3692,"date":"2022-09-14T10:39:13","date_gmt":"2022-09-14T10:39:13","guid":{"rendered":"https:\/\/jb-electronics.al\/?post_type=product&#038;p=3692"},"modified":"2022-10-03T09:31:48","modified_gmt":"2022-10-03T09:31:48","slug":"frigorifer-lg-gbf567pzcmb","status":"publish","type":"product","link":"https:\/\/jb-electronics.al\/index.php\/product\/frigorifer-lg-gbf567pzcmb\/","title":{"rendered":"Frigorifer LG GBF567PZCMB"},"content":{"rendered":"","protected":false},"excerpt":{"rendered":"<p><strong>Specifika teknike<\/strong><\/p>\n<p>Marka: LG<\/p>\n<p>Tipi i frigoriferit: Ngrir\u00ebs i posht\u00ebm<\/p>\n<p>Kapaciteti total:450 L<\/p>\n<p>Kapaciteti neto: 122\/ 329 L<\/p>\n<p>Lloji i ftohjes: Me aj\u00ebr<\/p>\n<p>Ngjyra: Gri\/ Inox<\/p>\n<p>Tipi i vendosjes: Q\u00ebndrim i lir\u00eb<\/p>\n<p>Materiali i rafteve: Xham<\/p>\n<p>Nd\u00ebrrimi i hapjes s\u00eb der\u00ebs: Po<\/p>\n<p>Paneli i kontrollit: Elektronik<\/p>\n<p>Klasi i energjis\u00eb: A++<\/p>\n<p>Mbrojtja e ushqimeve: Po<\/p>\n<p>Opsioni i pushimeve: Alarm tek dera<\/p>\n<p>Ndricim i brendsh\u00ebm: Led<\/p>\n<p>Zona e freskis\u00eb: Po<\/p>\n<p>Kompresori: Inverter linear<\/p>\n<p>Niveli i zhurm\u00ebs: 36 dB<\/p>\n<p>P\u00ebrmasat: 70.5 x 185 x 74 cm<\/p>\n","protected":false},"featured_media":3693,"template":"","meta":[],"product_brand":[],"product_cat":[60,61],"product_tag":[],"class_list":{"0":"post-3692","1":"product","2":"type-product","3":"status-publish","4":"has-post-thumbnail","6":"product_cat-frigorifere","7":"product_cat-qendrim-i-lire","8":"description-off","10":"first","11":"instock","12":"shipping-taxable","13":"product-type-simple"},"_links":{"self":[{"href":"https:\/\/jb-electronics.al\/index.php\/wp-json\/wp\/v2\/product\/3692","targetHints":{"allow":["GET"]}}],"collection":[{"href":"https:\/\/jb-electronics.al\/index.php\/wp-json\/wp\/v2\/product"}],"about":[{"href":"https:\/\/jb-electronics.al\/index.php\/wp-json\/wp\/v2\/types\/product"}],"wp:featuredmedia":[{"embeddable":true,"href":"https:\/\/jb-electronics.al\/index.php\/wp-json\/wp\/v2\/media\/3693"}],"wp:attachment":[{"href":"https:\/\/jb-electronics.al\/index.php\/wp-json\/wp\/v2\/media?parent=3692"}],"wp:term":[{"taxonomy":"product_brand","embeddable":true,"href":"https:\/\/jb-electronics.al\/index.php\/wp-json\/wp\/v2\/product_brand?post=3692"},{"taxonomy":"product_cat","embeddable":true,"href":"https:\/\/jb-electronics.al\/index.php\/wp-json\/wp\/v2\/product_cat?post=3692"},{"taxonomy":"product_tag","embeddable":true,"href":"https:\/\/jb-electronics.al\/index.php\/wp-json\/wp\/v2\/product_tag?post=3692"}],"curies":[{"name":"wp","href":"https:\/\/api.w.org\/{rel}","templated":true}]}}