{"id":3687,"date":"2022-09-14T10:18:45","date_gmt":"2022-09-14T10:18:45","guid":{"rendered":"https:\/\/jb-electronics.al\/?post_type=product&#038;p=3687"},"modified":"2022-10-03T09:32:05","modified_gmt":"2022-10-03T09:32:05","slug":"frigorifer-lg-gbf72nsdmn","status":"publish","type":"product","link":"https:\/\/jb-electronics.al\/index.php\/product\/frigorifer-lg-gbf72nsdmn\/","title":{"rendered":"Frigorifer LG GBF72NSDMN"},"content":{"rendered":"","protected":false},"excerpt":{"rendered":"<p><strong>Specifika teknike<\/strong><\/p>\n<p>Marka: LG<\/p>\n<p>Kapaciteti total: 379 L<\/p>\n<p>Kapaciteti neto: 107\/ 272 L<\/p>\n<p>Lloji i ftohjes: Me aj\u00ebr<\/p>\n<p>Ngjyra: Gri<\/p>\n<p>Tipi i vendosjes: Q\u00ebndrim i lir\u00eb<\/p>\n<p>Materiali i rafteve: Xham<\/p>\n<p>Nd\u00ebrrimi i hapjes s\u00eb der\u00ebs: Po<\/p>\n<p>Paneli i kontrollit: Elektronik<\/p>\n<p>Klasi i energjis\u00eb: D<\/p>\n<p>Mbrojtja e ushqimeve: Bioshield<\/p>\n<p>Opsioni i pushimeve: Alarm tek dera<\/p>\n<p>Ndricim i brendsh\u00ebm: Led<\/p>\n<p>Zona e freskis\u00eb: Po<\/p>\n<p>Kompresori: Inverter<\/p>\n<p>Niveli i zhurm\u00ebs: 36 dB<\/p>\n<p>P\u00ebrmasat: 203 x 59.5 x 68.2 cm<\/p>\n","protected":false},"featured_media":3689,"template":"","meta":[],"product_brand":[],"product_cat":[60,61],"product_tag":[],"class_list":{"0":"post-3687","1":"product","2":"type-product","3":"status-publish","4":"has-post-thumbnail","6":"product_cat-frigorifere","7":"product_cat-qendrim-i-lire","8":"description-off","10":"first","11":"instock","12":"shipping-taxable","13":"product-type-simple"},"_links":{"self":[{"href":"https:\/\/jb-electronics.al\/index.php\/wp-json\/wp\/v2\/product\/3687","targetHints":{"allow":["GET"]}}],"collection":[{"href":"https:\/\/jb-electronics.al\/index.php\/wp-json\/wp\/v2\/product"}],"about":[{"href":"https:\/\/jb-electronics.al\/index.php\/wp-json\/wp\/v2\/types\/product"}],"wp:featuredmedia":[{"embeddable":true,"href":"https:\/\/jb-electronics.al\/index.php\/wp-json\/wp\/v2\/media\/3689"}],"wp:attachment":[{"href":"https:\/\/jb-electronics.al\/index.php\/wp-json\/wp\/v2\/media?parent=3687"}],"wp:term":[{"taxonomy":"product_brand","embeddable":true,"href":"https:\/\/jb-electronics.al\/index.php\/wp-json\/wp\/v2\/product_brand?post=3687"},{"taxonomy":"product_cat","embeddable":true,"href":"https:\/\/jb-electronics.al\/index.php\/wp-json\/wp\/v2\/product_cat?post=3687"},{"taxonomy":"product_tag","embeddable":true,"href":"https:\/\/jb-electronics.al\/index.php\/wp-json\/wp\/v2\/product_tag?post=3687"}],"curies":[{"name":"wp","href":"https:\/\/api.w.org\/{rel}","templated":true}]}}