{"id":3659,"date":"2022-09-02T13:46:36","date_gmt":"2022-09-02T13:46:36","guid":{"rendered":"https:\/\/jb-electronics.al\/?post_type=product&#038;p=3659"},"modified":"2022-09-30T10:30:42","modified_gmt":"2022-09-30T10:30:42","slug":"mashe-arzum-ar5036","status":"publish","type":"product","link":"https:\/\/jb-electronics.al\/index.php\/product\/mashe-arzum-ar5036\/","title":{"rendered":"Pjast\u00ebr kreher ARZUM AR5036"},"content":{"rendered":"","protected":false},"excerpt":{"rendered":"<p><strong>Specifika teknike<\/strong><\/p>\n<p>Marka: Arzum<\/p>\n<p>Jonik: Po<\/p>\n<p>Temperatura e nxeht\u00ebsis\u00eb: 140-220 grad\u00eb<\/p>\n<p>Fikje automatike: 30 min<\/p>\n<p>Materiali: Pllak\u00eb qeramike<\/p>\n<p>Kreh\u00ebr n\u00eb t\u00eb ftoht\u00eb: Po<\/p>\n<p>Cel\u00ebs bllokimi: Po<\/p>\n","protected":false},"featured_media":3660,"template":"","meta":[],"product_brand":[],"product_cat":[31,108,110],"product_tag":[],"class_list":{"0":"post-3659","1":"product","2":"type-product","3":"status-publish","4":"has-post-thumbnail","6":"product_cat-elektroshtepiake-te-vogla","7":"product_cat-kujdesi-personal","8":"product_cat-pjaster","9":"description-off","11":"first","12":"instock","13":"shipping-taxable","14":"product-type-simple"},"_links":{"self":[{"href":"https:\/\/jb-electronics.al\/index.php\/wp-json\/wp\/v2\/product\/3659","targetHints":{"allow":["GET"]}}],"collection":[{"href":"https:\/\/jb-electronics.al\/index.php\/wp-json\/wp\/v2\/product"}],"about":[{"href":"https:\/\/jb-electronics.al\/index.php\/wp-json\/wp\/v2\/types\/product"}],"wp:featuredmedia":[{"embeddable":true,"href":"https:\/\/jb-electronics.al\/index.php\/wp-json\/wp\/v2\/media\/3660"}],"wp:attachment":[{"href":"https:\/\/jb-electronics.al\/index.php\/wp-json\/wp\/v2\/media?parent=3659"}],"wp:term":[{"taxonomy":"product_brand","embeddable":true,"href":"https:\/\/jb-electronics.al\/index.php\/wp-json\/wp\/v2\/product_brand?post=3659"},{"taxonomy":"product_cat","embeddable":true,"href":"https:\/\/jb-electronics.al\/index.php\/wp-json\/wp\/v2\/product_cat?post=3659"},{"taxonomy":"product_tag","embeddable":true,"href":"https:\/\/jb-electronics.al\/index.php\/wp-json\/wp\/v2\/product_tag?post=3659"}],"curies":[{"name":"wp","href":"https:\/\/api.w.org\/{rel}","templated":true}]}}