{"id":3642,"date":"2022-09-02T10:46:20","date_gmt":"2022-09-02T10:46:20","guid":{"rendered":"https:\/\/jb-electronics.al\/?post_type=product&#038;p=3642"},"modified":"2022-09-30T10:32:00","modified_gmt":"2022-09-30T10:32:00","slug":"pjaster-imetec-11539","status":"publish","type":"product","link":"https:\/\/jb-electronics.al\/index.php\/product\/pjaster-imetec-11539\/","title":{"rendered":"Pjast\u00ebr IMETEC 11539"},"content":{"rendered":"","protected":false},"excerpt":{"rendered":"<p><strong>Specifika teknike<\/strong><\/p>\n<p>Marka: Imetec<\/p>\n<p>Lloji i flok\u00ebve: T\u00eb gjitha, t\u00eb drejta, me onde, t\u00eb dredhura, kacurrela<\/p>\n<p>Materiali: Qeramik\u00eb<\/p>\n<p>Burimi i energjis\u00eb: Elektrike me kabllo<\/p>\n","protected":false},"featured_media":3643,"template":"","meta":[],"product_brand":[],"product_cat":[31,108,110],"product_tag":[],"class_list":{"0":"post-3642","1":"product","2":"type-product","3":"status-publish","4":"has-post-thumbnail","6":"product_cat-elektroshtepiake-te-vogla","7":"product_cat-kujdesi-personal","8":"product_cat-pjaster","9":"description-off","11":"first","12":"instock","13":"shipping-taxable","14":"product-type-simple"},"_links":{"self":[{"href":"https:\/\/jb-electronics.al\/index.php\/wp-json\/wp\/v2\/product\/3642","targetHints":{"allow":["GET"]}}],"collection":[{"href":"https:\/\/jb-electronics.al\/index.php\/wp-json\/wp\/v2\/product"}],"about":[{"href":"https:\/\/jb-electronics.al\/index.php\/wp-json\/wp\/v2\/types\/product"}],"wp:featuredmedia":[{"embeddable":true,"href":"https:\/\/jb-electronics.al\/index.php\/wp-json\/wp\/v2\/media\/3643"}],"wp:attachment":[{"href":"https:\/\/jb-electronics.al\/index.php\/wp-json\/wp\/v2\/media?parent=3642"}],"wp:term":[{"taxonomy":"product_brand","embeddable":true,"href":"https:\/\/jb-electronics.al\/index.php\/wp-json\/wp\/v2\/product_brand?post=3642"},{"taxonomy":"product_cat","embeddable":true,"href":"https:\/\/jb-electronics.al\/index.php\/wp-json\/wp\/v2\/product_cat?post=3642"},{"taxonomy":"product_tag","embeddable":true,"href":"https:\/\/jb-electronics.al\/index.php\/wp-json\/wp\/v2\/product_tag?post=3642"}],"curies":[{"name":"wp","href":"https:\/\/api.w.org\/{rel}","templated":true}]}}