{"id":3628,"date":"2022-09-02T09:20:18","date_gmt":"2022-09-02T09:20:18","guid":{"rendered":"https:\/\/jb-electronics.al\/?post_type=product&#038;p=3628"},"modified":"2022-09-30T10:35:40","modified_gmt":"2022-09-30T10:35:40","slug":"makine-qethje-arzum-ar5505","status":"publish","type":"product","link":"https:\/\/jb-electronics.al\/index.php\/product\/makine-qethje-arzum-ar5505\/","title":{"rendered":"Makin\u00eb qethje ARZUM AR5505"},"content":{"rendered":"","protected":false},"excerpt":{"rendered":"<p><strong>Specifika teknike<\/strong><\/p>\n<p>Marka: Arzum<\/p>\n<p>Zonat e p\u00ebrdorimit: Qaf\u00eb, flok\u00eb<\/p>\n<p>Opsioni i shpejt\u00ebsis\u00eb: Dy Nivele<\/p>\n<p>Koha e karikimit t\u00eb bateris\u00eb: 8 Ore<\/p>\n<p>Autonomi: 60 Min<\/p>\n<p>P\u00ebrdorim pa kabull: Po<\/p>\n<p>Thikat: Tehe prej celiku inox<\/p>\n<p>Gjat\u00ebsi t\u00eb prera: 11<\/p>\n<p>Preciziteti: 1.5 mm<\/p>\n<p>Kreh\u00ebr flok\u00ebsh: 3-11 mm\/ 14-24 mm<\/p>\n<p>Kok\u00eb e lar\u00eb: Po<\/p>\n<p>&nbsp;<\/p>\n","protected":false},"featured_media":3629,"template":"","meta":[],"product_brand":[],"product_cat":[31,108,112],"product_tag":[],"class_list":{"0":"post-3628","1":"product","2":"type-product","3":"status-publish","4":"has-post-thumbnail","6":"product_cat-elektroshtepiake-te-vogla","7":"product_cat-kujdesi-personal","8":"product_cat-makine-qethje","9":"description-off","11":"first","12":"instock","13":"shipping-taxable","14":"product-type-simple"},"_links":{"self":[{"href":"https:\/\/jb-electronics.al\/index.php\/wp-json\/wp\/v2\/product\/3628","targetHints":{"allow":["GET"]}}],"collection":[{"href":"https:\/\/jb-electronics.al\/index.php\/wp-json\/wp\/v2\/product"}],"about":[{"href":"https:\/\/jb-electronics.al\/index.php\/wp-json\/wp\/v2\/types\/product"}],"wp:featuredmedia":[{"embeddable":true,"href":"https:\/\/jb-electronics.al\/index.php\/wp-json\/wp\/v2\/media\/3629"}],"wp:attachment":[{"href":"https:\/\/jb-electronics.al\/index.php\/wp-json\/wp\/v2\/media?parent=3628"}],"wp:term":[{"taxonomy":"product_brand","embeddable":true,"href":"https:\/\/jb-electronics.al\/index.php\/wp-json\/wp\/v2\/product_brand?post=3628"},{"taxonomy":"product_cat","embeddable":true,"href":"https:\/\/jb-electronics.al\/index.php\/wp-json\/wp\/v2\/product_cat?post=3628"},{"taxonomy":"product_tag","embeddable":true,"href":"https:\/\/jb-electronics.al\/index.php\/wp-json\/wp\/v2\/product_tag?post=3628"}],"curies":[{"name":"wp","href":"https:\/\/api.w.org\/{rel}","templated":true}]}}