{"id":3586,"date":"2022-09-01T08:58:38","date_gmt":"2022-09-01T08:58:38","guid":{"rendered":"https:\/\/jb-electronics.al\/?post_type=product&#038;p=3586"},"modified":"2022-09-01T08:58:40","modified_gmt":"2022-09-01T08:58:40","slug":"sobe-gorex-e822s","status":"publish","type":"product","link":"https:\/\/jb-electronics.al\/index.php\/product\/sobe-gorex-e822s\/","title":{"rendered":"Sob\u00eb GOREX E822S"},"content":{"rendered":"","protected":false},"excerpt":{"rendered":"<p><strong>Specifika teknike<\/strong><\/p>\n<p>Marka: Gorex<\/p>\n<p>Model: 2 gaz 2 korent<\/p>\n<p>Llampa: 15-25 W<\/p>\n<p>Termostat: 50-300 grad\u00eb C<\/p>\n<p>Cel\u00ebs ventilimi: 38 W<\/p>\n<p>Rezistenc\u00eb lart: 850 W<\/p>\n<p>Rezistenc\u00eb posht\u00eb: 1300 W<\/p>\n<p>Pikta 1000 w-1500 w 4 korent<\/p>\n<p>Klasi energjitik: A<\/p>\n<p>P\u00ebrmasat: 60 x 65 x 90 cm<\/p>\n<p>Kapaciteti: 64 L<\/p>\n<p>Aksesor\u00eb: 1 tav\u00eb, 1 zgar\u00eb.<\/p>\n","protected":false},"featured_media":3587,"template":"","meta":[],"product_brand":[],"product_cat":[69,70],"product_tag":[],"class_list":{"0":"post-3586","1":"product","2":"type-product","3":"status-publish","4":"has-post-thumbnail","6":"product_cat-gatim","7":"product_cat-soba","8":"description-off","10":"first","11":"instock","12":"shipping-taxable","13":"product-type-simple"},"_links":{"self":[{"href":"https:\/\/jb-electronics.al\/index.php\/wp-json\/wp\/v2\/product\/3586","targetHints":{"allow":["GET"]}}],"collection":[{"href":"https:\/\/jb-electronics.al\/index.php\/wp-json\/wp\/v2\/product"}],"about":[{"href":"https:\/\/jb-electronics.al\/index.php\/wp-json\/wp\/v2\/types\/product"}],"wp:featuredmedia":[{"embeddable":true,"href":"https:\/\/jb-electronics.al\/index.php\/wp-json\/wp\/v2\/media\/3587"}],"wp:attachment":[{"href":"https:\/\/jb-electronics.al\/index.php\/wp-json\/wp\/v2\/media?parent=3586"}],"wp:term":[{"taxonomy":"product_brand","embeddable":true,"href":"https:\/\/jb-electronics.al\/index.php\/wp-json\/wp\/v2\/product_brand?post=3586"},{"taxonomy":"product_cat","embeddable":true,"href":"https:\/\/jb-electronics.al\/index.php\/wp-json\/wp\/v2\/product_cat?post=3586"},{"taxonomy":"product_tag","embeddable":true,"href":"https:\/\/jb-electronics.al\/index.php\/wp-json\/wp\/v2\/product_tag?post=3586"}],"curies":[{"name":"wp","href":"https:\/\/api.w.org\/{rel}","templated":true}]}}