{"id":3553,"date":"2022-08-12T08:53:16","date_gmt":"2022-08-12T08:53:16","guid":{"rendered":"https:\/\/jb-electronics.al\/?post_type=product&#038;p=3553"},"modified":"2022-09-30T10:26:49","modified_gmt":"2022-09-30T10:26:49","slug":"tharese-flokesh-arzum-ar5004","status":"publish","type":"product","link":"https:\/\/jb-electronics.al\/index.php\/product\/tharese-flokesh-arzum-ar5004\/","title":{"rendered":"Thar\u00ebse flok\u00ebsh ARZUM AR5004"},"content":{"rendered":"","protected":false},"excerpt":{"rendered":"<p><strong>Specifika teknike:<\/strong><\/p>\n<p>Marka: Arzum<\/p>\n<p>Modeli: Arzum AR5004<\/p>\n<p>Fuqia: 2200W<\/p>\n<p>Nivet e temperatur\u00ebs: 3<\/p>\n<p>Nivelet e shpejt\u00ebsis\u00eb: 2<\/p>\n<p>Buton p\u00ebr aj\u00ebr t\u00eb ftoht\u00eb: Po<\/p>\n<p>Difuzor: Po<\/p>\n<p>Lloji i motorrit: Motorr AC<\/p>\n<p>Mbrojtje nga mbinxehja: Po<\/p>\n<p>Ngjyra: E Zez\u00eb<\/p>\n<p>&nbsp;<\/p>\n<p>&nbsp;<\/p>\n<p>&nbsp;<\/p>\n","protected":false},"featured_media":3554,"template":"","meta":[],"product_brand":[],"product_cat":[31,108,109],"product_tag":[],"class_list":{"0":"post-3553","1":"product","2":"type-product","3":"status-publish","4":"has-post-thumbnail","6":"product_cat-elektroshtepiake-te-vogla","7":"product_cat-kujdesi-personal","8":"product_cat-tharese-flokesh","9":"description-off","11":"first","12":"instock","13":"shipping-taxable","14":"product-type-simple"},"_links":{"self":[{"href":"https:\/\/jb-electronics.al\/index.php\/wp-json\/wp\/v2\/product\/3553","targetHints":{"allow":["GET"]}}],"collection":[{"href":"https:\/\/jb-electronics.al\/index.php\/wp-json\/wp\/v2\/product"}],"about":[{"href":"https:\/\/jb-electronics.al\/index.php\/wp-json\/wp\/v2\/types\/product"}],"wp:featuredmedia":[{"embeddable":true,"href":"https:\/\/jb-electronics.al\/index.php\/wp-json\/wp\/v2\/media\/3554"}],"wp:attachment":[{"href":"https:\/\/jb-electronics.al\/index.php\/wp-json\/wp\/v2\/media?parent=3553"}],"wp:term":[{"taxonomy":"product_brand","embeddable":true,"href":"https:\/\/jb-electronics.al\/index.php\/wp-json\/wp\/v2\/product_brand?post=3553"},{"taxonomy":"product_cat","embeddable":true,"href":"https:\/\/jb-electronics.al\/index.php\/wp-json\/wp\/v2\/product_cat?post=3553"},{"taxonomy":"product_tag","embeddable":true,"href":"https:\/\/jb-electronics.al\/index.php\/wp-json\/wp\/v2\/product_tag?post=3553"}],"curies":[{"name":"wp","href":"https:\/\/api.w.org\/{rel}","templated":true}]}}