{"id":3530,"date":"2022-08-10T09:37:27","date_gmt":"2022-08-10T09:37:27","guid":{"rendered":"https:\/\/jb-electronics.al\/?post_type=product&#038;p=3530"},"modified":"2022-09-30T10:35:57","modified_gmt":"2022-09-30T10:35:57","slug":"makine-qethje-arzum-ar5201","status":"publish","type":"product","link":"https:\/\/jb-electronics.al\/index.php\/product\/makine-qethje-arzum-ar5201\/","title":{"rendered":"Makin\u00eb qethje ARZUM AR5201"},"content":{"rendered":"","protected":false},"excerpt":{"rendered":"<p><strong>Specifika teknike<\/strong><\/p>\n<p>Marka: Arzum<\/p>\n<p>Preciziteti: 0.5 mm<\/p>\n<p>P\u00ebrdorim i karikuesh\u00ebm: Po<\/p>\n<p>Thikat: Teh inox<\/p>\n<p>Koka: Prerje flok\u00ebsh,mjek\u00ebr, hund\u00eb, vesh, trup<\/p>\n<p>Autonomia e bateris\u00eb: 60 min<\/p>\n<p>Teh flok\u00ebsh: Teh p\u00ebr mjek\u00ebr dhe flok\u00eb<\/p>\n<p>Baza e vendosjes: Po<\/p>\n<p>Koha e karikimit t\u00eb bateris\u00eb: 60 min<\/p>\n","protected":false},"featured_media":3532,"template":"","meta":[],"product_brand":[],"product_cat":[31,108,112],"product_tag":[],"class_list":{"0":"post-3530","1":"product","2":"type-product","3":"status-publish","4":"has-post-thumbnail","6":"product_cat-elektroshtepiake-te-vogla","7":"product_cat-kujdesi-personal","8":"product_cat-makine-qethje","9":"description-off","11":"first","12":"instock","13":"shipping-taxable","14":"product-type-simple"},"_links":{"self":[{"href":"https:\/\/jb-electronics.al\/index.php\/wp-json\/wp\/v2\/product\/3530","targetHints":{"allow":["GET"]}}],"collection":[{"href":"https:\/\/jb-electronics.al\/index.php\/wp-json\/wp\/v2\/product"}],"about":[{"href":"https:\/\/jb-electronics.al\/index.php\/wp-json\/wp\/v2\/types\/product"}],"wp:featuredmedia":[{"embeddable":true,"href":"https:\/\/jb-electronics.al\/index.php\/wp-json\/wp\/v2\/media\/3532"}],"wp:attachment":[{"href":"https:\/\/jb-electronics.al\/index.php\/wp-json\/wp\/v2\/media?parent=3530"}],"wp:term":[{"taxonomy":"product_brand","embeddable":true,"href":"https:\/\/jb-electronics.al\/index.php\/wp-json\/wp\/v2\/product_brand?post=3530"},{"taxonomy":"product_cat","embeddable":true,"href":"https:\/\/jb-electronics.al\/index.php\/wp-json\/wp\/v2\/product_cat?post=3530"},{"taxonomy":"product_tag","embeddable":true,"href":"https:\/\/jb-electronics.al\/index.php\/wp-json\/wp\/v2\/product_tag?post=3530"}],"curies":[{"name":"wp","href":"https:\/\/api.w.org\/{rel}","templated":true}]}}