{"id":3519,"date":"2022-08-09T09:49:49","date_gmt":"2022-08-09T09:49:49","guid":{"rendered":"https:\/\/jb-electronics.al\/?post_type=product&#038;p=3519"},"modified":"2022-08-09T09:49:51","modified_gmt":"2022-08-09T09:49:51","slug":"frigorifer-samsung-rs68a8820b1","status":"publish","type":"product","link":"https:\/\/jb-electronics.al\/index.php\/product\/frigorifer-samsung-rs68a8820b1\/","title":{"rendered":"Frigorifer SAMSUNG RS68A8820B1"},"content":{"rendered":"","protected":false},"excerpt":{"rendered":"<p><strong>Specifika teknike<\/strong><\/p>\n<p>Marka: Samsung<\/p>\n<p>Lloji: Frigorifer 2 kanat\u00ebsh<\/p>\n<p>Tipi i vendosjes: Q\u00ebndrim i lir\u00eb<\/p>\n<p>Ngjyra: E Zez\u00eb<\/p>\n<p>Kapaciteti Neto: 625 L<\/p>\n<p>Klasi i energjis\u00eb: A+<\/p>\n<p>Mbrojtja e ushqimeve: Twin Cooling Plus<\/p>\n<p>Ndricim i brendsh\u00ebm: Led<\/p>\n<p>Paneli i kontrollit: Elektronik me prekje<\/p>\n<p>Tipi i vendosjes: Q\u00ebndrim i lir\u00eb<\/p>\n<p>Materiali i rafteve: Xham<\/p>\n<p>Nd\u00ebrrimi i hapjes s\u00eb der\u00ebs: Po<\/p>\n<p>Opsione Extra: Sistem antibakterial<\/p>\n<p>Dispenser uji: Po<\/p>\n<p>Dispenser akulli: Po<\/p>\n<p>Rafte xhami: Po<\/p>\n<p>Zone e fresket: Po<\/p>\n<p>Opsioni i pushimeve: Alarm tek dera<\/p>\n<p>Kompresor: Inverter<\/p>\n<p>Niveli i zhurm\u00ebs: 38 dB<\/p>\n<p>P\u00ebrmasat: 91.3 x 179 x 73.5 cm<\/p>\n","protected":false},"featured_media":3520,"template":"","meta":[],"product_brand":[],"product_cat":[60,156],"product_tag":[],"class_list":{"0":"post-3519","1":"product","2":"type-product","3":"status-publish","4":"has-post-thumbnail","6":"product_cat-frigorifere","7":"product_cat-frigorifer-dykanatesh","8":"description-off","10":"first","11":"instock","12":"shipping-taxable","13":"product-type-simple"},"_links":{"self":[{"href":"https:\/\/jb-electronics.al\/index.php\/wp-json\/wp\/v2\/product\/3519","targetHints":{"allow":["GET"]}}],"collection":[{"href":"https:\/\/jb-electronics.al\/index.php\/wp-json\/wp\/v2\/product"}],"about":[{"href":"https:\/\/jb-electronics.al\/index.php\/wp-json\/wp\/v2\/types\/product"}],"wp:featuredmedia":[{"embeddable":true,"href":"https:\/\/jb-electronics.al\/index.php\/wp-json\/wp\/v2\/media\/3520"}],"wp:attachment":[{"href":"https:\/\/jb-electronics.al\/index.php\/wp-json\/wp\/v2\/media?parent=3519"}],"wp:term":[{"taxonomy":"product_brand","embeddable":true,"href":"https:\/\/jb-electronics.al\/index.php\/wp-json\/wp\/v2\/product_brand?post=3519"},{"taxonomy":"product_cat","embeddable":true,"href":"https:\/\/jb-electronics.al\/index.php\/wp-json\/wp\/v2\/product_cat?post=3519"},{"taxonomy":"product_tag","embeddable":true,"href":"https:\/\/jb-electronics.al\/index.php\/wp-json\/wp\/v2\/product_tag?post=3519"}],"curies":[{"name":"wp","href":"https:\/\/api.w.org\/{rel}","templated":true}]}}