{"id":3516,"date":"2022-08-09T09:39:09","date_gmt":"2022-08-09T09:39:09","guid":{"rendered":"https:\/\/jb-electronics.al\/?post_type=product&#038;p=3516"},"modified":"2022-08-09T09:39:40","modified_gmt":"2022-08-09T09:39:40","slug":"frigorifer-samsung-rs68a8531b1","status":"publish","type":"product","link":"https:\/\/jb-electronics.al\/index.php\/product\/frigorifer-samsung-rs68a8531b1\/","title":{"rendered":"Frigorifer SAMSUNG RS68A8531B1"},"content":{"rendered":"","protected":false},"excerpt":{"rendered":"<p><strong>Specifika teknike<\/strong><\/p>\n<p>Marka: Samsung<\/p>\n<p>Lloji: Frigorifer 2 kanat\u00ebsh<\/p>\n<p>Tipi i vendosjes: Q\u00ebndrim i lir\u00eb<\/p>\n<p>Kapaciteti Neto: 634 L<\/p>\n<p>Kapaciteti ftoh\u00ebs: 409 L<\/p>\n<p>Kapaciteti i ngrir\u00ebsit: 225 L<\/p>\n<p>Sistemi i ftohjes: No Frost<\/p>\n<p>Sistemi i ngrirjes: No Frost<\/p>\n<p>Paneli i kontrollit: Elektronik me prekje<\/p>\n<p>Tipi i vendosjes: Q\u00ebndrim i lir\u00eb<\/p>\n<p>Materiali i rafteve: Xham<\/p>\n<p>Nd\u00ebrrimi i hapjes s\u00eb der\u00ebs: Jo<\/p>\n<p>Numri i kompresor\u00ebve: 1<\/p>\n<p>Aksesor\u00eb: Po<\/p>\n<p>Dispenser uji: Po<\/p>\n<p>Dispenser akulli: Po<\/p>\n<p>Rafte xhami: Po<\/p>\n<p>Zone e fresket: Po<\/p>\n<p>Opsioni i pushimeve: Alarm tek dera<\/p>\n<p>Kompresor: Inverter<\/p>\n<p>Niveli i zhurm\u00ebs: 36dB<\/p>\n<p>P\u00ebrmasat: 91.3 x 179 x 73.5 cm<\/p>\n","protected":false},"featured_media":3517,"template":"","meta":[],"product_brand":[],"product_cat":[60,156],"product_tag":[],"class_list":{"0":"post-3516","1":"product","2":"type-product","3":"status-publish","4":"has-post-thumbnail","6":"product_cat-frigorifere","7":"product_cat-frigorifer-dykanatesh","8":"description-off","10":"first","11":"instock","12":"shipping-taxable","13":"product-type-simple"},"_links":{"self":[{"href":"https:\/\/jb-electronics.al\/index.php\/wp-json\/wp\/v2\/product\/3516","targetHints":{"allow":["GET"]}}],"collection":[{"href":"https:\/\/jb-electronics.al\/index.php\/wp-json\/wp\/v2\/product"}],"about":[{"href":"https:\/\/jb-electronics.al\/index.php\/wp-json\/wp\/v2\/types\/product"}],"wp:featuredmedia":[{"embeddable":true,"href":"https:\/\/jb-electronics.al\/index.php\/wp-json\/wp\/v2\/media\/3517"}],"wp:attachment":[{"href":"https:\/\/jb-electronics.al\/index.php\/wp-json\/wp\/v2\/media?parent=3516"}],"wp:term":[{"taxonomy":"product_brand","embeddable":true,"href":"https:\/\/jb-electronics.al\/index.php\/wp-json\/wp\/v2\/product_brand?post=3516"},{"taxonomy":"product_cat","embeddable":true,"href":"https:\/\/jb-electronics.al\/index.php\/wp-json\/wp\/v2\/product_cat?post=3516"},{"taxonomy":"product_tag","embeddable":true,"href":"https:\/\/jb-electronics.al\/index.php\/wp-json\/wp\/v2\/product_tag?post=3516"}],"curies":[{"name":"wp","href":"https:\/\/api.w.org\/{rel}","templated":true}]}}