{"id":3501,"date":"2022-08-09T09:01:30","date_gmt":"2022-08-09T09:01:30","guid":{"rendered":"https:\/\/jb-electronics.al\/?post_type=product&#038;p=3501"},"modified":"2022-08-09T09:01:32","modified_gmt":"2022-08-09T09:01:32","slug":"frigorifer-lg-gslv71pztm","status":"publish","type":"product","link":"https:\/\/jb-electronics.al\/index.php\/product\/frigorifer-lg-gslv71pztm\/","title":{"rendered":"Frigorifer LG GSLV71PZTM"},"content":{"rendered":"","protected":false},"excerpt":{"rendered":"<p><strong>Specifika teknike<\/strong><\/p>\n<p>Marka: LG<\/p>\n<p>Tipi: Frigorifer 2 kanat\u00ebsh<\/p>\n<p>Kapaciteti Total: 365 L<\/p>\n<p>Kapaciteti Neto: 219\/416 L<\/p>\n<p>Lloji i ftohjes: Me aj\u00ebr<\/p>\n<p>Ngjyra: Gri<\/p>\n<p>Tipi i vendosjes: Q\u00ebndrim i lir\u00eb<\/p>\n<p>Materiali i rafteve: Xham<\/p>\n<p>Nd\u00ebrrimi i hapjes s\u00eb der\u00ebs: Jo<\/p>\n<p>Paneli i kontrollit: Elektronik<\/p>\n<p>Opsione extra: Depozit\u00eb uji<\/p>\n<p>Klasi i energjis\u00eb: A+<\/p>\n<p>Mbrojtja e ushqimeve: Bioshield<\/p>\n<p>Opsioni i pushimeve: Alarm tek dera<\/p>\n<p>Ndricim i brendsh\u00ebm: Led<\/p>\n<p>Ftohje e shpejt\u00eb: n.a<\/p>\n<p>Zona e freskis\u00eb: Po<\/p>\n<p>Kompresor: Inverter<\/p>\n<p>Niveli i zhurm\u00ebs: 36dB<\/p>\n<p>P\u00ebrmasat: 91.3 x 179 x 73.5 cm<\/p>\n<p>&nbsp;<\/p>\n<p>&nbsp;<\/p>\n<p>&nbsp;<\/p>\n<p>&nbsp;<\/p>\n","protected":false},"featured_media":3502,"template":"","meta":[],"product_brand":[],"product_cat":[60,156],"product_tag":[],"class_list":{"0":"post-3501","1":"product","2":"type-product","3":"status-publish","4":"has-post-thumbnail","6":"product_cat-frigorifere","7":"product_cat-frigorifer-dykanatesh","8":"description-off","10":"first","11":"instock","12":"shipping-taxable","13":"product-type-simple"},"_links":{"self":[{"href":"https:\/\/jb-electronics.al\/index.php\/wp-json\/wp\/v2\/product\/3501","targetHints":{"allow":["GET"]}}],"collection":[{"href":"https:\/\/jb-electronics.al\/index.php\/wp-json\/wp\/v2\/product"}],"about":[{"href":"https:\/\/jb-electronics.al\/index.php\/wp-json\/wp\/v2\/types\/product"}],"wp:featuredmedia":[{"embeddable":true,"href":"https:\/\/jb-electronics.al\/index.php\/wp-json\/wp\/v2\/media\/3502"}],"wp:attachment":[{"href":"https:\/\/jb-electronics.al\/index.php\/wp-json\/wp\/v2\/media?parent=3501"}],"wp:term":[{"taxonomy":"product_brand","embeddable":true,"href":"https:\/\/jb-electronics.al\/index.php\/wp-json\/wp\/v2\/product_brand?post=3501"},{"taxonomy":"product_cat","embeddable":true,"href":"https:\/\/jb-electronics.al\/index.php\/wp-json\/wp\/v2\/product_cat?post=3501"},{"taxonomy":"product_tag","embeddable":true,"href":"https:\/\/jb-electronics.al\/index.php\/wp-json\/wp\/v2\/product_tag?post=3501"}],"curies":[{"name":"wp","href":"https:\/\/api.w.org\/{rel}","templated":true}]}}