{"id":3495,"date":"2022-08-09T08:44:52","date_gmt":"2022-08-09T08:44:52","guid":{"rendered":"https:\/\/jb-electronics.al\/?post_type=product&#038;p=3495"},"modified":"2022-08-09T08:44:54","modified_gmt":"2022-08-09T08:44:54","slug":"frigorifer-lg-gml844pz6f","status":"publish","type":"product","link":"https:\/\/jb-electronics.al\/index.php\/product\/frigorifer-lg-gml844pz6f\/","title":{"rendered":"Frigorifer LG GML844PZ6F"},"content":{"rendered":"","protected":false},"excerpt":{"rendered":"<p><strong>Specifika teknike<\/strong><\/p>\n<p>Marka: LG<\/p>\n<p>Tipi: Frigorifer 2 kanat\u00ebsh<\/p>\n<p>Kapaciteti total:506 L<\/p>\n<p>Kapaciteti freskues: 286 L<\/p>\n<p>Kapaciteti ngrir\u00ebs: 220 L<\/p>\n<p>Ngjyra: Mat i zi<\/p>\n<p>Tipi i vendosjes: Q\u00ebndrim i lir\u00eb<\/p>\n<p>Materiali i rafteve: Xham i temperuar<\/p>\n<p>Nd\u00ebrrimi i hapjes s\u00eb der\u00ebs: Jo<\/p>\n<p>Paneli i kontrollit: Elektronik + Manual<\/p>\n<p>Klasi i energjis\u00eb: A+ (F)<\/p>\n<p>Mbrojtja e ushqimeve: Bioshield<\/p>\n<p>Lidhje me ujin: Po<\/p>\n<p>Home bar: Po<\/p>\n<p>Opsioni i pushimeve: Alarm tek dera<\/p>\n<p>Ndricim i brendsh\u00ebm: Led<\/p>\n<p>Ftohje e shpejt\u00eb: n.a<\/p>\n<p>Sistemi i ftohjes: No frost<\/p>\n<p>Kompresor: Inverter<\/p>\n<p>Niveli i zhurm\u00ebs: 40 dB<\/p>\n<p>P\u00ebrmasat: 178.7 x 83.5 x 73.4<\/p>\n<p>&nbsp;<\/p>\n","protected":false},"featured_media":3496,"template":"","meta":[],"product_brand":[],"product_cat":[60,156],"product_tag":[],"class_list":{"0":"post-3495","1":"product","2":"type-product","3":"status-publish","4":"has-post-thumbnail","6":"product_cat-frigorifere","7":"product_cat-frigorifer-dykanatesh","8":"description-off","10":"first","11":"instock","12":"shipping-taxable","13":"product-type-simple"},"_links":{"self":[{"href":"https:\/\/jb-electronics.al\/index.php\/wp-json\/wp\/v2\/product\/3495","targetHints":{"allow":["GET"]}}],"collection":[{"href":"https:\/\/jb-electronics.al\/index.php\/wp-json\/wp\/v2\/product"}],"about":[{"href":"https:\/\/jb-electronics.al\/index.php\/wp-json\/wp\/v2\/types\/product"}],"wp:featuredmedia":[{"embeddable":true,"href":"https:\/\/jb-electronics.al\/index.php\/wp-json\/wp\/v2\/media\/3496"}],"wp:attachment":[{"href":"https:\/\/jb-electronics.al\/index.php\/wp-json\/wp\/v2\/media?parent=3495"}],"wp:term":[{"taxonomy":"product_brand","embeddable":true,"href":"https:\/\/jb-electronics.al\/index.php\/wp-json\/wp\/v2\/product_brand?post=3495"},{"taxonomy":"product_cat","embeddable":true,"href":"https:\/\/jb-electronics.al\/index.php\/wp-json\/wp\/v2\/product_cat?post=3495"},{"taxonomy":"product_tag","embeddable":true,"href":"https:\/\/jb-electronics.al\/index.php\/wp-json\/wp\/v2\/product_tag?post=3495"}],"curies":[{"name":"wp","href":"https:\/\/api.w.org\/{rel}","templated":true}]}}