{"id":3400,"date":"2022-08-01T08:44:54","date_gmt":"2022-08-01T08:44:54","guid":{"rendered":"https:\/\/jb-electronics.al\/?post_type=product&#038;p=3400"},"modified":"2022-10-03T09:04:10","modified_gmt":"2022-10-03T09:04:10","slug":"kondicioner-arielli-12cin140","status":"publish","type":"product","link":"https:\/\/jb-electronics.al\/index.php\/product\/kondicioner-arielli-12cin140\/","title":{"rendered":"Kondicioner ECOLUX 12CIN140"},"content":{"rendered":"","protected":false},"excerpt":{"rendered":"<p><strong>Specifika teknike<\/strong><\/p>\n<p>Marka: Ecolux<\/p>\n<p>Kategoria: Mural<\/p>\n<p>Teknologjia: Inverter<\/p>\n<p>Funksionet: Ngrohje\/Ftohje<\/p>\n<p>Fuqia ne BTU: 12000 BTU<\/p>\n<p>Klasi i energjis\u00eb n\u00eb ngrohje: A+<\/p>\n<p>Klasi i energjis\u00eb n\u00eb ftohje: A++<\/p>\n<p>Gazi: R32 Ekologjik<\/p>\n<p>Funksion i rregullimit t\u00eb lag\u00ebshtir\u00ebs: Po<\/p>\n<p>Filta antibakterial: Po<\/p>\n<p>Niveli i zhurm\u00ebs split: 53 dB<\/p>\n<p>Niveli i zhurm\u00ebs kompresor: 65 dB<\/p>\n<p>Funksion turbo: PO<\/p>\n<p>Funksion temp n\u00eb ngrohje: min -15\u2033C dhe max +43\u2033C<\/p>\n<p>Ristartim automatik: Timer 24 or\u00eb: Po<\/p>\n<p>Dimensionet: Split: 81 x 28 x 19 cm<\/p>\n","protected":false},"featured_media":3401,"template":"","meta":[],"product_brand":[],"product_cat":[192,196,29,80,143],"product_tag":[],"class_list":{"0":"post-3400","1":"product","2":"type-product","3":"status-publish","4":"has-post-thumbnail","6":"product_cat-192","7":"product_cat-12-2","8":"product_cat-kondicionere-murale","9":"product_cat-kondicioner-mural","10":"product_cat-mural","11":"description-off","13":"first","14":"instock","15":"shipping-taxable","16":"product-type-simple"},"_links":{"self":[{"href":"https:\/\/jb-electronics.al\/index.php\/wp-json\/wp\/v2\/product\/3400","targetHints":{"allow":["GET"]}}],"collection":[{"href":"https:\/\/jb-electronics.al\/index.php\/wp-json\/wp\/v2\/product"}],"about":[{"href":"https:\/\/jb-electronics.al\/index.php\/wp-json\/wp\/v2\/types\/product"}],"wp:featuredmedia":[{"embeddable":true,"href":"https:\/\/jb-electronics.al\/index.php\/wp-json\/wp\/v2\/media\/3401"}],"wp:attachment":[{"href":"https:\/\/jb-electronics.al\/index.php\/wp-json\/wp\/v2\/media?parent=3400"}],"wp:term":[{"taxonomy":"product_brand","embeddable":true,"href":"https:\/\/jb-electronics.al\/index.php\/wp-json\/wp\/v2\/product_brand?post=3400"},{"taxonomy":"product_cat","embeddable":true,"href":"https:\/\/jb-electronics.al\/index.php\/wp-json\/wp\/v2\/product_cat?post=3400"},{"taxonomy":"product_tag","embeddable":true,"href":"https:\/\/jb-electronics.al\/index.php\/wp-json\/wp\/v2\/product_tag?post=3400"}],"curies":[{"name":"wp","href":"https:\/\/api.w.org\/{rel}","templated":true}]}}