{"id":3391,"date":"2022-08-01T08:07:40","date_gmt":"2022-08-01T08:07:40","guid":{"rendered":"https:\/\/jb-electronics.al\/?post_type=product&#038;p=3391"},"modified":"2022-10-03T09:04:29","modified_gmt":"2022-10-03T09:04:29","slug":"kondicioner-ecolux-cin260n-r32","status":"publish","type":"product","link":"https:\/\/jb-electronics.al\/index.php\/product\/kondicioner-ecolux-cin260n-r32\/","title":{"rendered":"Kondicioner ECOLUX CIN260N R32"},"content":{"rendered":"","protected":false},"excerpt":{"rendered":"<p><strong>Specifika teknike<\/strong><\/p>\n<p>Marka: Ecolux<\/p>\n<p>Kursimi i energjis\u00eb<\/p>\n<p>Ultra Silent Sleep Mode<\/p>\n<p>Kompresori me teknologjin\u00eb 3D q\u00eb mund\u00ebson kursim maksimal t\u00eb energjis\u00eb dhe ngrohje apo ftohje maksimale.<\/p>\n<p>Dehumification Mode<\/p>\n<p>Filtera Antibakterial<\/p>\n<p>Turbo Mode<\/p>\n<p>Gasi R32: Gasi ekologjik R32 kujdeset p\u00ebr ambientin duke mos dep\u00ebrtuar n\u00eb vrimen e Ozonit. N\u00eb krahasim me Gasin R410 ka 29% m\u00eb shum\u00eb ndikim n\u00eb ruajtjen e ngrohj\u00ebs globale.<\/p>\n<p>Kapacitete t\u00eb ndryshme: 10k BTU, 14k BTU, 20k BTU, 23k BTU dhe 26k BTU.<\/p>\n","protected":false},"featured_media":3404,"template":"","meta":[],"product_brand":[],"product_cat":[194,198,29,80,143],"product_tag":[],"class_list":{"0":"post-3391","1":"product","2":"type-product","3":"status-publish","4":"has-post-thumbnail","6":"product_cat-194","7":"product_cat-24-2","8":"product_cat-kondicionere-murale","9":"product_cat-kondicioner-mural","10":"product_cat-mural","11":"description-off","13":"first","14":"instock","15":"shipping-taxable","16":"product-type-simple"},"_links":{"self":[{"href":"https:\/\/jb-electronics.al\/index.php\/wp-json\/wp\/v2\/product\/3391","targetHints":{"allow":["GET"]}}],"collection":[{"href":"https:\/\/jb-electronics.al\/index.php\/wp-json\/wp\/v2\/product"}],"about":[{"href":"https:\/\/jb-electronics.al\/index.php\/wp-json\/wp\/v2\/types\/product"}],"wp:featuredmedia":[{"embeddable":true,"href":"https:\/\/jb-electronics.al\/index.php\/wp-json\/wp\/v2\/media\/3404"}],"wp:attachment":[{"href":"https:\/\/jb-electronics.al\/index.php\/wp-json\/wp\/v2\/media?parent=3391"}],"wp:term":[{"taxonomy":"product_brand","embeddable":true,"href":"https:\/\/jb-electronics.al\/index.php\/wp-json\/wp\/v2\/product_brand?post=3391"},{"taxonomy":"product_cat","embeddable":true,"href":"https:\/\/jb-electronics.al\/index.php\/wp-json\/wp\/v2\/product_cat?post=3391"},{"taxonomy":"product_tag","embeddable":true,"href":"https:\/\/jb-electronics.al\/index.php\/wp-json\/wp\/v2\/product_tag?post=3391"}],"curies":[{"name":"wp","href":"https:\/\/api.w.org\/{rel}","templated":true}]}}