{"id":3360,"date":"2022-07-29T11:19:04","date_gmt":"2022-07-29T11:19:04","guid":{"rendered":"https:\/\/jb-electronics.al\/?post_type=product&#038;p=3360"},"modified":"2022-07-29T11:19:05","modified_gmt":"2022-07-29T11:19:05","slug":"kondicioner-aux-asw-h09b4-fcr1d2","status":"publish","type":"product","link":"https:\/\/jb-electronics.al\/index.php\/product\/kondicioner-aux-asw-h09b4-fcr1d2\/","title":{"rendered":"Kondicioner AUX ASW-H09B4\/FCR1D2"},"content":{"rendered":"","protected":false},"excerpt":{"rendered":"<p><strong>Specifika teknike<\/strong><\/p>\n<p>Marka: AUX<\/p>\n<p>Kategoria: Kondicioner Mural<\/p>\n<p>Fuqia n<span class=\"Y2IQFc\" lang=\"sq\">\u00eb<\/span> BTU: 9000 BTU<\/p>\n<p>Teknologjia: Inverter<\/p>\n<p id=\"tw-target-text\" class=\"tw-data-text tw-text-large tw-ta\" dir=\"ltr\" data-placeholder=\"Translation\"><span class=\"Y2IQFc\" lang=\"sq\">Sip\u00ebrfaqja mesatare e dhom\u00ebs: (m\u00b2) 25 <\/span><\/p>\n<p class=\"tw-data-text tw-text-large tw-ta\" dir=\"ltr\" data-placeholder=\"Translation\"><span class=\"Y2IQFc\" lang=\"sq\">Forca e rrym\u00ebs (ftohje): A 3.6 <\/span><\/p>\n<p class=\"tw-data-text tw-text-large tw-ta\" dir=\"ltr\" data-placeholder=\"Translation\"><span class=\"Y2IQFc\" lang=\"sq\">Konsumi i ajrit, (m\u00b3\/min): 460 <\/span><\/p>\n<p class=\"tw-data-text tw-text-large tw-ta\" dir=\"ltr\" data-placeholder=\"Translation\"><span class=\"Y2IQFc\" lang=\"sq\">Niveli i zhurm\u00ebs (brenda): dBA 33 <\/span><\/p>\n<p class=\"tw-data-text tw-text-large tw-ta\" dir=\"ltr\" data-placeholder=\"Translation\"><span class=\"Y2IQFc\" lang=\"sq\">Ftoh\u00ebsi: R410A<\/span><\/p>\n<p id=\"tw-target-text\" class=\"tw-data-text tw-text-large tw-ta\" dir=\"ltr\" data-placeholder=\"Translation\"><span class=\"Y2IQFc\" lang=\"sq\">Diferenca maksimale e lart\u00ebsis\u00eb: 5 <\/span><\/p>\n<p class=\"tw-data-text tw-text-large tw-ta\" dir=\"ltr\" data-placeholder=\"Translation\"><span class=\"Y2IQFc\" lang=\"sq\">Diametri i tubave t\u00eb ftoh\u00ebsit t\u00eb l\u00ebngsh\u00ebm: (in\u00e7) 6,35 <\/span><\/p>\n<p class=\"tw-data-text tw-text-large tw-ta\" dir=\"ltr\" data-placeholder=\"Translation\"><span class=\"Y2IQFc\" lang=\"sq\">Diametri i tubave t\u00eb gazit ftoh\u00ebs: (in\u00e7) 9,52 <\/span><\/p>\n<p class=\"tw-data-text tw-text-large tw-ta\" dir=\"ltr\" data-placeholder=\"Translation\"><span class=\"Y2IQFc\" lang=\"sq\">Pesha e bllokut t\u00eb brendsh\u00ebm: (kg) 8 <\/span><\/p>\n<p class=\"tw-data-text tw-text-large tw-ta\" dir=\"ltr\" data-placeholder=\"Translation\"><span class=\"Y2IQFc\" lang=\"sq\">Pesha e nj\u00ebsis\u00eb s\u00eb jashtme: (kg) 26 <\/span><\/p>\n<p class=\"tw-data-text tw-text-large tw-ta\" dir=\"ltr\" data-placeholder=\"Translation\"><span class=\"Y2IQFc\" lang=\"sq\">Sip\u00ebrfaqja e dhom\u00ebs: (m\u00b2) deri n\u00eb 25 <\/span><\/p>\n<p class=\"tw-data-text tw-text-large tw-ta\" dir=\"ltr\" data-placeholder=\"Translation\"><span class=\"Y2IQFc\" lang=\"sq\">Ngjyra: e bardh\u00eb\u00a0 <\/span><\/p>\n<p class=\"tw-data-text tw-text-large tw-ta\" dir=\"ltr\" data-placeholder=\"Translation\"><span class=\"Y2IQFc\" lang=\"sq\">Konsumi i energjis\u00eb (ftohje): W 2700 <\/span><\/p>\n<p class=\"tw-data-text tw-text-large tw-ta\" dir=\"ltr\" data-placeholder=\"Translation\"><span class=\"Y2IQFc\" lang=\"sq\">Konsumi i energjis\u00eb (ngrohje): W 2800 <\/span><\/p>\n<p class=\"tw-data-text tw-text-large tw-ta\" dir=\"ltr\" data-placeholder=\"Translation\"><span class=\"Y2IQFc\" lang=\"sq\">Forca e rrym\u00ebs (ngrohja): A 3.4 <\/span><\/p>\n<p class=\"tw-data-text tw-text-large tw-ta\" dir=\"ltr\" data-placeholder=\"Translation\"><span class=\"Y2IQFc\" lang=\"sq\">Niveli i zhurm\u00ebs (jasht\u00eb): dBA 50 <\/span><\/p>\n<p class=\"tw-data-text tw-text-large tw-ta\" dir=\"ltr\" data-placeholder=\"Translation\"><span class=\"Y2IQFc\" lang=\"sq\">Pesha e paketimit: (kg) 38.5 <\/span><\/p>\n<p>&nbsp;<\/p>\n","protected":false},"featured_media":3361,"template":"","meta":[],"product_brand":[],"product_cat":[191,195,29,80,143],"product_tag":[],"class_list":{"0":"post-3360","1":"product","2":"type-product","3":"status-publish","4":"has-post-thumbnail","6":"product_cat-191","7":"product_cat-9-2","8":"product_cat-kondicionere-murale","9":"product_cat-kondicioner-mural","10":"product_cat-mural","11":"description-off","13":"first","14":"instock","15":"shipping-taxable","16":"product-type-simple"},"_links":{"self":[{"href":"https:\/\/jb-electronics.al\/index.php\/wp-json\/wp\/v2\/product\/3360","targetHints":{"allow":["GET"]}}],"collection":[{"href":"https:\/\/jb-electronics.al\/index.php\/wp-json\/wp\/v2\/product"}],"about":[{"href":"https:\/\/jb-electronics.al\/index.php\/wp-json\/wp\/v2\/types\/product"}],"wp:featuredmedia":[{"embeddable":true,"href":"https:\/\/jb-electronics.al\/index.php\/wp-json\/wp\/v2\/media\/3361"}],"wp:attachment":[{"href":"https:\/\/jb-electronics.al\/index.php\/wp-json\/wp\/v2\/media?parent=3360"}],"wp:term":[{"taxonomy":"product_brand","embeddable":true,"href":"https:\/\/jb-electronics.al\/index.php\/wp-json\/wp\/v2\/product_brand?post=3360"},{"taxonomy":"product_cat","embeddable":true,"href":"https:\/\/jb-electronics.al\/index.php\/wp-json\/wp\/v2\/product_cat?post=3360"},{"taxonomy":"product_tag","embeddable":true,"href":"https:\/\/jb-electronics.al\/index.php\/wp-json\/wp\/v2\/product_tag?post=3360"}],"curies":[{"name":"wp","href":"https:\/\/api.w.org\/{rel}","templated":true}]}}