{"id":3357,"date":"2022-07-29T11:04:37","date_gmt":"2022-07-29T11:04:37","guid":{"rendered":"https:\/\/jb-electronics.al\/?post_type=product&#038;p=3357"},"modified":"2022-09-30T08:31:13","modified_gmt":"2022-09-30T08:31:13","slug":"kondicioner-aux-asf-h24a4-ahar1di-eu","status":"publish","type":"product","link":"https:\/\/jb-electronics.al\/index.php\/product\/kondicioner-aux-asf-h24a4-ahar1di-eu\/","title":{"rendered":"Kond.AUX ASF-H24A4\/AHAR1DI-EU"},"content":{"rendered":"","protected":false},"excerpt":{"rendered":"<p><strong>Specifika teknike<\/strong><\/p>\n<p>Marka: AUX<\/p>\n<p>Kategoria: Kollone<\/p>\n<p>Teknologjia: Inverter<\/p>\n<p>Funksionet: Ngrohje\/Ftohje<\/p>\n<p>Fuqia n\u00eb BTU: 24.000 BTU<\/p>\n<p>Klas\u00eb energjie n\u00eb ngrohje: A+<\/p>\n<p>Klas\u00eb energjie n\u00eb ftohje: A++<\/p>\n<p>Gazi: R410A<\/p>\n<p>Ekran LED: Po<\/p>\n<p>Funksion i rregullimit t\u00eb lag\u00ebshtir\u00ebs: Po<\/p>\n<p>Filtra Anti bakterial, higjenik t\u00eb lash\u00ebm: Po<\/p>\n<p>Niveli i zhurm\u00ebs kompresor: 55 dB<\/p>\n<p>Funksion Turbo: Po<\/p>\n<p>Sistem wifi: Po<\/p>\n<p>Niveli i zhurm\u00ebs Nj\u00ebsia e jashtme: 56 dB<\/p>\n<p>Dimensionet e trupit t\u00eb brendsh\u00ebm:183 x 37 x 44<\/p>\n<p>Dimensionet e nj\u00ebsis\u00eb s\u00eb jashtme: 67 x 89 x 32<\/p>\n<p>Fuqia dal\u00ebse e ftohjes: 8.9 kW\/h<\/p>\n<p>Fuqia dal\u00ebse e ngrohjes: 11 kW\/h<\/p>\n<p>Niveli i zhurm\u00ebs Nj\u00ebsia e brendshme: 35\/41\/47 dB<\/p>\n","protected":false},"featured_media":3358,"template":"","meta":[],"product_brand":[],"product_cat":[82,140,80],"product_tag":[],"class_list":{"0":"post-3357","1":"product","2":"type-product","3":"status-publish","4":"has-post-thumbnail","6":"product_cat-kollona","7":"product_cat-kollone","8":"product_cat-kondicioner-mural","9":"description-off","11":"first","12":"instock","13":"shipping-taxable","14":"product-type-simple"},"_links":{"self":[{"href":"https:\/\/jb-electronics.al\/index.php\/wp-json\/wp\/v2\/product\/3357","targetHints":{"allow":["GET"]}}],"collection":[{"href":"https:\/\/jb-electronics.al\/index.php\/wp-json\/wp\/v2\/product"}],"about":[{"href":"https:\/\/jb-electronics.al\/index.php\/wp-json\/wp\/v2\/types\/product"}],"wp:featuredmedia":[{"embeddable":true,"href":"https:\/\/jb-electronics.al\/index.php\/wp-json\/wp\/v2\/media\/3358"}],"wp:attachment":[{"href":"https:\/\/jb-electronics.al\/index.php\/wp-json\/wp\/v2\/media?parent=3357"}],"wp:term":[{"taxonomy":"product_brand","embeddable":true,"href":"https:\/\/jb-electronics.al\/index.php\/wp-json\/wp\/v2\/product_brand?post=3357"},{"taxonomy":"product_cat","embeddable":true,"href":"https:\/\/jb-electronics.al\/index.php\/wp-json\/wp\/v2\/product_cat?post=3357"},{"taxonomy":"product_tag","embeddable":true,"href":"https:\/\/jb-electronics.al\/index.php\/wp-json\/wp\/v2\/product_tag?post=3357"}],"curies":[{"name":"wp","href":"https:\/\/api.w.org\/{rel}","templated":true}]}}