{"id":3354,"date":"2022-07-29T10:33:51","date_gmt":"2022-07-29T10:33:51","guid":{"rendered":"https:\/\/jb-electronics.al\/?post_type=product&#038;p=3354"},"modified":"2022-08-02T14:03:10","modified_gmt":"2022-08-02T14:03:10","slug":"kondicioner-aux-alca-h24-ndr3haa","status":"publish","type":"product","link":"https:\/\/jb-electronics.al\/index.php\/product\/kondicioner-aux-alca-h24-ndr3haa\/","title":{"rendered":"Kondicioner AUX ALCA-H24\/NDR3HAA"},"content":{"rendered":"","protected":false},"excerpt":{"rendered":"<p><strong>Specifika teknike<\/strong><\/p>\n<p>Marka: AUX<\/p>\n<p>Fuqia: 7000 W<\/p>\n<p>Klasa e energjis\u00eb: A++<\/p>\n<p>Rrjedha e ajrit: 1300 m3\/ore<\/p>\n<p>Shkall\u00eb temperature -10-52 Grade C<\/p>\n<p>Performanca e ftohjes: 24000BTU<\/p>\n<p>Performanca e ngrohjes: 8 kW<\/p>\n<p>Niveli i zhurm\u00ebs: 47 dB<\/p>\n<p>P\u00ebrdorimi i energjis\u00eb elektrike: 2180W<\/p>\n<p>Tensioni i furnizimit me energji elektrike: 220-240W<\/p>\n<p>Lloji i priz\u00ebs s\u00eb rrjetit: Nuk aplikohet<\/p>\n<p>Ngjyra kryesore: E bardh\u00eb<\/p>\n<p>Gjer\u00ebsia: 853 mm<\/p>\n<p>Lart\u00ebsi: 853 mm<\/p>\n<p>Thell\u00ebsi: 250 mm<\/p>\n<p>Pesha: 24 kg<\/p>\n<p>Klasa e energjis\u00eb p\u00ebr ngrohje t\u00eb shpejt\u00eb\/ngrohje: A+<\/p>\n<p>Gama e temperatur\u00ebs s\u00eb funksionimit (ngrohje): -15-24 grad\u00eb C<\/p>\n<p>&nbsp;<\/p>\n","protected":false},"featured_media":3355,"template":"","meta":[],"product_brand":[],"product_cat":[199,200,80],"product_tag":[],"class_list":{"0":"post-3354","1":"product","2":"type-product","3":"status-publish","4":"has-post-thumbnail","6":"product_cat-kasete","7":"product_cat-kasete-2","8":"product_cat-kondicioner-mural","9":"description-off","11":"first","12":"instock","13":"shipping-taxable","14":"product-type-simple"},"_links":{"self":[{"href":"https:\/\/jb-electronics.al\/index.php\/wp-json\/wp\/v2\/product\/3354","targetHints":{"allow":["GET"]}}],"collection":[{"href":"https:\/\/jb-electronics.al\/index.php\/wp-json\/wp\/v2\/product"}],"about":[{"href":"https:\/\/jb-electronics.al\/index.php\/wp-json\/wp\/v2\/types\/product"}],"wp:featuredmedia":[{"embeddable":true,"href":"https:\/\/jb-electronics.al\/index.php\/wp-json\/wp\/v2\/media\/3355"}],"wp:attachment":[{"href":"https:\/\/jb-electronics.al\/index.php\/wp-json\/wp\/v2\/media?parent=3354"}],"wp:term":[{"taxonomy":"product_brand","embeddable":true,"href":"https:\/\/jb-electronics.al\/index.php\/wp-json\/wp\/v2\/product_brand?post=3354"},{"taxonomy":"product_cat","embeddable":true,"href":"https:\/\/jb-electronics.al\/index.php\/wp-json\/wp\/v2\/product_cat?post=3354"},{"taxonomy":"product_tag","embeddable":true,"href":"https:\/\/jb-electronics.al\/index.php\/wp-json\/wp\/v2\/product_tag?post=3354"}],"curies":[{"name":"wp","href":"https:\/\/api.w.org\/{rel}","templated":true}]}}