{"id":3217,"date":"2022-06-24T08:03:43","date_gmt":"2022-06-24T08:03:43","guid":{"rendered":"https:\/\/jb-electronics.al\/?post_type=product&#038;p=3217"},"modified":"2022-09-30T08:15:31","modified_gmt":"2022-09-30T08:15:31","slug":"boiler-ariston-blu-r-80-h-2k","status":"publish","type":"product","link":"https:\/\/jb-electronics.al\/index.php\/product\/boiler-ariston-blu-r-80-h-2k\/","title":{"rendered":"Boiler ARISTON BLU R 80 H 2K"},"content":{"rendered":"","protected":false},"excerpt":{"rendered":"<p><strong>Specifika teknike<\/strong><\/p>\n<p>Marka: Ariston<\/p>\n<p>Materiali i rezervuarit: Smalt Titanium<\/p>\n<p>Modeli: BLU R 80 H 2K<\/p>\n<p>Kategoria: Me depozit\u00eb<\/p>\n<p>Display LCD: Jo<\/p>\n<p>Fuqia maksimale: 1.5 kW<\/p>\n<p>Kapaciteti total neto: 80L<\/p>\n<p>Numri i rezervuarve: 1<\/p>\n<p>Numri i rezistencave: 1<\/p>\n<p>Presioni min\/max: 0.2 \/ 8 bar<\/p>\n<p>Tensioni i pun\u00ebs: 230 V\/ 50HZ<\/p>\n<p>Koha e ngrohjes n\u00eb temp 45 grad\u00eb: 2 or\u00eb e 56 min<\/p>\n<p>Kontrolli: Mekanik<\/p>\n<p>Temperatura maksimale: 75 grad\u00eb<\/p>\n<p>Instalimi: Vertikal<\/p>\n<p>Aksesor\u00eb: Po<\/p>\n<p>P\u00ebrmasat: 48 x 48 x 75.8 cm<\/p>\n","protected":false},"featured_media":3218,"template":"","meta":[],"product_brand":[],"product_cat":[128,76],"product_tag":[],"class_list":{"0":"post-3217","1":"product","2":"type-product","3":"status-publish","4":"has-post-thumbnail","6":"product_cat-boiler","7":"product_cat-larja","8":"description-off","10":"first","11":"instock","12":"shipping-taxable","13":"product-type-simple"},"_links":{"self":[{"href":"https:\/\/jb-electronics.al\/index.php\/wp-json\/wp\/v2\/product\/3217","targetHints":{"allow":["GET"]}}],"collection":[{"href":"https:\/\/jb-electronics.al\/index.php\/wp-json\/wp\/v2\/product"}],"about":[{"href":"https:\/\/jb-electronics.al\/index.php\/wp-json\/wp\/v2\/types\/product"}],"wp:featuredmedia":[{"embeddable":true,"href":"https:\/\/jb-electronics.al\/index.php\/wp-json\/wp\/v2\/media\/3218"}],"wp:attachment":[{"href":"https:\/\/jb-electronics.al\/index.php\/wp-json\/wp\/v2\/media?parent=3217"}],"wp:term":[{"taxonomy":"product_brand","embeddable":true,"href":"https:\/\/jb-electronics.al\/index.php\/wp-json\/wp\/v2\/product_brand?post=3217"},{"taxonomy":"product_cat","embeddable":true,"href":"https:\/\/jb-electronics.al\/index.php\/wp-json\/wp\/v2\/product_cat?post=3217"},{"taxonomy":"product_tag","embeddable":true,"href":"https:\/\/jb-electronics.al\/index.php\/wp-json\/wp\/v2\/product_tag?post=3217"}],"curies":[{"name":"wp","href":"https:\/\/api.w.org\/{rel}","templated":true}]}}