{"id":3137,"date":"2022-06-21T06:34:26","date_gmt":"2022-06-21T06:34:26","guid":{"rendered":"https:\/\/jb-electronics.al\/?post_type=product&#038;p=3137"},"modified":"2022-09-30T11:07:18","modified_gmt":"2022-09-30T11:07:18","slug":"aspirator-tecnowind-h13","status":"publish","type":"product","link":"https:\/\/jb-electronics.al\/index.php\/product\/aspirator-tecnowind-h13\/","title":{"rendered":"Aspirator TECNOWIND H13"},"content":{"rendered":"","protected":false},"excerpt":{"rendered":"<p><strong>Specifika teknike<\/strong><\/p>\n<p>Instalimi: Mural<\/p>\n<p>Konturet Inox 430 S7: Qelq transparent<\/p>\n<p>Kontrolli: Me prekje<\/p>\n<p>Ndricimi: 2 x Led me rrethore 1.5W<\/p>\n<p>Paneli i aluminit me filt\u00ebr yndyre: 1<\/p>\n<p>Motorri W HC30: 250W<\/p>\n<p>Lidhur me gas HC30: 250W<\/p>\n<p>Fllanxhat e daljes s\u00eb ajrit: 150 mm<\/p>\n<p>Shpejt\u00ebsit\u00eb e shpejt\u00ebsis\u00eb: 1 2 3 INT<\/p>\n<p>Kapaciteti m3\/h: 287 \/387 \/ 577 \/ 656<\/p>\n<p>Fuqia akustike dBA: 49\/ 56\/ 64\/ 67<\/p>\n<p>Klasi i energjis\u00eb: B<\/p>\n<p>Filt\u00ebr karboni: Po<\/p>\n<p>Oxhaku: Po<\/p>\n<p>Kompleti i filtrit: Po<\/p>\n<p>P\u00ebrmasat: 90 x 45.1 x 34.5 cm<\/p>\n","protected":false},"featured_media":3144,"template":"","meta":[],"product_brand":[],"product_cat":[72,69],"product_tag":[],"class_list":{"0":"post-3137","1":"product","2":"type-product","3":"status-publish","4":"has-post-thumbnail","6":"product_cat-aspiratore-joinkaso","7":"product_cat-gatim","8":"description-off","10":"first","11":"instock","12":"shipping-taxable","13":"product-type-simple"},"_links":{"self":[{"href":"https:\/\/jb-electronics.al\/index.php\/wp-json\/wp\/v2\/product\/3137","targetHints":{"allow":["GET"]}}],"collection":[{"href":"https:\/\/jb-electronics.al\/index.php\/wp-json\/wp\/v2\/product"}],"about":[{"href":"https:\/\/jb-electronics.al\/index.php\/wp-json\/wp\/v2\/types\/product"}],"wp:featuredmedia":[{"embeddable":true,"href":"https:\/\/jb-electronics.al\/index.php\/wp-json\/wp\/v2\/media\/3144"}],"wp:attachment":[{"href":"https:\/\/jb-electronics.al\/index.php\/wp-json\/wp\/v2\/media?parent=3137"}],"wp:term":[{"taxonomy":"product_brand","embeddable":true,"href":"https:\/\/jb-electronics.al\/index.php\/wp-json\/wp\/v2\/product_brand?post=3137"},{"taxonomy":"product_cat","embeddable":true,"href":"https:\/\/jb-electronics.al\/index.php\/wp-json\/wp\/v2\/product_cat?post=3137"},{"taxonomy":"product_tag","embeddable":true,"href":"https:\/\/jb-electronics.al\/index.php\/wp-json\/wp\/v2\/product_tag?post=3137"}],"curies":[{"name":"wp","href":"https:\/\/api.w.org\/{rel}","templated":true}]}}