{"id":3136,"date":"2022-06-21T06:38:25","date_gmt":"2022-06-21T06:38:25","guid":{"rendered":"https:\/\/jb-electronics.al\/?post_type=product&#038;p=3136"},"modified":"2022-09-30T11:07:11","modified_gmt":"2022-09-30T11:07:11","slug":"aspirator-tecnowind-profil-90","status":"publish","type":"product","link":"https:\/\/jb-electronics.al\/index.php\/product\/aspirator-tecnowind-profil-90\/","title":{"rendered":"Aspirator TECNOWIND PROFIL 90"},"content":{"rendered":"","protected":false},"excerpt":{"rendered":"<p><strong>Specifika teknike<\/strong><\/p>\n<p>Instalimi: Mural<\/p>\n<p>Konturet Inox 430 S7: Inox xham i zi<\/p>\n<p>Kontrolli: Me prekje panel ndricues<\/p>\n<p>Ndricimi: 2 x Led me rrethore 1.5W<\/p>\n<p>Filt\u00ebr yndyre: alumin<\/p>\n<p>Motorri W HC30: 250W<\/p>\n<p>Lidhur me gas HC30: 250W<\/p>\n<p>Fllanxhat e daljes s\u00eb ajrit: 150 mm<\/p>\n<p>Shpejt\u00ebsit\u00eb e shpejt\u00ebsis\u00eb: 1 2 3 INT<\/p>\n<p>Kapaciteti m3\/h: 268 \/382 \/ 500 \/ 544<\/p>\n<p>Fuqia akustike dBA: 51\/ 58\/ 67\/ 69<\/p>\n<p>&nbsp;<\/p>\n","protected":false},"featured_media":3801,"template":"","meta":[],"product_brand":[],"product_cat":[72,69],"product_tag":[],"class_list":{"0":"post-3136","1":"product","2":"type-product","3":"status-publish","4":"has-post-thumbnail","6":"product_cat-aspiratore-joinkaso","7":"product_cat-gatim","8":"description-off","10":"first","11":"instock","12":"shipping-taxable","13":"product-type-simple"},"_links":{"self":[{"href":"https:\/\/jb-electronics.al\/index.php\/wp-json\/wp\/v2\/product\/3136","targetHints":{"allow":["GET"]}}],"collection":[{"href":"https:\/\/jb-electronics.al\/index.php\/wp-json\/wp\/v2\/product"}],"about":[{"href":"https:\/\/jb-electronics.al\/index.php\/wp-json\/wp\/v2\/types\/product"}],"wp:featuredmedia":[{"embeddable":true,"href":"https:\/\/jb-electronics.al\/index.php\/wp-json\/wp\/v2\/media\/3801"}],"wp:attachment":[{"href":"https:\/\/jb-electronics.al\/index.php\/wp-json\/wp\/v2\/media?parent=3136"}],"wp:term":[{"taxonomy":"product_brand","embeddable":true,"href":"https:\/\/jb-electronics.al\/index.php\/wp-json\/wp\/v2\/product_brand?post=3136"},{"taxonomy":"product_cat","embeddable":true,"href":"https:\/\/jb-electronics.al\/index.php\/wp-json\/wp\/v2\/product_cat?post=3136"},{"taxonomy":"product_tag","embeddable":true,"href":"https:\/\/jb-electronics.al\/index.php\/wp-json\/wp\/v2\/product_tag?post=3136"}],"curies":[{"name":"wp","href":"https:\/\/api.w.org\/{rel}","templated":true}]}}