{"id":3112,"date":"2022-06-17T09:26:10","date_gmt":"2022-06-17T09:26:10","guid":{"rendered":"https:\/\/jb-electronics.al\/?post_type=product&#038;p=3112"},"modified":"2022-08-12T10:12:11","modified_gmt":"2022-08-12T10:12:11","slug":"pjanure-aeg-ikb643021xb","status":"publish","type":"product","link":"https:\/\/jb-electronics.al\/index.php\/product\/pjanure-aeg-ikb643021xb\/","title":{"rendered":"Pjanur\u00eb AEG IKB643021XB"},"content":{"rendered":"","protected":false},"excerpt":{"rendered":"<p><strong>Specifika teknike<\/strong><\/p>\n<p>Marka: AEG<\/p>\n<p>Lloji: IKB64301XB<\/p>\n<p>Lloji i suprin\u00ebs: Induksion<\/p>\n<p>Kontrolli: Elektronik me prekje<\/p>\n<p>Materiali: Qeramik\u00eb\/inox<\/p>\n<p>Bllokim p\u00ebr f\u00ebmij\u00ebt: Po<\/p>\n<p>Numri i zonave: 4 zona gatimi<\/p>\n<p>Koh\u00ebmat\u00ebs: Po<\/p>\n<p>Valvul sigurie p\u00ebr gazin: Jo<\/p>\n<p>Fikje automatike: Po<\/p>\n<p>Tregues i nxeht\u00ebsis\u00eb s\u00eb mbetur: Po<\/p>\n<p>Ngarkesa totale elektrike: 7.4 kW<\/p>\n<p>P\u00ebrmasat: 60 cm<\/p>\n<p>&nbsp;<\/p>\n<p>&nbsp;<\/p>\n","protected":false},"featured_media":3113,"template":"","meta":[],"product_brand":[],"product_cat":[69,177,181,38,40],"product_tag":[],"class_list":{"0":"post-3112","1":"product","2":"type-product","3":"status-publish","4":"has-post-thumbnail","6":"product_cat-gatim","7":"product_cat-induksion","8":"product_cat-induksion-2","9":"product_cat-inkaso","10":"product_cat-pjanure","11":"description-off","13":"first","14":"instock","15":"shipping-taxable","16":"product-type-simple"},"_links":{"self":[{"href":"https:\/\/jb-electronics.al\/index.php\/wp-json\/wp\/v2\/product\/3112","targetHints":{"allow":["GET"]}}],"collection":[{"href":"https:\/\/jb-electronics.al\/index.php\/wp-json\/wp\/v2\/product"}],"about":[{"href":"https:\/\/jb-electronics.al\/index.php\/wp-json\/wp\/v2\/types\/product"}],"wp:featuredmedia":[{"embeddable":true,"href":"https:\/\/jb-electronics.al\/index.php\/wp-json\/wp\/v2\/media\/3113"}],"wp:attachment":[{"href":"https:\/\/jb-electronics.al\/index.php\/wp-json\/wp\/v2\/media?parent=3112"}],"wp:term":[{"taxonomy":"product_brand","embeddable":true,"href":"https:\/\/jb-electronics.al\/index.php\/wp-json\/wp\/v2\/product_brand?post=3112"},{"taxonomy":"product_cat","embeddable":true,"href":"https:\/\/jb-electronics.al\/index.php\/wp-json\/wp\/v2\/product_cat?post=3112"},{"taxonomy":"product_tag","embeddable":true,"href":"https:\/\/jb-electronics.al\/index.php\/wp-json\/wp\/v2\/product_tag?post=3112"}],"curies":[{"name":"wp","href":"https:\/\/api.w.org\/{rel}","templated":true}]}}