{"id":3108,"date":"2022-06-17T09:06:41","date_gmt":"2022-06-17T09:06:41","guid":{"rendered":"https:\/\/jb-electronics.al\/?post_type=product&#038;p=3108"},"modified":"2022-09-05T08:22:08","modified_gmt":"2022-09-05T08:22:08","slug":"pjanure-electrolux-ege6172nok","status":"publish","type":"product","link":"https:\/\/jb-electronics.al\/index.php\/product\/pjanure-electrolux-ege6172nok\/","title":{"rendered":"Pjanur\u00eb ELECTROLUX EGE6172NOK"},"content":{"rendered":"","protected":false},"excerpt":{"rendered":"<p><strong>Specifika teknike<\/strong><\/p>\n<p>MarkaL Electrolux<\/p>\n<p>Lloji i pjanur\u00ebs: Gas n\u00eb xham<\/p>\n<p>Kontrolle me \u00e7el\u00ebsa t\u00eb rrotulluesh\u00ebm<\/p>\n<p>Pozicioni i kontrolleve: Djathtas<\/p>\n<p>Zona e majt\u00eb e p\u00ebrparme: Vat\u00ebr gjysm\u00eb e shpejt\u00eb, 1900W\/70mm<\/p>\n<p>Zona e majt\u00eb e pasme: Vat\u00ebr gjysm\u00eb e shpejt\u00eb, 1900W\/70mm<\/p>\n<p>Zona e djatht\u00eb e p\u00ebrparme: Element i nxehtwsis\u00eb, 1200W\/145mm<\/p>\n<p>Zona e djatht\u00eb e pasme: Elementi i nxeht\u00ebsis\u00eb, 1800W\/180mm<\/p>\n<p>Ndezje e integruar elektrike n\u00ebp\u00ebrmjet \u00e7el\u00ebsave t\u00eb kontrollit<\/p>\n<p>Termo\u00e7Gasi nd\u00ebrpritet q\u00eb n\u00eb burin n\u00ebse nuk ndizet flaka.<\/p>\n<p>Mb\u00ebshtet\u00ebset prej hekuri<\/p>\n<p>Set p\u00ebr shk\u00ebmbimin e gazit<\/p>\n<p>Fuqia maksimale e gasit (W):\u00a04600<\/p>\n<p>P\u00ebrmasat GjxTh n\u00eb mm:\u00a0580&#215;510<\/p>\n<p>&nbsp;<\/p>\n","protected":false},"featured_media":3109,"template":"","meta":[],"product_brand":[],"product_cat":[179,183,69,38,40],"product_tag":[],"class_list":{"0":"post-3108","1":"product","2":"type-product","3":"status-publish","4":"has-post-thumbnail","6":"product_cat-gaselektrike","7":"product_cat-gaselektrike-2","8":"product_cat-gatim","9":"product_cat-inkaso","10":"product_cat-pjanure","11":"description-off","13":"first","14":"instock","15":"shipping-taxable","16":"product-type-simple"},"_links":{"self":[{"href":"https:\/\/jb-electronics.al\/index.php\/wp-json\/wp\/v2\/product\/3108","targetHints":{"allow":["GET"]}}],"collection":[{"href":"https:\/\/jb-electronics.al\/index.php\/wp-json\/wp\/v2\/product"}],"about":[{"href":"https:\/\/jb-electronics.al\/index.php\/wp-json\/wp\/v2\/types\/product"}],"wp:featuredmedia":[{"embeddable":true,"href":"https:\/\/jb-electronics.al\/index.php\/wp-json\/wp\/v2\/media\/3109"}],"wp:attachment":[{"href":"https:\/\/jb-electronics.al\/index.php\/wp-json\/wp\/v2\/media?parent=3108"}],"wp:term":[{"taxonomy":"product_brand","embeddable":true,"href":"https:\/\/jb-electronics.al\/index.php\/wp-json\/wp\/v2\/product_brand?post=3108"},{"taxonomy":"product_cat","embeddable":true,"href":"https:\/\/jb-electronics.al\/index.php\/wp-json\/wp\/v2\/product_cat?post=3108"},{"taxonomy":"product_tag","embeddable":true,"href":"https:\/\/jb-electronics.al\/index.php\/wp-json\/wp\/v2\/product_tag?post=3108"}],"curies":[{"name":"wp","href":"https:\/\/api.w.org\/{rel}","templated":true}]}}