{"id":3106,"date":"2022-06-17T09:01:29","date_gmt":"2022-06-17T09:01:29","guid":{"rendered":"https:\/\/jb-electronics.al\/?post_type=product&#038;p=3106"},"modified":"2022-09-05T08:23:26","modified_gmt":"2022-09-05T08:23:26","slug":"pjanure-ecolux-pdc70fr","status":"publish","type":"product","link":"https:\/\/jb-electronics.al\/index.php\/product\/pjanure-ecolux-pdc70fr\/","title":{"rendered":"Pjanur\u00eb ECOLUX PDC70FR"},"content":{"rendered":"","protected":false},"excerpt":{"rendered":"<p><strong>Specifika teknike<\/strong><\/p>\n<p>Marka: Ecolux<\/p>\n<p>Pllaka: 4 \u2013 1 express<\/p>\n<p>Koh\u00ebmates: Po<\/p>\n<p>Slider control sensor<\/p>\n<p>Cel\u00ebs p\u00ebr femij\u00eb: Po<\/p>\n<p>P\u00ebrmasat: 57x53cm \u2013 Standard<\/p>\n<p>Rrethi INOX<\/p>\n","protected":false},"featured_media":3107,"template":"","meta":[],"product_brand":[],"product_cat":[176,180,69,38,40],"product_tag":[],"class_list":{"0":"post-3106","1":"product","2":"type-product","3":"status-publish","4":"has-post-thumbnail","6":"product_cat-elektrike-3","7":"product_cat-elektrike-4","8":"product_cat-gatim","9":"product_cat-inkaso","10":"product_cat-pjanure","11":"description-off","13":"first","14":"instock","15":"shipping-taxable","16":"product-type-simple"},"_links":{"self":[{"href":"https:\/\/jb-electronics.al\/index.php\/wp-json\/wp\/v2\/product\/3106","targetHints":{"allow":["GET"]}}],"collection":[{"href":"https:\/\/jb-electronics.al\/index.php\/wp-json\/wp\/v2\/product"}],"about":[{"href":"https:\/\/jb-electronics.al\/index.php\/wp-json\/wp\/v2\/types\/product"}],"wp:featuredmedia":[{"embeddable":true,"href":"https:\/\/jb-electronics.al\/index.php\/wp-json\/wp\/v2\/media\/3107"}],"wp:attachment":[{"href":"https:\/\/jb-electronics.al\/index.php\/wp-json\/wp\/v2\/media?parent=3106"}],"wp:term":[{"taxonomy":"product_brand","embeddable":true,"href":"https:\/\/jb-electronics.al\/index.php\/wp-json\/wp\/v2\/product_brand?post=3106"},{"taxonomy":"product_cat","embeddable":true,"href":"https:\/\/jb-electronics.al\/index.php\/wp-json\/wp\/v2\/product_cat?post=3106"},{"taxonomy":"product_tag","embeddable":true,"href":"https:\/\/jb-electronics.al\/index.php\/wp-json\/wp\/v2\/product_tag?post=3106"}],"curies":[{"name":"wp","href":"https:\/\/api.w.org\/{rel}","templated":true}]}}