{"id":3104,"date":"2022-06-17T08:58:54","date_gmt":"2022-06-17T08:58:54","guid":{"rendered":"https:\/\/jb-electronics.al\/?post_type=product&#038;p=3104"},"modified":"2022-09-05T08:24:36","modified_gmt":"2022-09-05T08:24:36","slug":"pjanure-ecolux-pdc65bevs","status":"publish","type":"product","link":"https:\/\/jb-electronics.al\/index.php\/product\/pjanure-ecolux-pdc65bevs\/","title":{"rendered":"Pjanur\u00eb ECOLUX PDC65BEVS"},"content":{"rendered":"","protected":false},"excerpt":{"rendered":"<p><strong>Specifika teknike<\/strong><\/p>\n<p>Marka: Ecolux<\/p>\n<p>Pllaka: 4 \u2013 1 express<\/p>\n<p>Koh\u00ebmat\u00ebs: Po<\/p>\n<p>Slider control sensor<\/p>\n<p>Cel\u00ebs p\u00ebr f\u00ebmij\u00eb: Po<\/p>\n<p>P\u00ebrmasat :57 x 53 cm \u2013 Standart<\/p>\n","protected":false},"featured_media":3105,"template":"","meta":[],"product_brand":[],"product_cat":[176,180,69,38,40],"product_tag":[],"class_list":{"0":"post-3104","1":"product","2":"type-product","3":"status-publish","4":"has-post-thumbnail","6":"product_cat-elektrike-3","7":"product_cat-elektrike-4","8":"product_cat-gatim","9":"product_cat-inkaso","10":"product_cat-pjanure","11":"description-off","13":"first","14":"instock","15":"shipping-taxable","16":"product-type-simple"},"_links":{"self":[{"href":"https:\/\/jb-electronics.al\/index.php\/wp-json\/wp\/v2\/product\/3104","targetHints":{"allow":["GET"]}}],"collection":[{"href":"https:\/\/jb-electronics.al\/index.php\/wp-json\/wp\/v2\/product"}],"about":[{"href":"https:\/\/jb-electronics.al\/index.php\/wp-json\/wp\/v2\/types\/product"}],"wp:featuredmedia":[{"embeddable":true,"href":"https:\/\/jb-electronics.al\/index.php\/wp-json\/wp\/v2\/media\/3105"}],"wp:attachment":[{"href":"https:\/\/jb-electronics.al\/index.php\/wp-json\/wp\/v2\/media?parent=3104"}],"wp:term":[{"taxonomy":"product_brand","embeddable":true,"href":"https:\/\/jb-electronics.al\/index.php\/wp-json\/wp\/v2\/product_brand?post=3104"},{"taxonomy":"product_cat","embeddable":true,"href":"https:\/\/jb-electronics.al\/index.php\/wp-json\/wp\/v2\/product_cat?post=3104"},{"taxonomy":"product_tag","embeddable":true,"href":"https:\/\/jb-electronics.al\/index.php\/wp-json\/wp\/v2\/product_tag?post=3104"}],"curies":[{"name":"wp","href":"https:\/\/api.w.org\/{rel}","templated":true}]}}