{"id":3094,"date":"2022-06-17T08:46:31","date_gmt":"2022-06-17T08:46:31","guid":{"rendered":"https:\/\/jb-electronics.al\/?post_type=product&#038;p=3094"},"modified":"2022-09-05T09:52:58","modified_gmt":"2022-09-05T09:52:58","slug":"pjanure-electrolux-ehf-6140fok","status":"publish","type":"product","link":"https:\/\/jb-electronics.al\/index.php\/product\/pjanure-electrolux-ehf-6140fok\/","title":{"rendered":"Pjanur\u00eb ELECTROLUX  EHF 6140FOK"},"content":{"rendered":"","protected":false},"excerpt":{"rendered":"<p><strong>Specifika teknike<\/strong><\/p>\n<div class=\"ty-product-feature\"><span class=\"ty-product-feature__label\">Marka:<\/span> Electrolux<\/div>\n<div class=\"ty-product-feature\"><span class=\"ty-product-feature__label\">Modeli:<\/span> EHF 6140 FOK<\/div>\n<div class=\"ty-product-feature\"><span class=\"ty-product-feature__label\">Lloji i suprines:<\/span> Elektrike<\/div>\n<div class=\"ty-product-feature\"><span class=\"ty-product-feature__label\">Kontrolli:<\/span> Mekanik me celsa<\/div>\n<div class=\"ty-product-feature\"><span class=\"ty-product-feature__label\">Nr. i zonave:<\/span> 4 zona<\/div>\n<div class=\"ty-product-feature\">\n<div class=\"ty-product-feature\"><span class=\"ty-product-feature__label\">Zon\u00eb e palimituar:<\/span> Jo<\/div>\n<div class=\"ty-product-feature\"><span class=\"ty-product-feature__label\">Koh\u00ebmat\u00ebs:<\/span> Po<\/div>\n<div class=\"ty-product-feature\"><span class=\"ty-product-feature__label\">Bllokim p\u00ebr f\u00ebmij\u00ebt:<\/span>\u00a0Po<\/div>\n<div class=\"ty-product-feature\"><span class=\"ty-product-feature__label\">Valvul sigurie p\u00ebr gazin:<\/span> Jo<\/div>\n<div class=\"ty-product-feature\"><span class=\"ty-product-feature__label\">Fikje automatike:<\/span> Po<\/div>\n<div class=\"ty-product-feature\"><span class=\"ty-product-feature__label\">STOP &amp; GO:<\/span> Po<\/div>\n<div class=\"ty-product-feature\"><span class=\"ty-product-feature__label\">Tregues i nxeht\u00ebsis\u00eb s\u00eb mbetur:<\/span> Po<\/div>\n<div class=\"ty-product-feature\"><span class=\"ty-product-feature__label\">Ngarkesa totale elektrike:<\/span> 6 kw<\/div>\n<div class=\"ty-product-feature\"><span class=\"ty-product-feature__label\">P\u00ebrmasat:<\/span> 60 cm<\/div>\n<\/div>\n","protected":false},"featured_media":3098,"template":"","meta":[],"product_brand":[],"product_cat":[176,180,69,38,40],"product_tag":[],"class_list":{"0":"post-3094","1":"product","2":"type-product","3":"status-publish","4":"has-post-thumbnail","6":"product_cat-elektrike-3","7":"product_cat-elektrike-4","8":"product_cat-gatim","9":"product_cat-inkaso","10":"product_cat-pjanure","11":"description-off","13":"first","14":"instock","15":"shipping-taxable","16":"product-type-simple"},"_links":{"self":[{"href":"https:\/\/jb-electronics.al\/index.php\/wp-json\/wp\/v2\/product\/3094","targetHints":{"allow":["GET"]}}],"collection":[{"href":"https:\/\/jb-electronics.al\/index.php\/wp-json\/wp\/v2\/product"}],"about":[{"href":"https:\/\/jb-electronics.al\/index.php\/wp-json\/wp\/v2\/types\/product"}],"wp:featuredmedia":[{"embeddable":true,"href":"https:\/\/jb-electronics.al\/index.php\/wp-json\/wp\/v2\/media\/3098"}],"wp:attachment":[{"href":"https:\/\/jb-electronics.al\/index.php\/wp-json\/wp\/v2\/media?parent=3094"}],"wp:term":[{"taxonomy":"product_brand","embeddable":true,"href":"https:\/\/jb-electronics.al\/index.php\/wp-json\/wp\/v2\/product_brand?post=3094"},{"taxonomy":"product_cat","embeddable":true,"href":"https:\/\/jb-electronics.al\/index.php\/wp-json\/wp\/v2\/product_cat?post=3094"},{"taxonomy":"product_tag","embeddable":true,"href":"https:\/\/jb-electronics.al\/index.php\/wp-json\/wp\/v2\/product_tag?post=3094"}],"curies":[{"name":"wp","href":"https:\/\/api.w.org\/{rel}","templated":true}]}}