{"id":3092,"date":"2022-06-17T08:41:43","date_gmt":"2022-06-17T08:41:43","guid":{"rendered":"https:\/\/jb-electronics.al\/?post_type=product&#038;p=3092"},"modified":"2022-09-05T09:51:27","modified_gmt":"2022-09-05T09:51:27","slug":"pjanure-electrolux-egd6576nok","status":"publish","type":"product","link":"https:\/\/jb-electronics.al\/index.php\/product\/pjanure-electrolux-egd6576nok\/","title":{"rendered":"Pjanur\u00eb ELECTROLUX EGD6576NOK"},"content":{"rendered":"","protected":false},"excerpt":{"rendered":"<p><strong>Specifika teknike<\/strong><\/p>\n<div class=\"ty-product-feature\"><span class=\"ty-product-feature__label\">Marka:<\/span> Electrolux<\/div>\n<div class=\"ty-product-feature\"><span class=\"ty-product-feature__label\">Modeli:<\/span> EGD 6576 NOK<\/div>\n<div class=\"ty-product-feature\"><span class=\"ty-product-feature__label\">Lloji i suprines:<\/span> Induksion\/Gaz<\/div>\n<div class=\"ty-product-feature\"><span class=\"ty-product-feature__label\">Kontrolli:<\/span> Prekje\/Celsa<\/div>\n<div class=\"ty-product-feature\"><span class=\"ty-product-feature__label\">Materiali:<\/span> Qeramike<\/div>\n<div class=\"ty-product-feature\"><span class=\"ty-product-feature__label\">Nr. i zonave:<\/span> 4 zona(2 Induksion+2gaz)<\/div>\n<div class=\"ty-product-feature\">\n<div class=\"ty-product-feature\"><span class=\"ty-product-feature__label\">Zon\u00eb e palimituar:<\/span> Jo<\/div>\n<div class=\"ty-product-feature\"><span class=\"ty-product-feature__label\">Koh\u00ebmat\u00ebs:<\/span> Po<\/div>\n<div class=\"ty-product-feature\"><span class=\"ty-product-feature__label\">Bllokim p\u00ebr f\u00ebmij\u00ebt:<\/span>\u00a0Po<\/div>\n<div class=\"ty-product-feature\"><span class=\"ty-product-feature__label\">Valvul sigurie p\u00ebr gazin:<\/span> Jo<\/div>\n<div class=\"ty-product-feature\"><span class=\"ty-product-feature__label\">Fikje automatike:<\/span> Po<\/div>\n<div class=\"ty-product-feature\"><span class=\"ty-product-feature__label\">STOP &amp; GO:<\/span> Po<\/div>\n<div class=\"ty-product-feature\"><span class=\"ty-product-feature__label\">Tregues i nxeht\u00ebsis\u00eb s\u00eb mbetur:<\/span> Po<\/div>\n<div class=\"ty-product-feature\"><span class=\"ty-product-feature__label\">Ngarkesa totale elektrike:<\/span> 3.7 kw<\/div>\n<div class=\"ty-product-feature\"><span class=\"ty-product-feature__label\">P\u00ebrmasat:<\/span> 60 cm<\/div>\n<\/div>\n","protected":false},"featured_media":3096,"template":"","meta":[],"product_brand":[],"product_cat":[179,183,69,38,40],"product_tag":[],"class_list":{"0":"post-3092","1":"product","2":"type-product","3":"status-publish","4":"has-post-thumbnail","6":"product_cat-gaselektrike","7":"product_cat-gaselektrike-2","8":"product_cat-gatim","9":"product_cat-inkaso","10":"product_cat-pjanure","11":"description-off","13":"first","14":"instock","15":"shipping-taxable","16":"product-type-simple"},"_links":{"self":[{"href":"https:\/\/jb-electronics.al\/index.php\/wp-json\/wp\/v2\/product\/3092","targetHints":{"allow":["GET"]}}],"collection":[{"href":"https:\/\/jb-electronics.al\/index.php\/wp-json\/wp\/v2\/product"}],"about":[{"href":"https:\/\/jb-electronics.al\/index.php\/wp-json\/wp\/v2\/types\/product"}],"wp:featuredmedia":[{"embeddable":true,"href":"https:\/\/jb-electronics.al\/index.php\/wp-json\/wp\/v2\/media\/3096"}],"wp:attachment":[{"href":"https:\/\/jb-electronics.al\/index.php\/wp-json\/wp\/v2\/media?parent=3092"}],"wp:term":[{"taxonomy":"product_brand","embeddable":true,"href":"https:\/\/jb-electronics.al\/index.php\/wp-json\/wp\/v2\/product_brand?post=3092"},{"taxonomy":"product_cat","embeddable":true,"href":"https:\/\/jb-electronics.al\/index.php\/wp-json\/wp\/v2\/product_cat?post=3092"},{"taxonomy":"product_tag","embeddable":true,"href":"https:\/\/jb-electronics.al\/index.php\/wp-json\/wp\/v2\/product_tag?post=3092"}],"curies":[{"name":"wp","href":"https:\/\/api.w.org\/{rel}","templated":true}]}}