{"id":3082,"date":"2022-06-17T08:27:13","date_gmt":"2022-06-17T08:27:13","guid":{"rendered":"https:\/\/jb-electronics.al\/?post_type=product&#038;p=3082"},"modified":"2022-09-05T09:00:22","modified_gmt":"2022-09-05T09:00:22","slug":"pjanure-aeg-hk654070xb","status":"publish","type":"product","link":"https:\/\/jb-electronics.al\/index.php\/product\/pjanure-aeg-hk654070xb\/","title":{"rendered":"Pjanur\u00eb AEG HK654070XB"},"content":{"rendered":"","protected":false},"excerpt":{"rendered":"<p><strong>Specifika teknike<\/strong><\/p>\n<div class=\"ty-product-feature\"><span class=\"ty-product-feature__label\">Marka:<\/span> AEG<\/div>\n<div class=\"ty-product-feature\"><span class=\"ty-product-feature__label\">Modeli:<\/span> HK 654070 XB<\/div>\n<div class=\"ty-product-feature\"><span class=\"ty-product-feature__label\">Lloji i suprin\u00ebs:<\/span> Elektrike<\/div>\n<div class=\"ty-product-feature\"><span class=\"ty-product-feature__label\">Kontrolli:<\/span> Elektronik me prekje<\/div>\n<div class=\"ty-product-feature\"><span class=\"ty-product-feature__label\">Materiali:<\/span> Qeramik\/Inox<\/div>\n<div class=\"ty-product-feature\"><span class=\"ty-product-feature__label\">Nr. i zonave:<\/span> 4 zona(zon\u00eb e trefisht\u00eb+ovale)<\/div>\n<div class=\"ty-product-feature\"><span class=\"ty-product-feature__label\">Zon\u00eb e palimituar:<\/span> Jo<\/div>\n<div class=\"ty-product-feature\"><span class=\"ty-product-feature__label\">Koh\u00ebmat\u00ebs:<\/span> Po<\/div>\n<div class=\"ty-product-feature\"><span class=\"ty-product-feature__label\">Bllokim p\u00ebr f\u00ebmij\u00ebt:<\/span> Po<\/div>\n<div class=\"ty-product-feature\"><span class=\"ty-product-feature__label\">Valvul sigurie p\u00ebr gazin:<\/span> Jo<\/div>\n<div class=\"ty-product-feature\"><span class=\"ty-product-feature__label\">Fikje automatike:<\/span> Po<\/div>\n<div class=\"ty-product-feature\"><span class=\"ty-product-feature__label\">STOP &amp; GO:<\/span> Po<\/div>\n<div class=\"ty-product-feature\"><span class=\"ty-product-feature__label\">Tregues i nxeht\u00ebsis\u00eb s\u00eb mbetur:<\/span> Po<\/div>\n<div class=\"ty-product-feature\"><span class=\"ty-product-feature__label\">Ngarkesa totale elektrike:<\/span> 7.1 kw<\/div>\n<div class=\"ty-product-feature\"><span class=\"ty-product-feature__label\">P\u00ebrmasa:<\/span> 60 cm<\/div>\n","protected":false},"featured_media":3083,"template":"","meta":[],"product_brand":[],"product_cat":[176,180,69,38,40],"product_tag":[],"class_list":{"0":"post-3082","1":"product","2":"type-product","3":"status-publish","4":"has-post-thumbnail","6":"product_cat-elektrike-3","7":"product_cat-elektrike-4","8":"product_cat-gatim","9":"product_cat-inkaso","10":"product_cat-pjanure","11":"description-off","13":"first","14":"instock","15":"shipping-taxable","16":"product-type-simple"},"_links":{"self":[{"href":"https:\/\/jb-electronics.al\/index.php\/wp-json\/wp\/v2\/product\/3082","targetHints":{"allow":["GET"]}}],"collection":[{"href":"https:\/\/jb-electronics.al\/index.php\/wp-json\/wp\/v2\/product"}],"about":[{"href":"https:\/\/jb-electronics.al\/index.php\/wp-json\/wp\/v2\/types\/product"}],"wp:featuredmedia":[{"embeddable":true,"href":"https:\/\/jb-electronics.al\/index.php\/wp-json\/wp\/v2\/media\/3083"}],"wp:attachment":[{"href":"https:\/\/jb-electronics.al\/index.php\/wp-json\/wp\/v2\/media?parent=3082"}],"wp:term":[{"taxonomy":"product_brand","embeddable":true,"href":"https:\/\/jb-electronics.al\/index.php\/wp-json\/wp\/v2\/product_brand?post=3082"},{"taxonomy":"product_cat","embeddable":true,"href":"https:\/\/jb-electronics.al\/index.php\/wp-json\/wp\/v2\/product_cat?post=3082"},{"taxonomy":"product_tag","embeddable":true,"href":"https:\/\/jb-electronics.al\/index.php\/wp-json\/wp\/v2\/product_tag?post=3082"}],"curies":[{"name":"wp","href":"https:\/\/api.w.org\/{rel}","templated":true}]}}