{"id":3034,"date":"2022-06-14T07:32:10","date_gmt":"2022-06-14T07:32:10","guid":{"rendered":"https:\/\/jb-electronics.al\/?post_type=product&#038;p=3034"},"modified":"2022-09-05T09:55:18","modified_gmt":"2022-09-05T09:55:18","slug":"furre-whirlpool-w90p24s2h","status":"publish","type":"product","link":"https:\/\/jb-electronics.al\/index.php\/product\/furre-whirlpool-w90p24s2h\/","title":{"rendered":"Furr\u00eb WHIRLPOOL W90P24S2H"},"content":{"rendered":"","protected":false},"excerpt":{"rendered":"<p><strong>Specifika teknike<\/strong><\/p>\n<p>marka: Whirlpool<\/p>\n<p>Tipi i furr\u00ebs: Multifunksionues<\/p>\n<p>Kontrolli elektronik<\/p>\n<p>P\u00ebrdorimi me prekje<\/p>\n<p>Shina teleskopike 2 nivele<\/p>\n<p>Sistemi i pastrimit t\u00eb avullit: Smart Clean<\/p>\n<p>Ndarjet e der\u00ebs: 3 xhama<\/p>\n<p>Ndricimi i brendsh\u00ebm: 1 llamb\u00eb an\u00ebsore<\/p>\n<p>V\u00ebllimi furr\u00ebs: 73L<\/p>\n<p>Veshje mbrojt\u00ebse kund\u00ebr gjurm\u00ebve t\u00eb gisht\u00ebrinjve<\/p>\n<p>Klasa e energjis\u00eb: A++<\/p>\n<p>Fuqia e pjekjes n\u00eb sgar\u00eb: 2450W<\/p>\n<p>Konsumi i energjis\u00eb: 3650W<\/p>\n<p>Frekuenza: 50-60Hz<\/p>\n<p>&nbsp;<\/p>\n<p>&nbsp;<\/p>\n","protected":false},"featured_media":3035,"template":"","meta":[],"product_brand":[],"product_cat":[20,45,73,69,38],"product_tag":[],"class_list":{"0":"post-3034","1":"product","2":"type-product","3":"status-publish","4":"has-post-thumbnail","6":"product_cat-furr","7":"product_cat-furre","8":"product_cat-furre-2","9":"product_cat-gatim","10":"product_cat-inkaso","11":"description-off","13":"first","14":"instock","15":"shipping-taxable","16":"product-type-simple"},"_links":{"self":[{"href":"https:\/\/jb-electronics.al\/index.php\/wp-json\/wp\/v2\/product\/3034","targetHints":{"allow":["GET"]}}],"collection":[{"href":"https:\/\/jb-electronics.al\/index.php\/wp-json\/wp\/v2\/product"}],"about":[{"href":"https:\/\/jb-electronics.al\/index.php\/wp-json\/wp\/v2\/types\/product"}],"wp:featuredmedia":[{"embeddable":true,"href":"https:\/\/jb-electronics.al\/index.php\/wp-json\/wp\/v2\/media\/3035"}],"wp:attachment":[{"href":"https:\/\/jb-electronics.al\/index.php\/wp-json\/wp\/v2\/media?parent=3034"}],"wp:term":[{"taxonomy":"product_brand","embeddable":true,"href":"https:\/\/jb-electronics.al\/index.php\/wp-json\/wp\/v2\/product_brand?post=3034"},{"taxonomy":"product_cat","embeddable":true,"href":"https:\/\/jb-electronics.al\/index.php\/wp-json\/wp\/v2\/product_cat?post=3034"},{"taxonomy":"product_tag","embeddable":true,"href":"https:\/\/jb-electronics.al\/index.php\/wp-json\/wp\/v2\/product_tag?post=3034"}],"curies":[{"name":"wp","href":"https:\/\/api.w.org\/{rel}","templated":true}]}}