{"id":3022,"date":"2022-06-11T08:15:20","date_gmt":"2022-06-11T08:15:20","guid":{"rendered":"https:\/\/jb-electronics.al\/?post_type=product&#038;p=3022"},"modified":"2022-09-05T09:56:43","modified_gmt":"2022-09-05T09:56:43","slug":"furre-gorex-m600-hx","status":"publish","type":"product","link":"https:\/\/jb-electronics.al\/index.php\/product\/furre-gorex-m600-hx\/","title":{"rendered":"Furr\u00eb GOREX M600 HX"},"content":{"rendered":"","protected":false},"excerpt":{"rendered":"<p><strong>Specifika teknike<\/strong><\/p>\n<table class=\"product_details_table\">\n<tbody>\n<tr>\n<td class=\"label\">Klasi A<\/td>\n<td><\/td>\n<\/tr>\n<tr>\n<td class=\"label\">Volumi 56 L<\/td>\n<td><\/td>\n<\/tr>\n<tr>\n<td class=\"label\">Temp max 270\u00b0C<\/td>\n<td><\/td>\n<\/tr>\n<tr>\n<td class=\"label\">Vetpastrim<\/td>\n<td><\/td>\n<\/tr>\n<tr>\n<td class=\"label\">Essential Line<\/td>\n<td><\/td>\n<\/tr>\n<tr>\n<td class=\"label\">BigSpace &#8211; 56 L SuperSize M\u00eb shum\u00eb hap\u00ebsir\u00eb p\u00ebr pjekje<\/td>\n<td><\/td>\n<\/tr>\n<tr>\n<td class=\"label\">PerfectGrill<\/td>\n<td><\/td>\n<\/tr>\n<tr>\n<td class=\"label\">Forma e butonave<\/td>\n<td>Cel\u00ebsa q\u00eb futen brenda<\/td>\n<\/tr>\n<tr>\n<td class=\"label\">Klasi i energjis\u00eb<\/td>\n<td>A<\/td>\n<\/tr>\n<tr>\n<td class=\"label\">Ngjyra<\/td>\n<td>Ngjyra e \u00e7elikut<\/td>\n<\/tr>\n<tr>\n<td class=\"label\">Ngjyra e dorez\u00ebs<\/td>\n<td>Ngjyra e \u00e7elikut<\/td>\n<\/tr>\n<tr>\n<td class=\"label\">Materiali i panelit t\u00eb kontrollit<\/td>\n<td>\u00c7elik inox<\/td>\n<\/tr>\n<tr>\n<td class=\"label\">Volumi i furr\u00ebs<\/td>\n<td>56 L<\/td>\n<\/tr>\n<\/tbody>\n<\/table>\n","protected":false},"featured_media":3023,"template":"","meta":[],"product_brand":[],"product_cat":[20,45,73,171,69,38],"product_tag":[],"class_list":{"0":"post-3022","1":"product","2":"type-product","3":"status-publish","4":"has-post-thumbnail","6":"product_cat-furr","7":"product_cat-furre","8":"product_cat-furre-2","9":"product_cat-furre-inkaso","10":"product_cat-gatim","11":"product_cat-inkaso","12":"description-off","14":"first","15":"instock","16":"shipping-taxable","17":"product-type-simple"},"_links":{"self":[{"href":"https:\/\/jb-electronics.al\/index.php\/wp-json\/wp\/v2\/product\/3022","targetHints":{"allow":["GET"]}}],"collection":[{"href":"https:\/\/jb-electronics.al\/index.php\/wp-json\/wp\/v2\/product"}],"about":[{"href":"https:\/\/jb-electronics.al\/index.php\/wp-json\/wp\/v2\/types\/product"}],"wp:featuredmedia":[{"embeddable":true,"href":"https:\/\/jb-electronics.al\/index.php\/wp-json\/wp\/v2\/media\/3023"}],"wp:attachment":[{"href":"https:\/\/jb-electronics.al\/index.php\/wp-json\/wp\/v2\/media?parent=3022"}],"wp:term":[{"taxonomy":"product_brand","embeddable":true,"href":"https:\/\/jb-electronics.al\/index.php\/wp-json\/wp\/v2\/product_brand?post=3022"},{"taxonomy":"product_cat","embeddable":true,"href":"https:\/\/jb-electronics.al\/index.php\/wp-json\/wp\/v2\/product_cat?post=3022"},{"taxonomy":"product_tag","embeddable":true,"href":"https:\/\/jb-electronics.al\/index.php\/wp-json\/wp\/v2\/product_tag?post=3022"}],"curies":[{"name":"wp","href":"https:\/\/api.w.org\/{rel}","templated":true}]}}