{"id":2960,"date":"2022-06-08T10:18:34","date_gmt":"2022-06-08T10:18:34","guid":{"rendered":"https:\/\/jb-electronics.al\/?post_type=product&#038;p=2960"},"modified":"2022-09-15T08:30:31","modified_gmt":"2022-09-15T08:30:31","slug":"lavatrice-samsung-ww70t302mbs","status":"publish","type":"product","link":"https:\/\/jb-electronics.al\/index.php\/product\/lavatrice-samsung-ww70t302mbs\/","title":{"rendered":"Lavatrice SAMSUNG WW70T302MBS"},"content":{"rendered":"","protected":false},"excerpt":{"rendered":"<p><strong>Specifika teknike<\/strong><\/p>\n<p>Marka: Samsung<\/p>\n<p>Energjia: A+++<\/p>\n<p>Kapaciteti: 7KG<\/p>\n<p>Rrotullime: 1200 RPM<\/p>\n<p>Opsionet: Drum Clean<\/p>\n<p>Programe: 14<\/p>\n<p>Ekran Komandimi LED<\/p>\n<p>Niveli i Zhurm\u00ebs 73dB<\/p>\n<p>K\u00ebmb\u00eb me nivele<\/p>\n<p>Digital Inverter<\/p>\n<p>Baby Care<\/p>\n<p>Quick Wash \u2013 Pre Wash<\/p>\n<p>Hapja e gjer\u00eb e der\u00ebs<\/p>\n<p>\u00c7el\u00ebsin p\u00ebr f\u00ebmij\u00eb<\/p>\n<p>P\u00ebrmasat: 85x60x55cm<\/p>\n","protected":false},"featured_media":3756,"template":"","meta":[],"product_brand":[],"product_cat":[76,23,130],"product_tag":[],"class_list":{"0":"post-2960","1":"product","2":"type-product","3":"status-publish","4":"has-post-thumbnail","6":"product_cat-larja","7":"product_cat-lavatrice","8":"product_cat-lavatrice-2","9":"description-off","11":"first","12":"instock","13":"shipping-taxable","14":"product-type-simple"},"_links":{"self":[{"href":"https:\/\/jb-electronics.al\/index.php\/wp-json\/wp\/v2\/product\/2960","targetHints":{"allow":["GET"]}}],"collection":[{"href":"https:\/\/jb-electronics.al\/index.php\/wp-json\/wp\/v2\/product"}],"about":[{"href":"https:\/\/jb-electronics.al\/index.php\/wp-json\/wp\/v2\/types\/product"}],"wp:featuredmedia":[{"embeddable":true,"href":"https:\/\/jb-electronics.al\/index.php\/wp-json\/wp\/v2\/media\/3756"}],"wp:attachment":[{"href":"https:\/\/jb-electronics.al\/index.php\/wp-json\/wp\/v2\/media?parent=2960"}],"wp:term":[{"taxonomy":"product_brand","embeddable":true,"href":"https:\/\/jb-electronics.al\/index.php\/wp-json\/wp\/v2\/product_brand?post=2960"},{"taxonomy":"product_cat","embeddable":true,"href":"https:\/\/jb-electronics.al\/index.php\/wp-json\/wp\/v2\/product_cat?post=2960"},{"taxonomy":"product_tag","embeddable":true,"href":"https:\/\/jb-electronics.al\/index.php\/wp-json\/wp\/v2\/product_tag?post=2960"}],"curies":[{"name":"wp","href":"https:\/\/api.w.org\/{rel}","templated":true}]}}