{"id":2958,"date":"2022-06-08T09:58:27","date_gmt":"2022-06-08T09:58:27","guid":{"rendered":"https:\/\/jb-electronics.al\/?post_type=product&#038;p=2958"},"modified":"2022-09-15T08:29:03","modified_gmt":"2022-09-15T08:29:03","slug":"lavatrice-aeg-l6feg49s","status":"publish","type":"product","link":"https:\/\/jb-electronics.al\/index.php\/product\/lavatrice-aeg-l6feg49s\/","title":{"rendered":"Lavatrice AEG L6FEG49S"},"content":{"rendered":"","protected":false},"excerpt":{"rendered":"<p><strong>Specifika teknike<\/strong><\/p>\n<div class=\"ty-product-feature\"><span class=\"ty-product-feature__label\">Marka:<\/span> AEG<\/div>\n<div class=\"ty-product-feature\"><span class=\"ty-product-feature__label\">Modeli:<\/span> L 6FEG49S<\/div>\n<div class=\"ty-product-feature\"><span class=\"ty-product-feature__label\">Kapaciteti i larjes:<\/span> 9 kg<\/div>\n<div class=\"ty-product-feature\"><span class=\"ty-product-feature__label\">Shpejtesia max e centrifuges:<\/span> 1400 rpm<\/div>\n<div class=\"ty-product-feature\"><span class=\"ty-product-feature__label\">Klasa e energjis\u00eb:<\/span> A+++<\/div>\n<div class=\"ty-product-feature\"><span class=\"ty-product-feature__label\">Klasa e perfomrnaces s\u00eb larjes:<\/span> A<\/div>\n<div class=\"ty-product-feature\"><span class=\"ty-product-feature__label\">Teknologjia e motorrit:<\/span> Inverter<\/div>\n<div class=\"ty-product-feature\"><span class=\"ty-product-feature__label\">M\u00ebnyra e kontrollit:<\/span> Elektro-Mekanike<\/div>\n<div class=\"ty-product-feature\"><span class=\"ty-product-feature__label\">Instalimi:<\/span> Me q\u00ebndrim t\u00eb lir\u00eb<\/div>\n<div class=\"ty-product-feature\"><span class=\"ty-product-feature__label\">Display:<\/span> Po<\/div>\n<div class=\"ty-product-feature\"><span class=\"ty-product-feature__label\">Sensor peshe:<\/span> Po<\/div>\n<div class=\"ty-product-feature\"><span class=\"ty-product-feature__label\">Paralarje:<\/span> Po<\/div>\n<div class=\"ty-product-feature\"><span class=\"ty-product-feature__label\">Nisje e vonuar:<\/span> Po<\/div>\n<div class=\"ty-product-feature\"><span class=\"ty-product-feature__label\">Bllokim paneli:<\/span> Po<\/div>\n<div class=\"ty-product-feature\"><span class=\"ty-product-feature__label\">Programim i koh\u00ebs:<\/span> Po<\/div>\n<div class=\"ty-product-feature\"><span class=\"ty-product-feature__label\">Hapja e der\u00ebs:<\/span> Normale<\/div>\n<div class=\"ty-product-feature\"><span class=\"ty-product-feature__label\">Numri i programeve:<\/span> 14 programe<\/div>\n<div class=\"ty-product-feature\"><span class=\"ty-product-feature__label\">Programim me avull:<\/span> Jo<\/div>\n<div class=\"ty-product-feature\"><span class=\"ty-product-feature__label\">Programe speciale:<\/span> Delikate,Outdoor,Te leshtat etj<\/div>\n<div class=\"ty-product-feature\"><span class=\"ty-product-feature__label\">Materiali i kazanit:<\/span> Carboran<\/div>\n<div class=\"ty-product-feature\"><span class=\"ty-product-feature__label\">Niveli i zhurm\u00ebs:<\/span> 51 dB<\/div>\n<div class=\"ty-product-feature\"><span class=\"ty-product-feature__label\">P\u00ebrmasat:<\/span> 85x60x63 ( max. 66 cm )<\/div>\n<div class=\"ty-product-feature\"><\/div>\n","protected":false},"featured_media":3755,"template":"","meta":[],"product_brand":[],"product_cat":[76,23,130],"product_tag":[],"class_list":{"0":"post-2958","1":"product","2":"type-product","3":"status-publish","4":"has-post-thumbnail","6":"product_cat-larja","7":"product_cat-lavatrice","8":"product_cat-lavatrice-2","9":"description-off","11":"first","12":"instock","13":"shipping-taxable","14":"product-type-simple"},"_links":{"self":[{"href":"https:\/\/jb-electronics.al\/index.php\/wp-json\/wp\/v2\/product\/2958","targetHints":{"allow":["GET"]}}],"collection":[{"href":"https:\/\/jb-electronics.al\/index.php\/wp-json\/wp\/v2\/product"}],"about":[{"href":"https:\/\/jb-electronics.al\/index.php\/wp-json\/wp\/v2\/types\/product"}],"wp:featuredmedia":[{"embeddable":true,"href":"https:\/\/jb-electronics.al\/index.php\/wp-json\/wp\/v2\/media\/3755"}],"wp:attachment":[{"href":"https:\/\/jb-electronics.al\/index.php\/wp-json\/wp\/v2\/media?parent=2958"}],"wp:term":[{"taxonomy":"product_brand","embeddable":true,"href":"https:\/\/jb-electronics.al\/index.php\/wp-json\/wp\/v2\/product_brand?post=2958"},{"taxonomy":"product_cat","embeddable":true,"href":"https:\/\/jb-electronics.al\/index.php\/wp-json\/wp\/v2\/product_cat?post=2958"},{"taxonomy":"product_tag","embeddable":true,"href":"https:\/\/jb-electronics.al\/index.php\/wp-json\/wp\/v2\/product_tag?post=2958"}],"curies":[{"name":"wp","href":"https:\/\/api.w.org\/{rel}","templated":true}]}}